{"id":908,"date":"2017-12-07T11:00:49","date_gmt":"2017-12-07T19:00:49","guid":{"rendered":"https:\/\/www.caliente.mx\/mas\/?page_id=908"},"modified":"2023-05-19T08:33:23","modified_gmt":"2023-05-19T08:33:23","slug":"ayuda","status":"publish","type":"page","link":"https:\/\/www.betcha.pa\/mas\/ayuda\/","title":{"rendered":"Ayuda"},"content":{"rendered":"\n<p>Si tienes sugerencias, preguntas o comentarios contacta con nuestro equipo de soporte, disponible a trav\u00e9s de:<\/p>\n\n\n\n<h3 class=\"wp-block-heading\">Correo electr\u00f3nico<\/h3>\n\n\n\n<p><a href=\"mailto:soporte@betcha.pa\">soporte@betcha.pa<\/a><\/p>\n\n\n\n<p>Mande sus dudas v\u00eda correo electr\u00f3nico, un asesor le atender\u00e1 desde las 08:00h hasta las 23:59h, hora de Panam\u00e1. Solo el chat y las l\u00edneas telef\u00f3nicas est\u00e1n disponibles en este per\u00edodo, pero puede enviarnos un correo electr\u00f3nico cuando lo desee y le responderemos lo antes posible.<\/p>\n\n\n\n<h3 class=\"wp-block-heading\">N\u00famero telef\u00f3nico:<\/h3>\n\n\n\n<p>Hable por tel\u00e9fono con un asesor +507-302-6868<\/p>\n\n\n\n<h3 class=\"wp-block-heading\">Direcci\u00f3n postal:<\/h3>\n\n\n\n<p>PH Plaza Real, Oficina 403, Corregimiento de Juan D\u00edaz, Rep\u00fablica de Panam\u00e1<\/p>\n","protected":false},"excerpt":{"rendered":"<p>Si tienes sugerencias, preguntas o comentarios contacta con nuestro equipo de soporte, disponible a trav\u00e9s de: Correo electr\u00f3nico soporte@betcha.pa Mande sus dudas v\u00eda correo electr\u00f3nico, un asesor le atender\u00e1 desde las 08:00h hasta las 23:59h, hora de Panam\u00e1. Solo el chat y las l\u00edneas telef\u00f3nicas est\u00e1n disponibles en este per\u00edodo, pero puede enviarnos un correo [&hellip;]<\/p>\n","protected":false},"author":37,"featured_media":128472,"parent":0,"menu_order":0,"comment_status":"closed","ping_status":"closed","template":"","meta":{"_acf_changed":false,"footnotes":""},"categories":[],"class_list":["post-908","page","type-page","status-publish","has-post-thumbnail","hentry"],"acf":[],"_links":{"self":[{"href":"https:\/\/www.betcha.pa\/mas\/wp-json\/wp\/v2\/pages\/908","targetHints":{"allow":["GET"]}}],"collection":[{"href":"https:\/\/www.betcha.pa\/mas\/wp-json\/wp\/v2\/pages"}],"about":[{"href":"https:\/\/www.betcha.pa\/mas\/wp-json\/wp\/v2\/types\/page"}],"author":[{"embeddable":true,"href":"https:\/\/www.betcha.pa\/mas\/wp-json\/wp\/v2\/users\/37"}],"replies":[{"embeddable":true,"href":"https:\/\/www.betcha.pa\/mas\/wp-json\/wp\/v2\/comments?post=908"}],"version-history":[{"count":2,"href":"https:\/\/www.betcha.pa\/mas\/wp-json\/wp\/v2\/pages\/908\/revisions"}],"predecessor-version":[{"id":128501,"href":"https:\/\/www.betcha.pa\/mas\/wp-json\/wp\/v2\/pages\/908\/revisions\/128501"}],"wp:featuredmedia":[{"embeddable":true,"href":"https:\/\/www.betcha.pa\/mas\/wp-json\/wp\/v2\/media\/128472"}],"wp:attachment":[{"href":"https:\/\/www.betcha.pa\/mas\/wp-json\/wp\/v2\/media?parent=908"}],"wp:term":[{"taxonomy":"category","embeddable":true,"href":"https:\/\/www.betcha.pa\/mas\/wp-json\/wp\/v2\/categories?post=908"}],"curies":[{"name":"wp","href":"https:\/\/api.w.org\/{rel}","templated":true}]}}