{"id":129146,"date":"2025-04-23T07:58:15","date_gmt":"2025-04-23T07:58:15","guid":{"rendered":"https:\/\/www.betcha.pa\/mas\/?page_id=129146"},"modified":"2025-05-14T05:42:06","modified_gmt":"2025-05-14T05:42:06","slug":"la-champions-esta-que-arde","status":"publish","type":"page","link":"https:\/\/www.betcha.pa\/mas\/promociones\/la-champions-esta-que-arde\/","title":{"rendered":"\u00a1La Champions est\u00e1 que arde!"},"content":{"rendered":"\n<p>\u00a1La Champions est\u00e1 que arde!<\/p>\n\n\n\n<p>Los duros del f\u00fatbol europeo se miden en semifinales, y t\u00fa no te puedes quedar por fuera.<\/p>\n\n\n\n<p>Tenemos una promo que te va a gustar:<\/p>\n\n\n\n<p>\ud83d\udd39 Apuesta $10 en cualquier partido del 29 o 30 de abril<\/p>\n\n\n\n<p>\ud83d\udd39 Y recibe una APUESTA GRATIS de $5 pa\u2019 los juegos del 6 y 7 de mayo<\/p>\n\n\n\n<p>Juega de manera f\u00e1cil, r\u00e1pida y pon a prueba tu conocimiento<\/p>\n\n\n\n<p>\u00bfVas a dejar que te lo cuenten? \u00a1M\u00e9tele t\u00fa tambi\u00e9n!<\/p>\n\n\n\n<p style=\"font-size:26px\"><strong>T\u00e9rminos y Condiciones<\/strong>:<\/p>\n\n\n\n<ol class=\"wp-block-list\">\n<li>La oferta es v\u00e1lida para apuestas realizadas en la Liga de Campeones entre las 15:00 horas del 25 de abril y las 15:00 horas del 30 de abril.<\/li>\n\n\n\n<li>Se requiere una apuesta m\u00ednima simple o combinada (Parlay) de $10.<\/li>\n\n\n\n<li>Solo aplica para partidos de la Liga de Campeones del 29 y 30 de abril, en cualquier mercado deportivo, con cuota m\u00ednima de 2.00 (+100) para apuestas simples o cuota m\u00ednima combinada de 4.00 (+500) para apuestas combinadas.<\/li>\n\n\n\n<li>Las apuestas combinadas solo pueden contener selecciones de los partidos de la Liga de Campeones del 29 y 30 de abril.<\/li>\n\n\n\n<li>La apuesta gratis de $5 solo est\u00e1 disponible para usar en partidos de la Liga de Campeones que se jugar\u00e1n el 6 y 7 de mayo.<\/li>\n\n\n\n<li>Las apuestas gratis est\u00e1n condicionados a participaci\u00f3n. El importe m\u00e1ximo que se puede retirar como ganancias netas de la apuesta gratis es de $100.<\/li>\n\n\n\n<li>La apuesta clasificatoria debe realizarse con saldo de dinero real. El uso de fondos de bonificaci\u00f3n o apuestas gratuitas no se contabilizar\u00e1 para la apuesta clasificatoria.<\/li>\n\n\n\n<li>La apuesta gratis se acreditar\u00e1 una vez liquidada la apuesta clasificatoria.<\/li>\n\n\n\n<li>Las apuestas gratis se pueden utilizar para apuestas combinadas y simples.<\/li>\n\n\n\n<li>Las apuestas gratis solo est\u00e1n disponibles para los mercados previos al partido.<\/li>\n\n\n\n<li>Cualquier apuesta calificada que sea cerrada antes de la finalizaci\u00f3n del evento o nula no calificar\u00e1 para esta oferta.<\/li>\n\n\n\n<li>El importe de la apuesta gratuita no se devolver\u00e1 con ninguna ganancia.<\/li>\n\n\n\n<li>Al solicitar un retiro de las ganancias de la apuesta gratis deber\u00e1 enviar los documentos necesarios para validar su cuenta y procesar su retiro.<\/li>\n\n\n\n<li>La apuesta gratis se otorgar\u00e1 autom\u00e1ticamente dentro de las 72 horas posteriores a la liquidaci\u00f3n de la apuesta calificada.<\/li>\n\n\n\n<li>La apuesta gratis no est\u00e1 disponible si una transacci\u00f3n de retiro se encuentra pendiente.<\/li>\n\n\n\n<li>La apuesta gratis de $5 no se puede dividir en diferentes apuestas. Solo se puede usar en una apuesta simple o combinada.<\/li>\n\n\n\n<li>Cualquier restante de la apuesta gratis sin utilizar al t\u00e9rmino de este periodo, ser\u00e1 retirado de la cuenta del usuario.<\/li>\n\n\n\n<li>Si desea realizar un retiro antes de cumplir con los requisitos de apuesta, se perder\u00e1 su ganancia acumulada, el monto de la bonificaci\u00f3n y la apuesta gratis.<\/li>\n\n\n\n<li>Betcha.pa se reserva el derecho de cancelar la apuesta gratis y cualquier ganancia en caso de que sospeche que los clientes poseen registros de cuentas duplicadas con el \u00fanico prop\u00f3sito de reclamar este bono.<\/li>\n\n\n\n<li>Betcha.pa se reserva el derecho de dar de baja o modificar las condiciones de esta promoci\u00f3n en caso de presentarse alguna intermitencia t\u00e9cnica, tecnol\u00f3gica, ajena a nuestro funcionamiento durante el desarrollo de la actividad, en donde se notificar\u00e1 al usuario dicha novedad, respetando los premios logrados por los participantes.<\/li>\n\n\n\n<li>Betcha.pa se reserva el derecho para solicitar alg\u00fan dato, informaci\u00f3n, documento o comprobante adicional a efectos de validar la identidad del usuario, confirmar la titularidad de la cuenta y legitimidad de las apuestas realizadas, para hacer efectiva la acreditaci\u00f3n del bono promocional.<\/li>\n\n\n\n<li>Para los usuarios participantes en donde se detecte alg\u00fan movimiento o transacci\u00f3n dudosa a ra\u00edz de la apuesta gratis obtenida en esta promoci\u00f3n, sea de forma individual o en grupo, Betcha.pa podr\u00e1 prescindir la entrega del premio y suspender sus cuentas de juego con el fin de verificar su identidad y la veracidad de la informaci\u00f3n suministrada al momento del registro en la plataforma.<\/li>\n\n\n\n<li>Aplican los t\u00e9rminos y condiciones de bonos Betcha.pa.<\/li>\n\n\n\n<li>Jugar Responsablemente tambi\u00e9n es parte del juego.<\/li>\n<\/ol>\n","protected":false},"excerpt":{"rendered":"<p>\u00a1La Champions est\u00e1 que arde! Los duros del f\u00fatbol europeo se miden en semifinales, y t\u00fa no te puedes quedar por fuera. Tenemos una promo que te va a gustar: \ud83d\udd39 Apuesta $10 en cualquier partido del 29 o 30 de abril \ud83d\udd39 Y recibe una APUESTA GRATIS de $5 pa\u2019 los juegos del 6 [&hellip;]<\/p>\n","protected":false},"author":38,"featured_media":129154,"parent":38,"menu_order":0,"comment_status":"closed","ping_status":"closed","template":"","meta":{"_acf_changed":false,"footnotes":""},"categories":[],"class_list":["post-129146","page","type-page","status-publish","has-post-thumbnail","hentry"],"acf":[],"_links":{"self":[{"href":"https:\/\/www.betcha.pa\/mas\/wp-json\/wp\/v2\/pages\/129146","targetHints":{"allow":["GET"]}}],"collection":[{"href":"https:\/\/www.betcha.pa\/mas\/wp-json\/wp\/v2\/pages"}],"about":[{"href":"https:\/\/www.betcha.pa\/mas\/wp-json\/wp\/v2\/types\/page"}],"author":[{"embeddable":true,"href":"https:\/\/www.betcha.pa\/mas\/wp-json\/wp\/v2\/users\/38"}],"replies":[{"embeddable":true,"href":"https:\/\/www.betcha.pa\/mas\/wp-json\/wp\/v2\/comments?post=129146"}],"version-history":[{"count":1,"href":"https:\/\/www.betcha.pa\/mas\/wp-json\/wp\/v2\/pages\/129146\/revisions"}],"predecessor-version":[{"id":129147,"href":"https:\/\/www.betcha.pa\/mas\/wp-json\/wp\/v2\/pages\/129146\/revisions\/129147"}],"up":[{"embeddable":true,"href":"https:\/\/www.betcha.pa\/mas\/wp-json\/wp\/v2\/pages\/38"}],"wp:featuredmedia":[{"embeddable":true,"href":"https:\/\/www.betcha.pa\/mas\/wp-json\/wp\/v2\/media\/129154"}],"wp:attachment":[{"href":"https:\/\/www.betcha.pa\/mas\/wp-json\/wp\/v2\/media?parent=129146"}],"wp:term":[{"taxonomy":"category","embeddable":true,"href":"https:\/\/www.betcha.pa\/mas\/wp-json\/wp\/v2\/categories?post=129146"}],"curies":[{"name":"wp","href":"https:\/\/api.w.org\/{rel}","templated":true}]}}