{"id":129097,"date":"2025-01-21T09:52:23","date_gmt":"2025-01-21T09:52:23","guid":{"rendered":"https:\/\/www.betcha.pa\/mas\/?page_id=129097"},"modified":"2025-02-05T13:54:23","modified_gmt":"2025-02-05T13:54:23","slug":"888-suenos-de-ano-nuevo","status":"publish","type":"page","link":"https:\/\/www.betcha.pa\/mas\/promociones\/888-suenos-de-ano-nuevo\/","title":{"rendered":"888 Sue\u00f1os de A\u00f1o Nuevo"},"content":{"rendered":"\n<p>\u00a1Celebra el A\u00f1o Nuevo Chino 2025 con un toque festivo en el casino Betcha! Para conmemorar la ocasi\u00f3n, ofrecemos una promoci\u00f3n exclusiva donde podr\u00e1s ganar 88 giros gratis todos los d\u00edas al apostar $500 en nuestra emocionante selecci\u00f3n de tragamonedas. Durante el periodo promocional de 10 d\u00edas, tendr\u00e1s la oportunidad de recoger un total de 888 giros gratis, lo que te dar\u00e1 muchas oportunidades para ganar en grande mientras celebras el A\u00f1o del Drag\u00f3n. \u00a1No te pierdas esta incre\u00edble oportunidad de mejorar tu experiencia de juego y hacer que este A\u00f1o Nuevo Chino sea inolvidable! \u00a1Comienza a girar hoy y deja que fluya la buena fortuna!<\/p>\n\n\n\n<div class=\"row\">\n<div class=\"col-md-6\">\n  <a class=\"btn btn-primary btn-lg btn-block\" style=\"background-color: #00e000;color: #001b32;font-weight: 800;margin-top: 15px; width: 12em\" target=\"_blank\" href=\"https:\/\/www.betcha.pa\/casino\/promociones\/888-suenos-de-ano-nuevo\" rel=\"noopener\">VERIFICA AQU\u00cd<\/a>\n<\/div>\n<\/div>\n<p>&nbsp;<\/p>\n\n\n\n<p style=\"font-size:26px\"><strong>T\u00e9rminos y Condiciones:<\/strong><\/p>\n\n\n\n<ol class=\"wp-block-list\">\n<li>La promoci\u00f3n es v\u00e1lida desde las 09:00 horas del 23 de enero hasta las 23:59 horas del 1 de febrero.<\/li>\n\n\n\n<li>Los jugadores deben apostar $500 en juegos de tragamonedas seleccionados para recibir 88 giros gratis.<\/li>\n\n\n\n<li>El bono se puede reclamar una vez al d\u00eda durante el per\u00edodo promocional.<\/li>\n\n\n\n<li>Un total de 888 giros gratis est\u00e1n disponibles para reclamar durante el per\u00edodo promocional.<\/li>\n\n\n\n<li>Juegos de tragamonedas participantes: Legacy of the Tiger, Oink Oink Oink, 3 Wizards, Silent Samurai Mega Cash Collect y Eternal Lady.<\/li>\n\n\n\n<li>Debes ser mayor de 18 a\u00f1os y residente de la Rep\u00fablica de Panam\u00e1 para participar en nuestras promociones.<\/li>\n\n\n\n<li>La oferta no est\u00e1 disponible para los jugadores que realicen su primer dep\u00f3sito.<\/li>\n\n\n\n<li>Tenga en cuenta que, para retirar las ganancias de este bono, deber\u00e1 cumplir con los requisitos de apuesta (ver m\u00e1s abajo). Por favor, tenlo en cuenta antes de introducir el c\u00f3digo promocional y aceptar esta oferta.<\/li>\n\n\n\n<li>Si no eres elegible para recibir bonos, pero te gustar\u00eda comenzar a recibirlos, comun\u00edcate con nuestro equipo de atenci\u00f3n al cliente 302-6868<\/li>\n\n\n\n<li>Despu\u00e9s de aceptar los t\u00e9rminos y condiciones, los usuarios deben ingresar a uno de los juegos participantes para poder usar su bono.<\/li>\n\n\n\n<li>Despu\u00e9s de aceptar los t\u00e9rminos y condiciones, los usuarios tendr\u00e1n que esperar a que se cargue el juego y luego podr\u00e1n usar su bono de giros gratis.<\/li>\n\n\n\n<li>Para poder retirar las ganancias obtenidas con este bono, se debe apostar x40 veces.<\/li>\n\n\n\n<li>El valor de cada tirada gratis es de $0,10.<\/li>\n\n\n\n<li>Los bonos no est\u00e1n disponibles si hay una transacci\u00f3n de retiro pendiente.<\/li>\n\n\n\n<li>Se aplican los t\u00e9rminos y condiciones generales de los bonos.<\/li>\n\n\n\n<li>Los giros gratis otorgados son v\u00e1lidos por un per\u00edodo de 3 d\u00edas.<\/li>\n\n\n\n<li>Cualquier bono restante y\/o no utilizado al final de este per\u00edodo se eliminar\u00e1 de la cuenta del usuario.<\/li>\n\n\n\n<li>Si desea realizar un retiro antes de cumplir con los requisitos de apuesta, perder\u00e1 sus ganancias acumuladas, el monto del bono y la oferta del bono.<\/li>\n\n\n\n<li>En caso de cualquier fallo, equivocaci\u00f3n, malentendido o disputa relacionada con el funcionamiento de cualquier parte de la promoci\u00f3n, la decisi\u00f3n de Betcha.pa ser\u00e1 definitiva.<\/li>\n\n\n\n<li>Betcha.pa se reserva el derecho para solicitar alg\u00fan dato, informaci\u00f3n, documento o comprobante adicional a efectos de validar la identidad del usuario, confirmar la titularidad de la cuenta y legitimidad de las apuestas realizadas, previo a la efectiva acreditaci\u00f3n del bono premio. En caso de detectarse alguna inconsistencia.<\/li>\n\n\n\n<li>Betcha.pa se reserva el derecho de dar de baja o modificar las condiciones de esta promoci\u00f3n en caso de presentarse alguna intermitencia t\u00e9cnica, tecnol\u00f3gica, ajena a nuestro funcionamiento durante el desarrollo de la actividad, en donde se notificar\u00e1 al usuario dicha novedad, respetando los premios logrados por los participantes.<\/li>\n\n\n\n<li>Para los usuarios participantes en donde se detecte alg\u00fan movimiento o transacci\u00f3n dudosa a ra\u00edz de la participaci\u00f3n del promocional sea de forma individual o en grupo, Betcha.pa podr\u00e1 prescindir de la entrega del bono o premio, podr\u00e1 suspender sus cuentas de juego con el fin de verificar su identidad y la veracidad de la informaci\u00f3n suministrada al momento del registro en la plataforma.<\/li>\n\n\n\n<li>Los T\u00e9rminos y Condiciones Generales y Deportivos de la plataforma Betcha.pa hacen parte integral del presente documento.<\/li>\n\n\n\n<li>Con la participaci\u00f3n en este promocional el usuario declara haber le\u00eddo y aceptado estos t\u00e9rminos y condiciones.<\/li>\n\n\n\n<li>Estos t\u00e9rminos y condiciones son v\u00e1lidos para Panam\u00e1<\/li>\n\n\n\n<li>Jugar responsablemente tambi\u00e9n es parte del juego<\/li>\n<\/ol>\n","protected":false},"excerpt":{"rendered":"<p>\u00a1Celebra el A\u00f1o Nuevo Chino 2025 con un toque festivo en el casino Betcha! Para conmemorar la ocasi\u00f3n, ofrecemos una promoci\u00f3n exclusiva donde podr\u00e1s ganar 88 giros gratis todos los d\u00edas al apostar $500 en nuestra emocionante selecci\u00f3n de tragamonedas. Durante el periodo promocional de 10 d\u00edas, tendr\u00e1s la oportunidad de recoger un total de [&hellip;]<\/p>\n","protected":false},"author":38,"featured_media":129096,"parent":38,"menu_order":2,"comment_status":"closed","ping_status":"closed","template":"","meta":{"_acf_changed":false,"footnotes":""},"categories":[],"class_list":["post-129097","page","type-page","status-publish","has-post-thumbnail","hentry"],"acf":[],"_links":{"self":[{"href":"https:\/\/www.betcha.pa\/mas\/wp-json\/wp\/v2\/pages\/129097","targetHints":{"allow":["GET"]}}],"collection":[{"href":"https:\/\/www.betcha.pa\/mas\/wp-json\/wp\/v2\/pages"}],"about":[{"href":"https:\/\/www.betcha.pa\/mas\/wp-json\/wp\/v2\/types\/page"}],"author":[{"embeddable":true,"href":"https:\/\/www.betcha.pa\/mas\/wp-json\/wp\/v2\/users\/38"}],"replies":[{"embeddable":true,"href":"https:\/\/www.betcha.pa\/mas\/wp-json\/wp\/v2\/comments?post=129097"}],"version-history":[{"count":2,"href":"https:\/\/www.betcha.pa\/mas\/wp-json\/wp\/v2\/pages\/129097\/revisions"}],"predecessor-version":[{"id":129100,"href":"https:\/\/www.betcha.pa\/mas\/wp-json\/wp\/v2\/pages\/129097\/revisions\/129100"}],"up":[{"embeddable":true,"href":"https:\/\/www.betcha.pa\/mas\/wp-json\/wp\/v2\/pages\/38"}],"wp:featuredmedia":[{"embeddable":true,"href":"https:\/\/www.betcha.pa\/mas\/wp-json\/wp\/v2\/media\/129096"}],"wp:attachment":[{"href":"https:\/\/www.betcha.pa\/mas\/wp-json\/wp\/v2\/media?parent=129097"}],"wp:term":[{"taxonomy":"category","embeddable":true,"href":"https:\/\/www.betcha.pa\/mas\/wp-json\/wp\/v2\/categories?post=129097"}],"curies":[{"name":"wp","href":"https:\/\/api.w.org\/{rel}","templated":true}]}}