{"id":129046,"date":"2024-10-21T10:34:11","date_gmt":"2024-10-21T10:34:11","guid":{"rendered":"https:\/\/www.betcha.pa\/mas\/?page_id=129046"},"modified":"2024-10-30T08:11:51","modified_gmt":"2024-10-30T08:11:51","slug":"gol-y-gana-real-madrid-vs-barcelona","status":"publish","type":"page","link":"https:\/\/www.betcha.pa\/mas\/promociones\/gol-y-gana-real-madrid-vs-barcelona\/","title":{"rendered":"Gol y Gana &#8211; Real Madrid Vs Barcelona"},"content":{"rendered":"\n<p>Betcha.pa te ofrece una tarifa mejorada en tu primera apuesta con nosotros, en el partido <strong>Real Madrid vs Barcelona del 26 de octubre de 2024<\/strong>, si seleccionas &#8220;<em><strong>Cualquier equipo anota<\/strong><\/em>&#8220;.<\/p>\n\n\n\n<p>Promoci\u00f3n v\u00e1lida desde el jueves 24 de octubre de 2024 a las 00:00 hasta el s\u00e1bado 26 de octubre a las 13:59 (hora de inicio por confirmar).<\/p>\n\n\n\n<p>\u00a1Tarifa mejorada con Betcha.pa!<\/p>\n\n\n\n<p>Realice su apuesta en el mercado &#8220;<em><strong>Cualquier equipo anota<\/strong><\/em>&#8221; de exactamente $ 10 y si alg\u00fan equipo anota, obtendr\u00e1 una cuota de 2,50 en su apuesta.<\/p>\n\n\n\n<p style=\"font-size:26px\"><strong>T\u00e9rminos y Condiciones:<\/strong><\/p>\n\n\n\n<ul class=\"wp-block-list\">\n<li>Esta promoci\u00f3n aplica para nuevos usuarios registrados en la plataforma Betcha.pa con cuenta activa, mayores de edad, que realicen una apuesta por primera vez en &#8220;Deportes&#8221; de la plataforma Betcha.pa y que cumplan con los t\u00e9rminos y condiciones establecidos en este documento.<\/li>\n\n\n\n<li>La tarifa mejorada se aplicar\u00e1 solo al partido de La Liga entre Real Madrid y Barcelona del 26 de octubre de 2024, en la opci\u00f3n o mercado &#8220;<em><strong>Cualquier equipo anota<\/strong><\/em>&#8220;.<\/li>\n\n\n\n<li>Esta promoci\u00f3n es v\u00e1lida solo para apuestas simples en pre-partido (1*) por un valor de $10.<\/li>\n\n\n\n<li>Solo los 90 minutos del tiempo reglamentario (incluido el tiempo extra a\u00f1adido por el \u00e1rbitro) son v\u00e1lidos a efectos de liquidaci\u00f3n de apuestas.<\/li>\n\n\n\n<li>Solo disponible para clientes que a\u00fan no hayan realizado su primer dep\u00f3sito.<\/li>\n\n\n\n<li>Solo la primera y \u00fanica apuesta por usuario en el evento ser\u00e1 v\u00e1lida para participar en esta promoci\u00f3n.<\/li>\n\n\n\n<li>Las apuestas que se retiran (2*) no contar\u00e1n para la promoci\u00f3n.<\/li>\n\n\n\n<li>Para aplicar a la promoci\u00f3n se debe definir el evento.<\/li>\n\n\n\n<li>Las ganancias se acreditar\u00e1n en el saldo del usuario, sin requisito de rollover (3*), dentro de las 48 horas posteriores a la finalizaci\u00f3n del evento.<\/li>\n\n\n\n<li>El importe cargado a la cuenta del usuario por el concepto de &#8220;Cuotas Mejoradas&#8221; es equivalente a las cuotas restantes.<\/li>\n\n\n\n<li>Ejemplo: Si apuestas $10 y la cuota es de 1,75, y esta mejora a 2,50 aplicando el c\u00f3digo promocional, en primer lugar, de la cuota de 1,75 recibir\u00e1s $17,50. Luego, los $7.5 correspondientes al premio restante por las cuotas mejoradas se cargar\u00e1n manualmente a la cuenta del juego; Por lo tanto, el total que recibir\u00e1 el usuario ser\u00e1 de $25.00 equivalente a 2.50.<\/li>\n\n\n\n<li>Betcha.pa reserva el derecho a cancelar o modificar las condiciones de la presente promoci\u00f3n en caso de producirse cualquier interrupci\u00f3n t\u00e9cnica o tecnol\u00f3gica fuera de nuestro control durante el desarrollo de la actividad, en cuyo caso se notificar\u00e1 al usuario dicha evoluci\u00f3n.<\/li>\n\n\n\n<li>Para los usuarios participantes en los que se detecte alg\u00fan movimiento o transacci\u00f3n dudosa como consecuencia de la participaci\u00f3n en la promoci\u00f3n, ya sea de forma individual o en grupo, Betcha.pa podr\u00e1n renunciar a la entrega del premio y podr\u00e1n suspender sus cuentas de juego con el fin de verificar su identidad y la veracidad de la informaci\u00f3n proporcionada en el momento del registro en la plataforma.<\/li>\n\n\n\n<li>Al participar en esta promoci\u00f3n, el usuario declara haber le\u00eddo y aceptado estos t\u00e9rminos y condiciones.<\/li>\n\n\n\n<li>Los T\u00e9rminos y Condiciones Generales de la plataforma Betcha.pa son parte integral de este documento<\/li>\n\n\n\n<li>Estos t\u00e9rminos y condiciones son v\u00e1lidos para Panam\u00e1.<\/li>\n<\/ul>\n\n\n\n<p>1 Pre-partido: Apuesta realizada antes del inicio de un evento.<\/p>\n\n\n\n<p>2 Retiro: Es el poder que tiene el operador para permitir que el usuario cierre su apuesta antes de tiempo.<\/p>\n\n\n\n<p>3 Rollover: Se refiere al n\u00famero de veces que un usuario debe jugar para liberar y usar el bono recibido.<\/p>\n","protected":false},"excerpt":{"rendered":"<p>Betcha.pa te ofrece una tarifa mejorada en tu primera apuesta con nosotros, en el partido Real Madrid vs Barcelona del 26 de octubre de 2024, si seleccionas &#8220;Cualquier equipo anota&#8220;. Promoci\u00f3n v\u00e1lida desde el jueves 24 de octubre de 2024 a las 00:00 hasta el s\u00e1bado 26 de octubre a las 13:59 (hora de inicio [&hellip;]<\/p>\n","protected":false},"author":38,"featured_media":129051,"parent":38,"menu_order":3,"comment_status":"closed","ping_status":"closed","template":"","meta":{"_acf_changed":false,"footnotes":""},"categories":[],"class_list":["post-129046","page","type-page","status-publish","has-post-thumbnail","hentry"],"acf":[],"_links":{"self":[{"href":"https:\/\/www.betcha.pa\/mas\/wp-json\/wp\/v2\/pages\/129046","targetHints":{"allow":["GET"]}}],"collection":[{"href":"https:\/\/www.betcha.pa\/mas\/wp-json\/wp\/v2\/pages"}],"about":[{"href":"https:\/\/www.betcha.pa\/mas\/wp-json\/wp\/v2\/types\/page"}],"author":[{"embeddable":true,"href":"https:\/\/www.betcha.pa\/mas\/wp-json\/wp\/v2\/users\/38"}],"replies":[{"embeddable":true,"href":"https:\/\/www.betcha.pa\/mas\/wp-json\/wp\/v2\/comments?post=129046"}],"version-history":[{"count":5,"href":"https:\/\/www.betcha.pa\/mas\/wp-json\/wp\/v2\/pages\/129046\/revisions"}],"predecessor-version":[{"id":129066,"href":"https:\/\/www.betcha.pa\/mas\/wp-json\/wp\/v2\/pages\/129046\/revisions\/129066"}],"up":[{"embeddable":true,"href":"https:\/\/www.betcha.pa\/mas\/wp-json\/wp\/v2\/pages\/38"}],"wp:featuredmedia":[{"embeddable":true,"href":"https:\/\/www.betcha.pa\/mas\/wp-json\/wp\/v2\/media\/129051"}],"wp:attachment":[{"href":"https:\/\/www.betcha.pa\/mas\/wp-json\/wp\/v2\/media?parent=129046"}],"wp:term":[{"taxonomy":"category","embeddable":true,"href":"https:\/\/www.betcha.pa\/mas\/wp-json\/wp\/v2\/categories?post=129046"}],"curies":[{"name":"wp","href":"https:\/\/api.w.org\/{rel}","templated":true}]}}