{"id":128948,"date":"2024-06-11T13:37:07","date_gmt":"2024-06-11T13:37:07","guid":{"rendered":"https:\/\/www.betcha.pa\/mas\/?page_id=128948"},"modified":"2024-07-16T08:56:41","modified_gmt":"2024-07-16T08:56:41","slug":"caja-misteriosa-en-la-fiesta-del-futbol","status":"publish","type":"page","link":"https:\/\/www.betcha.pa\/mas\/promociones\/caja-misteriosa-en-la-fiesta-del-futbol\/","title":{"rendered":"Caja Misteriosa en la Fiesta del F\u00fatbol"},"content":{"rendered":"\n<p>\u00a1Gana un crucero para 2 personas a las Bahamas!<\/p>\n\n\n\n<p>No querr\u00e1s perderte esta promoci\u00f3n,&nbsp;<strong>\u00a1podr\u00edas ganar un crucero a las Bahamas en nuestra nueva promoci\u00f3n de paquetes misteriosos!&nbsp;<\/strong>Adem\u00e1s, tenemos m\u00e1s de&nbsp;<strong>1,500 premios para regalar<\/strong>, incluyendo camisetas de la selecci\u00f3n de Panam\u00e1, camisetas de la selecci\u00f3n de Brasil, balones de f\u00fatbol de la EURO 2024 y mucho m\u00e1s.<\/p>\n\n\n\n<p>Estos incre\u00edbles premios estar\u00e1n disponibles a lo largo de los torneos de la Copa Am\u00e9rica y la Eurocopa 2024.<\/p>\n\n\n\n<p>Todo lo que tienes que hacer para tener la oportunidad de ganar es jugar los juegos seleccionados y el paquete se activar\u00e1 aleatoriamente para cualquier jugador que haya apostado dinero en efectivo en los \u00faltimos 30 segundos.<\/p>\n\n\n\n<h3 class=\"wp-block-heading\">\u00bfC\u00d3MO LO CONSIGO?<\/h3>\n\n\n\n<p>Todos los d\u00edas desde el viernes 14 de junio hasta el domingo 14 de julio de 2024.<\/p>\n\n\n\n<p>Haz tu apuesta en los juegos seleccionados para tener la oportunidad de recibir un paquete misterioso.<\/p>\n\n\n\n<p><strong>Juegos clasificatorios:<\/strong>&nbsp;Fire Blaze: Red Wizard\u2122, Fire Blaze: Blue Wizard\u2122, Fire Blaze: Green Wizard\u2122, &nbsp;Silver Bullet Bandit: Cash Collect\u2122, Oink Oink Oink \u2122&nbsp;, Fire Blaze\u2122: Adventure Trail\u2122, Football Cash collect\u2122, RoboCop Cash Collect \u2122.<\/p>\n\n\n\n<div class=\"row\">\n    <div class=\"col-md-6\">\n        <a class=\"btn btn-primary btn-lg btn-block\" style=\"background-color: #00e000;color: #001b32;font-weight: 800;margin-top: 15px; width: 12em\" target=\"_blank\" href=\"https:\/\/www.betcha.pa\/casino\/promociones\/caja-misteriosa-en-la-fiesta-del-futbol\" rel=\"noopener\">VERIFICA AQU\u00cd<\/a>\n    <\/div>\n<\/div>\n<p>&nbsp;<\/p>\n\n\n\n<div class=\"info_notification\" style=\"\n                                padding: 16px 20px;\n    background-color: #e5effa;\n    display: block;\n    border-radius: 8px;\n    border: #b3d2f2 1px solid;\n    text-align: center;\n    margin: 0 auto;\n                            \">\n            <i aria-hidden=\"true\" class=\"fa fa-info-circle\" style=\"color: #0168da; font-size: 1.2em\"><\/i> Promoci\u00f3n disponible\n            todos los d\u00edas <strong>desde las 09:00 EST del 14 de junio hasta el 14 de julio a las 23:59 EST<\/strong>\n        <\/div>\n\n\n\n<p style=\"font-size:26px\"><strong>T\u00e9rminos y Condiciones:<\/strong><\/p>\n\n\n\n<ol class=\"wp-block-list\">\n<li>Esta promoci\u00f3n aplica para aquellos usuarios registrados en la plataforma Betcha.pa en estado activo, mayores de edad que cumplan con los t\u00e9rminos y condiciones establecidos en este documento.<\/li>\n\n\n\n<li>La oferta es v\u00e1lida desde 09:00 EST 14\/06\/2024 hasta 23:59 EST 14\/07\/2024.<\/li>\n\n\n\n<li>Los jugadores deben inscribirse en esta promoci\u00f3n a trav\u00e9s de la p\u00e1gina promocional.<\/li>\n\n\n\n<li>Para tener la oportunidad de recibir una caja misteriosa, el usuario debe apostar en los siguientes juegos seleccionados:<br>\n<ul class=\"wp-block-list\">\n<li>Fire Blaze: Red Wizard\u2122<\/li>\n\n\n\n<li>Fire Blaze: Blue Wizard\u2122<\/li>\n\n\n\n<li>Fire Blaze: Green Wizard\u2122<\/li>\n\n\n\n<li>Silver Bullet Bandit: Cash Collect\u2122<\/li>\n\n\n\n<li>Oink Oink Oink \u2122<\/li>\n\n\n\n<li>Fire Blaze\u2122: Adventure Trail\u2122<\/li>\n\n\n\n<li>Football Cash collect\u2122<\/li>\n\n\n\n<li>RoboCop Cash Collect \u2122<\/li>\n<\/ul>\n<\/li>\n<\/ol>\n\n\n\n<ol class=\"wp-block-list\" start=\"5\">\n<li>Las cajas misteriosas se activar\u00e1n aleatoriamente para cualquier usuario que haya apostado dinero real en cualquiera de los juegos seleccionados. Una vez que haya realizado una apuesta, el icono cambiar\u00e1 de color durante 30 segundos y se desbloquear\u00e1 la opci\u00f3n de abrir la caja misteriosa.<\/li>\n\n\n\n<li>Solo ser\u00e1n v\u00e1lidas las apuestas realizadas con saldo de cuenta de dinero real, no se aplican las apuestas con saldo de dinero de bonificaci\u00f3n<\/li>\n\n\n\n<li>La promoci\u00f3n se ejecutar\u00e1 diariamente durante el per\u00edodo promocional y el usuario podr\u00e1 acceder a varias cajas misteriosas al d\u00eda.<\/li>\n\n\n\n<li>Los premios se otorgar\u00e1n de forma aleatoria y la caja misteriosa puede contener o no diferentes premios para el usuario.<\/li>\n\n\n\n<li>Los ganadores de esta promoci\u00f3n ser\u00e1n seleccionados por el generador de n\u00fameros aleatorios (RNG).<\/li>\n\n\n\n<li>Los premios incluyen giros gratis, camisetas de equipos, balones de f\u00fatbol y un crucero que se distribuir\u00e1 de la siguiente manera:<\/li>\n<\/ol>\n\n\n\n<div class=\"row justify-content-center\">\n    <table class=\"GeneratedTable\">\n\t\t\t\t<thead>\n\t\t\t\t\t<tr>\n\t\t\t\t\t\t<th>\n\t\t\t\t\t\t\tPremio<\/th>\n\t\t\t\t\t\t<th>\n\t\t\t\t\t\t\tCantidad disponible<\/th>\n\t\t\t\t\t<\/tr>\n\t\t\t\t<\/thead>\n\t\t\t\t<tbody>\n\t\t\t\t\t<tr>\n\t\t\t\t\t\t<td>\n\t\t\t\t\t\t\tCrucero a Bahamas<\/td>\n\t\t\t\t\t\t<td>\n\t\t\t\t\t\t\tX1<\/td>\n\t\t\t\t\t<\/tr>\n\t\t\t\t\t<tr>\n\t\t\t\t\t\t<td>\n\t\t\t\t\t\t\tCamisa Panam\u00e1<\/td>\n\t\t\t\t\t\t<td>\n\t\t\t\t\t\t\tX5<\/td>\n\t\t\t\t\t<\/tr>\n\t\t\t\t\t<tr>\n\t\t\t\t\t\t<td>\n\t\t\t\t\t\t\tCamiseta de Brasil<\/td>\n\t\t\t\t\t\t<td>\n\t\t\t\t\t\t\tX5<\/td>\n\t\t\t\t\t<\/tr>\n\t\t\t\t\t<tr>\n\t\t\t\t\t\t<td>\n\t\t\t\t\t\t\tCamiseta Espa\u00f1a<\/td>\n\t\t\t\t\t\t<td>\n\t\t\t\t\t\t\tX5<\/td>\n\t\t\t\t\t<\/tr>\n\t\t\t\t\t<tr>\n\t\t\t\t\t\t<td>\n\t\t\t\t\t\t\tBal\u00f3n Copa Am\u00e9rica 2024<\/td>\n\t\t\t\t\t\t<td>\n\t\t\t\t\t\t\tX5<\/td>\n\t\t\t\t\t<\/tr>\n\t\t\t\t\t<tr>\n\t\t\t\t\t\t<td>\n\t\t\t\t\t\t\tBal\u00f3n Eurocopa 2024<\/td>\n\t\t\t\t\t\t<td>\n\t\t\t\t\t\t\tX5<\/td>\n\t\t\t\t\t<\/tr>\n\t\t\t\t\t<tr>\n\t\t\t\t\t\t<td>\n\t\t\t\t\t\t\t10 Giros Gratis<\/td>\n\t\t\t\t\t\t<td>\n\t\t\t\t\t\t\tx500<\/td>\n\t\t\t\t\t<\/tr>\n\t\t\t\t\t<tr>\n\t\t\t\t\t\t<td>\n\t\t\t\t\t\t\t5 Giros Gratis<\/td>\n\t\t\t\t\t\t<td>\n\t\t\t\t\t\t\tx1000<\/td>\n\t\t\t\t\t<\/tr>\n\t\t\t\t<\/tbody>\n\t\t\t<\/table><\/div>\n\n\n\n<ul class=\"wp-block-list\">\n<li>Si el ganador del crucero opta por el premio en efectivo el dinero se le depositar\u00e1 en su cuenta en betcha.pa (XXXXXX VALOR)<\/li>\n\n\n\n<li>Si el cliente opta por el Crucero tiene 30 d\u00edas calendario para confirmar mediante correo electr\u00f3nico la fecha en que utilizar\u00e1 su premio, sujeta a disponibilidad. La confirmaci\u00f3n por parte del clliente debe ser al menos 30 dias calendario antes de la fecha de inicio del viaje.<\/li>\n\n\n\n<li>Todo ganador tiene 30 d\u00edas para contactarse con nuestro departamento de servicio al cliente al 302-6868, enviar correo electr\u00f3nico y retirar el premio.<\/li>\n\n\n\n<li>El cliente acepta el uso de su imagen en la entrega del premio para ser utilizada en todas las redes sociales y medios de comunicaci\u00f3n masivos.<\/li>\n<\/ul>\n\n\n\n<ol class=\"wp-block-list\" start=\"11\">\n<li>Para los premios f\u00edsicos, los ganadores recibir\u00e1n un mensaje emergente que les pedir\u00e1 que env\u00eden un correo electr\u00f3nico a soporte@betcha.pa con sus datos personales, n\u00famero de tel\u00e9fono, celular y copia de su documento de identidad personal para coordinar la entrega de los premios.<\/li>\n\n\n\n<li>Para cargar los giros gratis, el usuario deber\u00e1 hacer clic en &#8220;Aceptar&#8221; o &#8220;Rechazar&#8221; los t\u00e9rminos y condiciones que aparecer\u00e1n en un mensaje emergente en la cuenta del juego, para lo cual tendr\u00e1 un (1) d\u00eda calendario para aceptarlos.<\/li>\n\n\n\n<li>Los giros gratis se otorgar\u00e1n una vez que se acepten los t\u00e9rminos y condiciones y entrar\u00e1n en vigor en los juegos seleccionados mencionados en el punto 4.<\/li>\n\n\n\n<li>El saldo obtenido de estos giros gratis se reflejar\u00e1 como un bono promocional.<\/li>\n\n\n\n<li>Para liberar este bono promocional, el usuario tendr\u00e1 un (1) d\u00eda calendario para apostar un valor de 40 veces (Rollover X 40) el valor del bono a recibir.<\/li>\n\n\n\n<li>El usuario solo podr\u00e1 retirar el beneficio correspondiente a la promoci\u00f3n una vez se cumpla el Rollover establecido, de lo contrario se cancelar\u00e1 de su cuenta.<\/li>\n\n\n\n<li>Para llevar a cabo el Rollover X 40 se deben tener en cuenta las siguientes categor\u00edas de juegos y el respectivo porcentaje que se aplicar\u00e1 a cada una de ellas:<\/li>\n<\/ol>\n\n\n\n<div class=\"row justify-content-center\">\n    <table class=\"GeneratedTable\">\n\t\t\t\t<thead>\n\t\t\t\t\t<tr>\n\t\t\t\t\t\t<th>\n\t\t\t\t\t\t\tCategor\u00eda de Juegos<\/th>\n\t\t\t\t\t\t<th>\n\t\t\t\t\t\t\t% del valor<\/th>\n\t\t\t\t\t<\/tr>\n\t\t\t\t<\/thead>\n\t\t\t\t<tbody>\n\t\t\t\t\t<tr>\n\t\t\t\t\t\t<td>\n\t\t\t\t\t\t\tTodas los tragamonedas<\/td>\n\t\t\t\t\t\t<td>\n\t\t\t\t\t\t\t100%<\/td>\n\t\t\t\t\t<\/tr>\n\t\t\t\t\t<tr>\n\t\t\t\t\t\t<td>\n\t\t\t\t\t\t\tRuleta &#8211; bajo riesgo (la apuesta cubre mas del 60% \ufeffdel pa\u00f1o)<\/td>\n\t\t\t\t\t\t<td>\n\t\t\t\t\t\t\t0%<\/td>\n\t\t\t\t\t<\/tr>\n\t\t\t\t\t<tr>\n\t\t\t\t\t\t<td>\n\t\t\t\t\t\t\tRuleta &#8211; riesgo medio\ufeff (la apuesta cubre entre el 10% y el 60% \ufeffdel pa\u00f1o)<\/td>\n\t\t\t\t\t\t<td>\n\t\t\t\t\t\t\t10%<\/td>\n\t\t\t\t\t<\/tr>\n\t\t\t\t\t<tr>\n\t\t\t\t\t\t<td>\n\t\t\t\t\t\t\tRuleta &#8211; alto riesgo \ufeff(la apuesta cubre entre el 0% y el 10% \ufeffdel pa\u00f1o)<\/td>\n\t\t\t\t\t\t<td>\n\t\t\t\t\t\t\t25%<\/td>\n\t\t\t\t\t<\/tr>\n\t\t\t\t\t<tr>\n\t\t\t\t\t\t<td>\n\t\t\t\t\t\t\tCasino Hold&#8217;em &#8211; todos<\/td>\n\t\t\t\t\t\t<td>\n\t\t\t\t\t\t\t10%<\/td>\n\t\t\t\t\t<\/tr>\n\t\t\t\t\t<tr>\n\t\t\t\t\t\t<td>\n\t\t\t\t\t\t\tBlackjack &#8211; todos<\/td>\n\t\t\t\t\t\t<td>\n\t\t\t\t\t\t\t10%<\/td>\n\t\t\t\t\t<\/tr>\n\t\t\t\t\t<tr>\n\t\t\t\t\t\t<td>\n\t\t\t\t\t\t\tVideo POKER &#8211; todos<br>\n\t\t\t\t\t\t\tAge of Egypt | Kingdoms Rise: Captain&#8217;s Treasure | Kingdoms Rise: Chasm of Fear | A Night Out | Alchemists Lab | AP McCoy: Sporting Legends\u2122 | Captain&#8217;sTreasure | Classic Slot (Reels) | DesertTreasure | Diamond Valley | Dr. Lovemore | Easter Surprise | FootballRules | Fortune Day | Gaelic Luck | Goblin&#8217;s Cave | Golden Tour | Halloween Fortune | Highway Kings | Jungle Boogie | Lotto Madness | Neptune\u2019s Kingdom | Ocean Princess | RAY Numero keno | Reel Classic 5 | Ri Ri JinCai | Safecracker | SantaSurprise | Sinbad\u2019s Golden Voyage | Skazka Pro | Spud O&#8217;Reilly&#8217;s Cropsof Gold | Sultan\u2019s Fortune | Triple Profits | Tropic Reels | Ugga Bugga | Wild Gambler | Zhao Cai Tong Zi | Kingdoms Rise: Legion Uprising | Rulers of the World: Empire Treasures | Stallion Strike PowerPlay Jackpot | Xuan Pu Lian Huan | Nian Nian You Yu | Captain Treasure | Funky Monkey | Record Riches | Arowanas Luck | Honey Gems PowerPlay Jackpot | Better Wilds PowerPlay Jackpot | Egyptian Emeralds PowerPlay Jackpot | Storms of Ice PowerPlay Jackpot | Tiger Claws | Great Blue | Furious Four | Murder Mystery | Legacy Of The Wild | Tsai Shen&#8217;s Gift | Wild West Wilds<\/td>\n\t\t\t\t\t\t<td>\n\t\t\t\t\t\t\t10%<\/td>\n\t\t\t\t\t<\/tr>\n\t\t\t\t\t<tr>\n\t\t\t\t\t\t<td>\n\t\t\t\t\t\t\tBaccarat &#8211; todos<\/td>\n\t\t\t\t\t\t<td>\n\t\t\t\t\t\t\t0%<\/td>\n\t\t\t\t\t<\/tr>\n\t\t\t\t\t<tr>\n\t\t\t\t\t\t<td>\n\t\t\t\t\t\t\tTODAS LAS APUESTAS DOBLES EN TRAGAPERRAS Y VIDEO POKER<\/td>\n\t\t\t\t\t\t<td>\n\t\t\t\t\t\t\t0%<\/td>\n\t\t\t\t\t<\/tr>\n\t\t\t\t\t<tr>\n\t\t\t\t\t\t<td>\n\t\t\t\t\t\t\tJUEGOS EXCLUIDOS: Zero Roulette, Zero Blackjack, Zero Video Cards, Zero Baccarat, Savage Jungle,&nbsp;Golden Beauty, Bronco Spirit, Tip Top Totems,Stallion Strike\u2122, Spin a Win (En Vivo), Sahara Riches\u2122 Cash Collect, Santa Surprise, Great Blue, Roulette Deluxe, Quantum Ruleta (En Vivo), Quantum Roulette\u2122 Instant Play, Spread Bet Ruleta (En Vivo), Football French Roulette (En Vivo), Bet On Baccarat (En Vivo), Age of the Gods: Apollo Power, Age of the Gods: Glorious Griffin, Age of the Gods: God of Storms 2, Age Of The Gods: Mighty Midas, Age of the Gods: Ruler of the Dead, Kingdoms Rise: Legend of Elvenstone, Age of the Gods: Ruler of the Sky, Age of the Gods: Medusa &amp; Monsters, Pyramid Valley: Power Zones, Jacks or Better Multi-Hand 25<\/td>\n\t\t\t\t\t\t<td>\n\t\t\t\t\t\t\t0%<\/td>\n\t\t\t\t\t<\/tr>\n\t\t\t\t<\/tbody>\n\t\t\t<\/table><\/div>\n\n\n\n<ol class=\"wp-block-list\" start=\"18\">\n<li>Una vez que se hayan jugado todos los giros gratis, el sistema calcular\u00e1 autom\u00e1ticamente la ganancia correspondiente, obtenida con los giros gratis y la apuesta de dinero real y esta no podr\u00e1 exceder la ganancia m\u00e1xima de $100 establecida para esta promoci\u00f3n.<\/li>\n\n\n\n<li>Las ganancias obtenidas del saldo del bono promocional no son canjeables y una vez que se solicite su retiro, ya no estar\u00e1n disponibles en la billetera del usuario.<\/li>\n\n\n\n<li>Betcha.pa se reserva el derecho de solicitar cualquier dato, informaci\u00f3n, documento o prueba adicional con el fin de validar la identidad del usuario, confirmar la titularidad de la cuenta y la legitimidad de las apuestas realizadas, para hacer efectiva la acreditaci\u00f3n del bono en efectivo.<\/li>\n\n\n\n<li>Para los usuarios participantes donde se detecte alg\u00fan movimiento o transacci\u00f3n cuestionable como consecuencia de la participaci\u00f3n del promocional, ya sea de forma individual o grupal, Betcha.pa podr\u00e1n prescindir de la entrega del premio, podr\u00e1n suspender sus cuentas de juego con el fin de verificar su identidad y la veracidad de la informaci\u00f3n proporcionada al momento del registro en la plataforma.<\/li>\n\n\n\n<li>Los T\u00e9rminos y Condiciones Generales de la plataforma Betcha.pa son parte integral de este documento.<\/li>\n\n\n\n<li>Al participar en esta promoci\u00f3n, el usuario declara que ha le\u00eddo y aceptado estos T\u00e9rminos y Condiciones.<\/li>\n\n\n\n<li>Jugar responsablemente es parte del Juego.<\/li>\n<\/ol>\n","protected":false},"excerpt":{"rendered":"<p>\u00a1Gana un crucero para 2 personas a las Bahamas! No querr\u00e1s perderte esta promoci\u00f3n,&nbsp;\u00a1podr\u00edas ganar un crucero a las Bahamas en nuestra nueva promoci\u00f3n de paquetes misteriosos!&nbsp;Adem\u00e1s, tenemos m\u00e1s de&nbsp;1,500 premios para regalar, incluyendo camisetas de la selecci\u00f3n de Panam\u00e1, camisetas de la selecci\u00f3n de Brasil, balones de f\u00fatbol de la EURO 2024 y mucho [&hellip;]<\/p>\n","protected":false},"author":38,"featured_media":128957,"parent":38,"menu_order":3,"comment_status":"closed","ping_status":"closed","template":"","meta":{"_acf_changed":false,"footnotes":""},"categories":[],"class_list":["post-128948","page","type-page","status-publish","has-post-thumbnail","hentry"],"acf":[],"_links":{"self":[{"href":"https:\/\/www.betcha.pa\/mas\/wp-json\/wp\/v2\/pages\/128948","targetHints":{"allow":["GET"]}}],"collection":[{"href":"https:\/\/www.betcha.pa\/mas\/wp-json\/wp\/v2\/pages"}],"about":[{"href":"https:\/\/www.betcha.pa\/mas\/wp-json\/wp\/v2\/types\/page"}],"author":[{"embeddable":true,"href":"https:\/\/www.betcha.pa\/mas\/wp-json\/wp\/v2\/users\/38"}],"replies":[{"embeddable":true,"href":"https:\/\/www.betcha.pa\/mas\/wp-json\/wp\/v2\/comments?post=128948"}],"version-history":[{"count":4,"href":"https:\/\/www.betcha.pa\/mas\/wp-json\/wp\/v2\/pages\/128948\/revisions"}],"predecessor-version":[{"id":128958,"href":"https:\/\/www.betcha.pa\/mas\/wp-json\/wp\/v2\/pages\/128948\/revisions\/128958"}],"up":[{"embeddable":true,"href":"https:\/\/www.betcha.pa\/mas\/wp-json\/wp\/v2\/pages\/38"}],"wp:featuredmedia":[{"embeddable":true,"href":"https:\/\/www.betcha.pa\/mas\/wp-json\/wp\/v2\/media\/128957"}],"wp:attachment":[{"href":"https:\/\/www.betcha.pa\/mas\/wp-json\/wp\/v2\/media?parent=128948"}],"wp:term":[{"taxonomy":"category","embeddable":true,"href":"https:\/\/www.betcha.pa\/mas\/wp-json\/wp\/v2\/categories?post=128948"}],"curies":[{"name":"wp","href":"https:\/\/api.w.org\/{rel}","templated":true}]}}