{"id":128908,"date":"2024-04-03T11:51:27","date_gmt":"2024-04-03T11:51:27","guid":{"rendered":"https:\/\/www.betcha.pa\/mas\/?page_id=128908"},"modified":"2024-05-07T10:42:53","modified_gmt":"2024-05-07T10:42:53","slug":"obten-una-apuesta-gratis-de-5-con-tu-apuesta-de-10-en-un-parlay-cuadruple-de-la-liga-de-campeones","status":"publish","type":"page","link":"https:\/\/www.betcha.pa\/mas\/promociones\/obten-una-apuesta-gratis-de-5-con-tu-apuesta-de-10-en-un-parlay-cuadruple-de-la-liga-de-campeones\/","title":{"rendered":"Obt\u00e9n una apuesta gratis de $5 con tu apuesta de $10 en un parlay cu\u00e1druple de la Liga de Campeones"},"content":{"rendered":"\n<p>Los pr\u00f3ximos partidos de la UEFA Champions League prometen un espect\u00e1culo electrizante<br>de brillantez futbol\u00edstica, mientras ocho formidables equipos se preparan para luchar por la<br>supremac\u00eda. Con el FC Barcelona enfrent\u00e1ndose al PSG, el Real Madrid enfrent\u00e1ndose al<br>Manchester City, el Arsenal enfrent\u00e1ndose al Bayern de M\u00fanich y el Atl\u00e9tico de Madrid<br>enfrent\u00e1ndose al Borussia Dortmund, los aficionados pueden esperar nada menos que<br>emocionantes enfrentamientos lleno de grandes t\u00e1ctica y habilidades impresionantes.<br>Para celebrar estos emocionantes cruces, tenemos una oferta imperdible para ti:<\/p>\n\n\n\n<ul class=\"wp-block-list\">\n<li>Apuesta $10 en un parlay de 4, antes del partido de la Liga de Campeones del 9 y 10<br>de abril.<\/li>\n\n\n\n<li>Si\u00e9ntate y disfruta del f\u00fatbol.<\/li>\n\n\n\n<li>Recibe una apuesta gratis de $5 para usar en cualquier deporte.<\/li>\n<\/ul>\n\n\n\n<p>Solo hay una pregunta, \u00bfcu\u00e1l ser\u00e1 tu parlay de estos 4 equipos?<br>\u00a1Buena suerte!<\/p>\n\n\n\n<p style=\"font-size:26px\"><strong>T\u00e9rminos y condiciones:<\/strong><\/p>\n\n\n\n<p>Esta promoci\u00f3n est\u00e1 dirigida al nombre de usuario de la cuenta: {{username}}.<\/p>\n\n\n\n<ul class=\"wp-block-list\">\n<li>La oferta es v\u00e1lida desde {{fromdate}} hasta {{enddate}}<\/li>\n\n\n\n<li>El jugador debe realizar una apuesta combinada de $ 10 (m\u00ednimo) con los 4 partidos de la<br>UEFA Champions League del 9 y 10 de abril. (Cuota m\u00ednima por l\u00ednea 1.50 (-200)).<\/li>\n\n\n\n<li>Solo se valorar\u00e1n las apuestas realizadas en los mercados previos al partido. Ejemplo de<br>apuesta clasificatoria:<br>Bayern M\u00fanich v Arsenal \u2013 Bayern gana<br>Real Madrid v Manchester City \u2013 Ambos equipos marcan<br>PSG v Barcelona \u2013 Barcelona gana<br>Atl. Madrid v Dortmund \u2013 Ambos equipos marcan y resultado del partido Dortmund<\/li>\n\n\n\n<li>El jugador recibir\u00e1 una apuesta gratis de $5 dentro de las 24 horas posteriores a la<br>liquidaci\u00f3n de la apuesta calificada.<br>Sensibilidad: Interna<\/li>\n\n\n\n<li>La apuesta gratis se puede utilizar en cualquier mercado deportivo con (cuota m\u00ednima 2.00<br>(+100)).<\/li>\n\n\n\n<li>La apuesta gratis no se devolver\u00e1 con ninguna ganancia.<\/li>\n\n\n\n<li>Cualquier apuesta v\u00e1lida que se haya cobrado no calificar\u00e1 para esta promoci\u00f3n.<\/li>\n\n\n\n<li>No se requiere apostar en el Free Bet.<\/li>\n\n\n\n<li>Betcha.pa se reserva el derecho de modificar o cancelar esta Promoci\u00f3n o modificar estos T\u00e9rminos y Condiciones: sin previo aviso si el cambio o cancelaci\u00f3n es el resultado de cualquier cambio legal o reglamentario.<\/li>\n\n\n\n<li>Esta oferta no aplica para apuestas realizadas con bonos.<\/li>\n\n\n\n<li>Esta promoci\u00f3n solo est\u00e1 disponible para clientes mayores de 18 a\u00f1os<\/li>\n<\/ul>\n","protected":false},"excerpt":{"rendered":"<p>Los pr\u00f3ximos partidos de la UEFA Champions League prometen un espect\u00e1culo electrizantede brillantez futbol\u00edstica, mientras ocho formidables equipos se preparan para luchar por lasupremac\u00eda. Con el FC Barcelona enfrent\u00e1ndose al PSG, el Real Madrid enfrent\u00e1ndose alManchester City, el Arsenal enfrent\u00e1ndose al Bayern de M\u00fanich y el Atl\u00e9tico de Madridenfrent\u00e1ndose al Borussia Dortmund, los aficionados pueden [&hellip;]<\/p>\n","protected":false},"author":38,"featured_media":128907,"parent":38,"menu_order":2,"comment_status":"closed","ping_status":"closed","template":"","meta":{"_acf_changed":false,"footnotes":""},"categories":[],"class_list":["post-128908","page","type-page","status-publish","has-post-thumbnail","hentry"],"acf":[],"_links":{"self":[{"href":"https:\/\/www.betcha.pa\/mas\/wp-json\/wp\/v2\/pages\/128908","targetHints":{"allow":["GET"]}}],"collection":[{"href":"https:\/\/www.betcha.pa\/mas\/wp-json\/wp\/v2\/pages"}],"about":[{"href":"https:\/\/www.betcha.pa\/mas\/wp-json\/wp\/v2\/types\/page"}],"author":[{"embeddable":true,"href":"https:\/\/www.betcha.pa\/mas\/wp-json\/wp\/v2\/users\/38"}],"replies":[{"embeddable":true,"href":"https:\/\/www.betcha.pa\/mas\/wp-json\/wp\/v2\/comments?post=128908"}],"version-history":[{"count":2,"href":"https:\/\/www.betcha.pa\/mas\/wp-json\/wp\/v2\/pages\/128908\/revisions"}],"predecessor-version":[{"id":128910,"href":"https:\/\/www.betcha.pa\/mas\/wp-json\/wp\/v2\/pages\/128908\/revisions\/128910"}],"up":[{"embeddable":true,"href":"https:\/\/www.betcha.pa\/mas\/wp-json\/wp\/v2\/pages\/38"}],"wp:featuredmedia":[{"embeddable":true,"href":"https:\/\/www.betcha.pa\/mas\/wp-json\/wp\/v2\/media\/128907"}],"wp:attachment":[{"href":"https:\/\/www.betcha.pa\/mas\/wp-json\/wp\/v2\/media?parent=128908"}],"wp:term":[{"taxonomy":"category","embeddable":true,"href":"https:\/\/www.betcha.pa\/mas\/wp-json\/wp\/v2\/categories?post=128908"}],"curies":[{"name":"wp","href":"https:\/\/api.w.org\/{rel}","templated":true}]}}