{"id":128805,"date":"2023-10-30T11:11:26","date_gmt":"2023-10-30T11:11:26","guid":{"rendered":"https:\/\/www.betcha.pa\/mas\/?page_id=128805"},"modified":"2023-11-07T12:47:09","modified_gmt":"2023-11-07T12:47:09","slug":"las-calabazas-de-la-suerte","status":"publish","type":"page","link":"https:\/\/www.betcha.pa\/mas\/las-calabazas-de-la-suerte\/","title":{"rendered":"Las Calabazas de la Suerte"},"content":{"rendered":"\n<p>Te damos la bienvenida al espeluznante mundo de Halloween \u201cEscoge tu Calabaza\u201d, donde encontrar\u00e1s una promoci\u00f3n que te har\u00e1 vivir una experiencia \u00fanica y lo mejor de todo,&nbsp;<strong>\u00a1llena de fant\u00e1sticos premios!<\/strong>&nbsp;Si buscas mucha diversi\u00f3n y muchos premios, aqu\u00ed tienes el comienzo de esta aventura.<\/p>\n\n\n\n<p>Del&nbsp;<strong>26 de octubre al 1 de noviembre<\/strong>, podr\u00e1s jugar juegos de tragamonedas seleccionados en busca de ganar fabulosos premios de la funci\u00f3n del juego Halloween \u201cEscoge Tu Calabaza\u201d en la que apuestas $20 en juegos seleccionados: Halloween Fortune, Halloween Fortune 2, Witches Cash Collect, Blue Wizard, Red Wizard y el Green Wizard, y podr\u00e1s acceder a la funci\u00f3n \u201cEscoge Tu Calabaza\u201d de Halloween y elegir una calabaza que contenga un premio para ti. Imagina que puedes divertirte realizando giros en una tragamonedas muy entretenida y al mismo tiempo te da la oportunidad de acceder a premios sorpresa y, lo mejor de todo, \u00a1garantizados!<\/p>\n\n\n\n<p>Experimenta los mejores gr\u00e1ficos, animaciones y banda sonora que te llevar\u00e1n a un viaje lleno de emociones y lleno de diversi\u00f3n que solo Betcha.pa y su fant\u00e1stico casino pueden ofrecerte.<\/p>\n\n\n\n<p>No podemos decirte los premios que te esperan, pero lo que s\u00ed te podemos asegurar es que, si apuestas el valor indicado en los juegos seleccionados, tendr\u00e1s un premio sorpresa totalmente garantizado. \u00bfSer\u00e1 efectivo? \u00bfSer\u00e1n jugadas gratis? Desc\u00fabrelo t\u00fa mismo realizando las mejores jugadas.<\/p>\n\n\n\n<p>Pero las novedades a\u00fan no acaban: podr\u00e1s acceder a cualquiera de nuestros premios durante los 7 d\u00edas de la promoci\u00f3n, es decir, podr\u00e1s ganar TODOS los d\u00edas si cumples las condiciones. Te esperan premios sorpresa, \u00a1te aseguramos recompensas!<\/p>\n\n\n\n<p>Vigencia: Del 26 de octubre de 2023 a las 09:00 horas al 1 de noviembre de 2023 a las 23:59 horas.<\/p>\n\n\n\n<h3 class=\"wp-block-heading\">&nbsp;T\u00e9rminos y Condiciones<\/h3>\n\n\n\n<ol class=\"wp-block-list\">\n<li>Esta promoci\u00f3n aplica para aquellos usuarios registrados en la plataforma Betcha.pa en estado activo, mayores de edad que cumplan con los t\u00e9rminos y condiciones establecidos en este documento.<\/li>\n\n\n\n<li>Para participar en esta promoci\u00f3n, el usuario deber\u00e1 acceder a su cuenta de juego y en la opci\u00f3n Casino-Slots jugar cualquier juego listado aqu\u00ed: Halloween Fortune, Halloween Fortune 2, Witches Cash Collect, Blue Wizard, Red Wizard y Green Wizard.<\/li>\n\n\n\n<li>Por cada $20 apostados en estos juegos, el usuario ser\u00e1 recompensado con la oportunidad de elegir una calabaza y ganar un premio.<\/li>\n\n\n\n<li>Con esta nueva apariencia el usuario tiene la oportunidad de escoger una carta de Calabaza para ganar un premio, que puede ser: jugadas gratis o&nbsp;<strong>bono en efectivo<sup>1<\/sup><\/strong>.<\/li>\n\n\n\n<li>Las jugadas gratis se otorgar\u00e1n una vez que se acepten los t\u00e9rminos y condiciones y puedan hacerse efectivos en los juegos seleccionados: Halloween Fortune 2, Witches Cash Collect.<\/li>\n\n\n\n<li>Tabla de premios:<\/li>\n<\/ol>\n\n\n\n<div class=\"row justify-content-center\">\n        <table class=\"GeneratedTable\">\n          <thead>\n            <tr>\n              <th>Premios<\/th>\n            <\/tr>\n          <\/thead>\n          <tbody>\n            <tr>\n              <td>5 Giros Gratis<\/td>\n            <\/tr>\n            <tr>\n              <td>10 Giros Gratis<\/td>\n            <\/tr>\n            <tr>\n              <td>$10 Efectivo<\/td>\n            <\/tr>\n          <\/tbody>\n        <\/table>\n      <\/div>\n\n\n\n<ol class=\"wp-block-list\" start=\"7\">\n<li>El usuario tendr\u00e1 un (1) d\u00eda para aceptar las jugadas gratis desde su notificaci\u00f3n. Una vez aceptado, podr\u00e1s abrir el juego seleccionado y aprovecharlos en el mismo tiempo estipulado.<\/li>\n\n\n\n<li>Una vez aceptados los giros gratis y hasta que se hayan jugado en su totalidad, cualquier saldo obtenido como beneficio de las apuestas realizadas, utilizando dinero real o con los giros gratis, se reflejar\u00e1 como saldo de&nbsp;<strong>bono promocional<sup>2<\/sup><\/strong>, y deber\u00e1 cumplir con el requisito de&nbsp;<strong>Rollover<sup>3<\/sup><\/strong>&nbsp;para liberarlo.<\/li>\n\n\n\n<li>Para liberar el saldo del bono promocional, el usuario tendr\u00e1 tres (3) d\u00edas naturales para apostar un valor de 40 veces (Rollover X 40) el valor del bono a recibir.<\/li>\n\n\n\n<li>El usuario s\u00f3lo podr\u00e1 retirar la ganancia correspondiente una vez cumpla con el Rollover establecido, de lo contrario ser\u00e1 cancelado de su cuenta. Para comenzar a cumplir el Rollover, debes haber jugado todos los giros gratis.<\/li>\n\n\n\n<li>Para realizar el Rollover X 40 se deber\u00e1n tener en cuenta las siguientes categor\u00edas de juegos y el porcentaje respectivo que se aplicar\u00e1 a cada uno de ellos:<\/li>\n<\/ol>\n\n\n\n<div class=\"row justify-content-center\">\n        <table class=\"GeneratedTable\">\n          <thead>\n            <tr>\n              <th>\n                Categor\u00eda de Juegos<\/th>\n              <th>\n                % del valor<\/th>\n            <\/tr>\n          <\/thead>\n          <tbody>\n            <tr>\n              <td>\n                Todas los tragamonedas<\/td>\n              <td>\n                100%<\/td>\n            <\/tr>\n            <tr>\n              <td>\n                Ruleta &#8211; bajo riesgo (la apuesta cubre mas del 60% &#xFEFF;del pa\u00f1o)<\/td>\n              <td>\n                0%<\/td>\n            <\/tr>\n            <tr>\n              <td>\n                Ruleta &#8211; riesgo medio&#xFEFF; (la apuesta cubre entre el 10% y el 60% &#xFEFF;del pa\u00f1o)<\/td>\n              <td>\n                10%<\/td>\n            <\/tr>\n            <tr>\n              <td>\n                Ruleta &#8211; alto riesgo &#xFEFF;(la apuesta cubre entre el 0% y el 10% &#xFEFF;del pa\u00f1o)<\/td>\n              <td>\n                25%<\/td>\n            <\/tr>\n            <tr>\n              <td>\n                Casino Hold&#8217;em &#8211; todos<\/td>\n              <td>\n                10%<\/td>\n            <\/tr>\n            <tr>\n              <td>\n                Blackjack &#8211; todos<\/td>\n              <td>\n                10%<\/td>\n            <\/tr>\n            <tr>\n              <td>\n                Video POKER &#8211; todos<br>\n                Age of Egypt | Kingdoms Rise: Captain&#8217;s Treasure | Kingdoms Rise: Chasm of Fear | A Night Out | Alchemists Lab |\n                AP McCoy: Sporting Legends\u2122 | Captain&#8217;sTreasure | Classic Slot (Reels) | DesertTreasure | Diamond Valley | Dr.\n                Lovemore | Easter Surprise | FootballRules | Fortune Day | Gaelic Luck | Goblin&#8217;s Cave | Golden Tour | Halloween\n                Fortune | Highway Kings | Jungle Boogie | Lotto Madness | Neptune\u2019s Kingdom | Ocean Princess | RAY Numero keno |\n                Reel Classic 5 | Ri Ri JinCai | Safecracker | SantaSurprise | Sinbad\u2019s Golden Voyage | Skazka Pro | Spud\n                O&#8217;Reilly&#8217;s Cropsof Gold | Sultan\u2019s Fortune | Triple Profits | Tropic Reels | Ugga Bugga | Wild Gambler | Zhao\n                Cai Tong Zi | Kingdoms Rise: Legion Uprising | Rulers of the World: Empire Treasures | Stallion Strike PowerPlay\n                Jackpot | Xuan Pu Lian Huan | Nian Nian You Yu | Captain Treasure | Funky Monkey | Record Riches | Arowanas Luck\n                | Honey Gems PowerPlay Jackpot | Better Wilds PowerPlay Jackpot | Egyptian Emeralds PowerPlay Jackpot | Storms\n                of Ice PowerPlay Jackpot | Tiger Claws | Great Blue | Furious Four | Murder Mystery | Legacy Of The Wild | Tsai\n                Shen&#8217;s Gift | Wild West Wilds<\/td>\n              <td>\n                10%<\/td>\n            <\/tr>\n            <tr>\n              <td>\n                Baccarat &#8211; todos<\/td>\n              <td>\n                0%<\/td>\n            <\/tr>\n            <tr>\n              <td>\n                TODAS LAS APUESTAS DOBLES EN TRAGAPERRAS Y VIDEO POKER<\/td>\n              <td>\n                0%<\/td>\n            <\/tr>\n            <tr>\n              <td>\n                JUEGOS EXCLUIDOS: Zero Roulette, Zero Blackjack, Zero Video Cards, Zero Baccarat, Savage Jungle,&nbsp;Golden\n                Beauty, Bronco Spirit, Tip Top Totems,Stallion Strike\u2122, Spin a Win (En Vivo), Sahara Riches\u2122 Cash Collect, Santa\n                Surprise, Great Blue, Roulette Deluxe, Quantum Ruleta (En Vivo), Quantum Roulette\u2122 Instant Play, Spread Bet\n                Ruleta (En Vivo), Football French Roulette (En Vivo), Bet On Baccarat (En Vivo), Age of the Gods: Apollo Power,\n                Age of the Gods: Glorious Griffin, Age of the Gods: God of Storms 2, Age Of The Gods: Mighty Midas, Age of the\n                Gods: Ruler of the Dead, Kingdoms Rise: Legend of Elvenstone, Age of the Gods: Ruler of the Sky, Age of the\n                Gods: Medusa &amp; Monsters, Pyramid Valley: Power Zones, Jacks or Better Multi-Hand 25<\/td>\n              <td>\n                0%<\/td>\n            <\/tr>\n          <\/tbody>\n        <\/table>\n      <\/div>\n\n\n\n<p>Ejemplo: Si el usuario apuesta $5 en el juego Blue Wizard, se le otorgar\u00e1 el 100% para cumplir el Rollover.<\/p>\n\n\n\n<ol class=\"wp-block-list\" start=\"12\">\n<li>El usuario podr\u00e1 ver el progreso del Rollover en la secci\u00f3n &#8220;historial de bonos&#8221; de su cuenta Betcha.pa. Una vez que se complete todo el Rollover, el saldo se reflejar\u00e1 en su cuenta de juego como saldo disponible.<\/li>\n\n\n\n<li>Una vez jugados todos los giros gratis, el sistema calcular\u00e1 autom\u00e1ticamente la ganancia correspondiente, obtenida con las jugadas gratis y la apuesta de dinero real, y esta no podr\u00e1 exceder la ganancia m\u00e1xima de $250 establecida para esta promoci\u00f3n.<\/li>\n\n\n\n<li>El saldo obtenido de jugadas gratis inferiores a un valor de $0.25 se reflejar\u00e1 en la cuenta del usuario autom\u00e1ticamente en \u201cBono Cash\u201d y podr\u00e1 utilizar dicho saldo para jugar.<\/li>\n\n\n\n<li>El saldo del bono promocional obtenido con las jugadas gratis s\u00f3lo podr\u00e1 visualizarse y utilizarse en los juegos seleccionados de acuerdo con lo indicado en el apartado 5. Sin embargo, el Rollover podr\u00e1 jugarse seg\u00fan los juegos y porcentajes indicados en la tabla de porcentajes.<\/li>\n\n\n\n<li>Las ganancias obtenidas del saldo del bono promocional no son canjeables y una vez solicitado su retiro, dejar\u00e1n de estar disponibles en la billetera del usuario.<\/li>\n\n\n\n<li>Las ganancias ya no estar\u00e1n disponibles en la billetera del usuario si ya hay una transacci\u00f3n de retiro pendiente.<\/li>\n\n\n\n<li>Los bonos en efectivo se otorgar\u00e1n autom\u00e1ticamente dentro de las 48 horas posteriores al final de la promoci\u00f3n.<\/li>\n\n\n\n<li>Los T\u00e9rminos y Condiciones Generales y los t\u00e9rminos y condiciones aqu\u00ed descritos se aplican en todo momento a los efectos de la actividad promocional.<\/li>\n\n\n\n<li>Los T\u00e9rminos y Condiciones de Juego Gratis son parte integral de este documento.<\/li>\n\n\n\n<li>Betcha.pa se reserva el derecho de cancelar o modificar las condiciones de esta promoci\u00f3n ante cualquier intermitencia t\u00e9cnica o tecnol\u00f3gica, ajena a nuestra operaci\u00f3n durante el desarrollo de la actividad, donde el usuario ser\u00e1 notificado de dicho desarrollo, respetando los premios conseguidos por los participantes.<\/li>\n\n\n\n<li>Betcha.pa se reserva el derecho de solicitar cualquier dato, informaci\u00f3n, documento o prueba adicional con el fin de validar la identidad del usuario, confirmar la titularidad de la cuenta y legitimidad de las apuestas realizadas, para realizar la acreditaci\u00f3n del bono en efectivo. eficaz.<\/li>\n\n\n\n<li>Para los usuarios participantes que tengan alg\u00fan movimiento o transacci\u00f3n cuestionable detectada como resultado del bono obtenido en esta promoci\u00f3n, ya sea individualmente o en grupo, Betcha.pa podr\u00e1 suspender sus cuentas de juego con el fin de verificar su identidad y veracidad de la informaci\u00f3n. proporcionada en el momento del registro en la plataforma.<\/li>\n\n\n\n<li>Al participar en esta promoci\u00f3n el usuario declara que ha le\u00eddo y aceptado estos t\u00e9rminos y condiciones.<\/li>\n\n\n\n<li>Estos t\u00e9rminos y condiciones son v\u00e1lidos para Panam\u00e1.<\/li>\n<\/ol>\n\n\n\n<p><strong><sup>1<\/sup>Bono en Efectivo<\/strong>: Se refiere a un bono que no tiene requisito de canjearlo, y su uso y disposici\u00f3n queda a criterio del jugador sin restricci\u00f3n alguna.<\/p>\n\n\n\n<p><strong><sup>2<\/sup>Bono Promocional<\/strong>: Es el valor del bono entregado por el Operador, cuyas condiciones de liberaci\u00f3n o uso se limitan a los T&amp;C.<\/p>\n\n\n\n<p><strong><sup>3<\/sup>Rollover<\/strong>: Se refiere a la cantidad de veces que un usuario debe jugar para poder liberar el bono promocional.<\/p>\n","protected":false},"excerpt":{"rendered":"<p>Te damos la bienvenida al espeluznante mundo de Halloween \u201cEscoge tu Calabaza\u201d, donde encontrar\u00e1s una promoci\u00f3n que te har\u00e1 vivir una experiencia \u00fanica y lo mejor de todo,&nbsp;\u00a1llena de fant\u00e1sticos premios!&nbsp;Si buscas mucha diversi\u00f3n y muchos premios, aqu\u00ed tienes el comienzo de esta aventura. Del&nbsp;26 de octubre al 1 de noviembre, podr\u00e1s jugar juegos de [&hellip;]<\/p>\n","protected":false},"author":38,"featured_media":128804,"parent":0,"menu_order":11,"comment_status":"closed","ping_status":"closed","template":"","meta":{"_acf_changed":false,"footnotes":""},"categories":[],"class_list":["post-128805","page","type-page","status-publish","has-post-thumbnail","hentry"],"acf":[],"_links":{"self":[{"href":"https:\/\/www.betcha.pa\/mas\/wp-json\/wp\/v2\/pages\/128805","targetHints":{"allow":["GET"]}}],"collection":[{"href":"https:\/\/www.betcha.pa\/mas\/wp-json\/wp\/v2\/pages"}],"about":[{"href":"https:\/\/www.betcha.pa\/mas\/wp-json\/wp\/v2\/types\/page"}],"author":[{"embeddable":true,"href":"https:\/\/www.betcha.pa\/mas\/wp-json\/wp\/v2\/users\/38"}],"replies":[{"embeddable":true,"href":"https:\/\/www.betcha.pa\/mas\/wp-json\/wp\/v2\/comments?post=128805"}],"version-history":[{"count":2,"href":"https:\/\/www.betcha.pa\/mas\/wp-json\/wp\/v2\/pages\/128805\/revisions"}],"predecessor-version":[{"id":128813,"href":"https:\/\/www.betcha.pa\/mas\/wp-json\/wp\/v2\/pages\/128805\/revisions\/128813"}],"wp:featuredmedia":[{"embeddable":true,"href":"https:\/\/www.betcha.pa\/mas\/wp-json\/wp\/v2\/media\/128804"}],"wp:attachment":[{"href":"https:\/\/www.betcha.pa\/mas\/wp-json\/wp\/v2\/media?parent=128805"}],"wp:term":[{"taxonomy":"category","embeddable":true,"href":"https:\/\/www.betcha.pa\/mas\/wp-json\/wp\/v2\/categories?post=128805"}],"curies":[{"name":"wp","href":"https:\/\/api.w.org\/{rel}","templated":true}]}}