{"id":128517,"date":"2023-05-30T10:50:12","date_gmt":"2023-05-30T10:50:12","guid":{"rendered":"https:\/\/www.betcha.pa\/?page_id=128517"},"modified":"2023-07-06T08:39:50","modified_gmt":"2023-07-06T08:39:50","slug":"copa-oro","status":"publish","type":"page","link":"https:\/\/www.betcha.pa\/mas\/promociones\/copa-oro\/","title":{"rendered":"\u00a1Betcha te lleva a la Copa Oro 2023!"},"content":{"rendered":"\n<p>\u00a1Viaje de oro!<\/p>\n\n\n\n<p>La Copa Oro, el evento deportivo m\u00e1s importante a nivel de selecciones en nuestra regi\u00f3n, se jugar\u00e1 en Los Estados Unidos del 24 de junio al 16 de julio y por supuesto nuestra&nbsp;<strong>SELECCI\u00d3N DE F\u00daTBOL DE PANAM\u00c1&nbsp;<\/strong>estar\u00e1 presente y queremos que los acompa\u00f1es en el partido inaugural ante Costa Rica el 26 de junio en FT. Lauderdale, Estados Unidos.<\/p>\n\n\n\n<p>Para que puedas multiplicar tu emoci\u00f3n y ser parte del sue\u00f1o de todos los paname\u00f1os, estamos regalando&nbsp;<strong>UN VIAJE PARA TI Y UN ACOMPA\u00d1ANTE,<\/strong>&nbsp;con todos los gastos pagados, para ese partido inaugural de nuestra selecci\u00f3n nacional. Tambi\u00e9n tendremos camisetas autografiadas por la selecci\u00f3n y bonos para que multipliques tu emoci\u00f3n.<\/p>\n\n\n\n<p>El ganador ser\u00e1 elegido aleatoriamente por el random number generator (RNG) el d\u00eda 19 de junio, as\u00ed que tienes tiempo para participar realizando tus apuestas en tu deporte favorito en&nbsp;<strong>betcha.pa<\/strong><\/p>\n\n\n\n<p><strong>\u00bfC\u00f3mo participar?<\/strong>&nbsp;*(ver t\u00e9rminos y condiciones)<\/p>\n\n\n\n<ul class=\"wp-block-list\">\n<li>Con cada apuesta m\u00ednima de $10.00 en cualquier deporte con cuota m\u00ednima de 1.50\/-200 recie un (1) boleto para participar.<\/li>\n\n\n\n<li>Las apuestas m\u00ednimas de $10 en partidos de la Selecci\u00f3n Nacional de F\u00fatbol de Panam\u00e1 y en los partidos de Liga Paname\u00f1a de F\u00fatbol, recibir\u00e1n dos (2) boletos.<\/li>\n\n\n\n<li>Las apuestas m\u00ednimas de $10 en Parlays o Bet Builder reciben dos (2) boletos.<\/li>\n<\/ul>\n\n\n\n<p>\u00a1NOS VAMOS A LA COPA ORO!<\/p>\n\n\n\n<div class=\"row\">\n<div class=\"col-md-6\">\n  <a class=\"btn btn-primary btn-lg btn-block\" style=\"background-color: #00e000;color: #001b32;font-weight: 800;margin-top: 15px; width: 12em\" target=\"_blank\" href=\"https:\/\/www.betcha.pa\/deportes\/promociones\/copa-oro\" rel=\"noopener\">VERIFICA AQU\u00cd<\/a>\n<\/div>\n<\/div>\n<p>&nbsp;<\/p>\n\n\n\n<h3 class=\"wp-block-heading has-medium-font-size\">T\u00e9rminos y Condiciones:<\/h3>\n\n\n\n<ul class=\"wp-block-list\">\n<li>Los ganadores de esta promoci\u00f3n ser\u00e1n seleccionados por el generador de n\u00fameros aleatorios (RNG).<\/li>\n\n\n\n<li>Aprobada por la Junta de Control de Juegos, mediante resoluci\u00f3n N\u00b0MEF-RES-2023-1434<\/li>\n\n\n\n<li>Los sorteos se realizar\u00e1n el lunes 19 de junio a las 12:00 md hora local, martes 27 de junio a las 12:00 md hora local y el martes 04 de julio a las 12:00 md hora local.<\/li>\n\n\n\n<li>Para participar en la promoci\u00f3n, el usuario recibir\u00e1 un boleto por cada apuesta de $10 en cualquier evento deportivo. Ejemplo: valor de la apuesta $40 = 4 boletos para la promoci\u00f3n.<\/li>\n\n\n\n<li>Se tendr\u00e1n en cuenta para la promoci\u00f3n las apuestas combinadas de cualquier valor con un precio m\u00ednimo total de 1,50 (-200).<\/li>\n\n\n\n<li>Las apuestas deben definirse como \u201ccerradas\u201d para ser tenidas en cuenta para el sorteo. Si se anula un evento, la l\u00ednea o selecci\u00f3n no contar\u00e1 para el valor acumulado. Adem\u00e1s, si se seleccionan mercados de apuestas cuyo resultado final pudiera resultar en la anulaci\u00f3n de la apuesta, por ejemplo, el mercado \u201cempate sin apuesta\u201d, esta l\u00ednea o selecci\u00f3n no contar\u00e1 para el empate.<\/li>\n\n\n\n<li>Cualquier apuesta que genere devoluci\u00f3n del saldo a la cuenta del usuario participante por motivos de anulaci\u00f3n o retiro, no ser\u00e1 v\u00e1lida para la acumulaci\u00f3n de boletos.<\/li>\n\n\n\n<li>Cada participante puede recibir un n\u00famero ilimitado de boletos, seg\u00fan lo que apueste en los partidos durante el periodo de la promoci\u00f3n. Cuantos m\u00e1s boletos acumule un usuario, m\u00e1s posibilidades tiene de ganar un premio.<\/li>\n\n\n\n<li>Solo ser\u00e1n v\u00e1lidas las apuestas realizadas con saldo real de la cuenta, no aplican las realizadas con cualquier saldo de bono.<\/li>\n\n\n\n<li>Los boletos son acumulables entre los periodos de cada sorteo:\n<ul class=\"wp-block-list\">\n<li>Mayo 25 12:01 am hasta junio 18, 11:59 p.m.<\/li>\n\n\n\n<li>Junio 19, 12:01 p.m. hasta junio 26, 11:59 p.m.<\/li>\n\n\n\n<li>Junio 27, 12:01 p.m. hasta julio 03, 11:59 p.m.<\/li>\n<\/ul>\n<\/li>\n\n\n\n<li>Se le notificar\u00e1 al usuario la cantidad de boletos acumulados mediante correo electr\u00f3nico registrado en betcha.pa<\/li>\n\n\n\n<li>Los ganadores se escogeran los d\u00edas:\n<ul class=\"wp-block-list\">\n<li>Lunes 19 de junio a las 12:00 md<\/li>\n\n\n\n<li>Martes 27 de junio a las 12:00 md<\/li>\n\n\n\n<li>Martes 04 de julio a las 12:00 md<\/li>\n<\/ul>\n<\/li>\n\n\n\n<li>El ganador del premio del viaje debe contar con visa vigente para Estados Unidos. No nos hacemos responsables si el ganador no cumple con los requisitos legales establecidos por los Estados Unidos de Norte Am\u00e9rica.<\/li>\n\n\n\n<li>El ganador del premio del Viaje a la Copa Oro recibir\u00e1 un boleto a\u00e9reo de ida y vuelta para \u00e9l y un acompa\u00f1ante, hotel para dos noches \/ tres d\u00edas, dos boletos para el partido de Panam\u00e1 Vs Costa Rica el lunes 26 de junio de 2023 en Ft Lauderdale Estados Unidos y quinientos d\u00f3lares (US$500.00) para gastos de alimentaci\u00f3n y transporte.<\/li>\n\n\n\n<li>El ganador tiene 24 horas para confirmar el viaje indicando el nombre del acompa\u00f1ante y datos generales, con la confirmaci\u00f3n de las visas y cumplimiento de los requisitos para ingresar a los Estados Unidos de Norte Am\u00e9rica.<\/li>\n\n\n\n<li>Las Camisetas Autografiadas se entregar\u00e1n una vez la Selecci\u00f3n Paname\u00f1a de Futbol (FEPAFUT) haga entrega de la misma debidamente autografiadas por jugadores del torneo Copa Oro 2023<\/li>\n\n\n\n<li>Los ganadores autorizan a betcha.pa a utilizar su imagen, nombre y foto en publicidad ya sea en medios tradicionales o redes sociales.<\/li>\n\n\n\n<li>La acreditaci\u00f3n de los premios correspondientes a free bets se realizar\u00e1 dentro de las 72 horas posteriores a la finalizaci\u00f3n cada fecha de promoci\u00f3n y se reflejar\u00e1 en el saldo general de la cuenta personal de Betcha.pa del usuario ganador.<\/li>\n\n\n\n<li>Los usuarios que ganen apuestas gratis o free bets pueden disponer del saldo sin ning\u00fan requisito para liberarlo en los verticales de deportes y\/o casino.<\/li>\n\n\n\n<li>Las apuestas gratuitas o free bets no se pueden retirar.<\/li>\n\n\n\n<li>La apuesta gratis o free bets no se incluir\u00e1n en ninguna devoluci\u00f3n.<\/li>\n\n\n\n<li>Los tokens de apuesta gratis se pueden usar en l\u00ednea en dispositivos m\u00f3viles o de escritorio.<\/li>\n\n\n\n<li>Las apuestas gratuitas caducan despu\u00e9s de 7 d\u00edas si no se utilizan.<\/li>\n\n\n\n<li>Las apuestas gratuitas solo se pueden utilizar en apuestas con cuotas entre 2,00 y 11,00.<\/li>\n<\/ul>\n\n\n\n<p>Consulte t\u00e9rminos y condiciones generales&nbsp;<a href=\"https:\/\/www.betcha.pa\/informacion\/terminos-y-condiciones\">aqu\u00ed<\/a><\/p>\n\n\n\n<p>Jugar responsablemente tambi\u00e9n es parte del juego.<\/p>\n\n\n\n<div class=\"row justify-content-center\">\n  <table class=\"GeneratedTable\">\n\t\t\t<thead>\n\t\t\t\t<tr>\n\t\t\t\t\t<th colspan=\"3\">\n\t\t\t\t\t\tLunes 19 de Junio<\/th>\n\t\t\t\t<\/tr>\n\t\t\t\t<tr>\n\t\t\t\t\t<th>\n\t\t\t\t\t\tPosici\u00f3n<\/th>\n\t\t\t\t\t<th>\n\t\t\t\t\t\tPremio<\/th>\n\t\t\t\t\t<th>\n\t\t\t\t\t\tValor $<\/th>\n\t\t\t\t<\/tr>\n\t\t\t<\/thead>\n\t\t\t<tbody>\n\t\t\t\t<tr>\n\t\t\t\t\t<td>\n\t\t\t\t\t\t1er<\/td>\n\t\t\t\t\t<td>\n\t\t\t\t\t\tGold Cup Panama Vs Costa Rica (Un ganador)<\/td>\n\t\t\t\t\t<td>\n\t\t\t\t\t\t2,291.32<\/td>\n\t\t\t\t<\/tr>\n\t\t\t\t<tr>\n\t\t\t\t\t<td>\n\t\t\t\t\t\t2do<\/td>\n\t\t\t\t\t<td>\n\t\t\t\t\t\tCamiseta con aut\u00f3grafo (Una camiseta)<\/td>\n\t\t\t\t\t<td>\n\t\t\t\t\t\t&nbsp;<\/td>\n\t\t\t\t<\/tr>\n\t\t\t\t<tr>\n\t\t\t\t\t<td>\n\t\t\t\t\t\t3er<\/td>\n\t\t\t\t\t<td>\n\t\t\t\t\t\t200 $ en FB<\/td>\n\t\t\t\t\t<td>\n\t\t\t\t\t\t200.00<\/td>\n\t\t\t\t<\/tr>\n\t\t\t\t<tr>\n\t\t\t\t\t<td>\n\t\t\t\t\t\t4 &#8211; 5<\/td>\n\t\t\t\t\t<td>\n\t\t\t\t\t\t100 $ en FB<\/td>\n\t\t\t\t\t<td>\n\t\t\t\t\t\t200.00<\/td>\n\t\t\t\t<\/tr>\n\t\t\t\t<tr>\n\t\t\t\t\t<td>\n\t\t\t\t\t\t6 &#8211; 10<\/td>\n\t\t\t\t\t<td>\n\t\t\t\t\t\t50 $ en FB<\/td>\n\t\t\t\t\t<td>\n\t\t\t\t\t\t250.00<\/td>\n\t\t\t\t<\/tr>\n\t\t\t\t<tr>\n\t\t\t\t\t<td>\n\t\t\t\t\t\t11 &#8211; 20<\/td>\n\t\t\t\t\t<td>\n\t\t\t\t\t\t20 $ en FB<\/td>\n\t\t\t\t\t<td>\n\t\t\t\t\t\t200.00<\/td>\n\t\t\t\t<\/tr>\n\t\t\t\t<tr>\n\t\t\t\t\t<td>\n\t\t\t\t\t\t21 &#8211; 90<\/td>\n\t\t\t\t\t<td>\n\t\t\t\t\t\t5$ en FB<\/td>\n\t\t\t\t\t<td>\n\t\t\t\t\t\t350.00<\/td>\n\t\t\t\t<\/tr>\n\t\t\t\t<tr>\n\t\t\t\t\t<td>\n\t\t\t\t\t\t&nbsp;<\/td>\n\t\t\t\t\t<td>\n\t\t\t\t\t\t&nbsp;Valor total:<\/td>\n\t\t\t\t\t<td>\n\t\t\t\t\t\t3,491.32<\/td>\n\t\t\t\t<\/tr>\n\t\t\t<\/tbody>\n\t\t<\/table><\/div>\n\n\n\n<p>&nbsp;<\/p>\n<div class=\"row justify-content-center\">\n  <table class=\"GeneratedTable\">\n\t\t\t<thead>\n\t\t\t\t<tr>\n\t\t\t\t\t<th colspan=\"3\">\n\t\t\t\t\t\tMartes 27 de Junio<\/th>\n\t\t\t\t<\/tr>\n\t\t\t\t<tr>\n\t\t\t\t\t<th>\n\t\t\t\t\t\tPosici\u00f3n<\/th>\n\t\t\t\t\t<th>\n\t\t\t\t\t\tPremio<\/th>\n\t\t\t\t\t<th>\n\t\t\t\t\t\tValor $<\/th>\n\t\t\t\t<\/tr>\n\t\t\t<\/thead>\n\t\t\t<tbody>\n\t\t\t\t<tr>\n\t\t\t\t\t<td>\n\t\t\t\t\t\t1<\/td>\n\t\t\t\t\t<td>\n\t\t\t\t\t\tCamiseta con aut\u00f3grafo (Una camiseta)<\/td>\n\t\t\t\t\t<td>\n\t\t\t\t\t\t&nbsp;<\/td>\n\t\t\t\t<\/tr>\n\t\t\t\t<tr>\n\t\t\t\t\t<td>\n\t\t\t\t\t\t2<\/td>\n\t\t\t\t\t<td>\n\t\t\t\t\t\t200 $ en FB<\/td>\n\t\t\t\t\t<td>\n\t\t\t\t\t\t200.00<\/td>\n\t\t\t\t<\/tr>\n\t\t\t\t<tr>\n\t\t\t\t\t<td>\n\t\t\t\t\t\t3 &#8211; 5<\/td>\n\t\t\t\t\t<td>\n\t\t\t\t\t\t100 $ en FB<\/td>\n\t\t\t\t\t<td>\n\t\t\t\t\t\t300.00<\/td>\n\t\t\t\t<\/tr>\n\t\t\t\t<tr>\n\t\t\t\t\t<td>\n\t\t\t\t\t\t6 &#8211; 10<\/td>\n\t\t\t\t\t<td>\n\t\t\t\t\t\t50 $ en FB<\/td>\n\t\t\t\t\t<td>\n\t\t\t\t\t\t250.00<\/td>\n\t\t\t\t<\/tr>\n\t\t\t\t<tr>\n\t\t\t\t\t<td>\n\t\t\t\t\t\t11 &#8211; 20<\/td>\n\t\t\t\t\t<td>\n\t\t\t\t\t\t20 $ en FB<\/td>\n\t\t\t\t\t<td>\n\t\t\t\t\t\t200.00<\/td>\n\t\t\t\t<\/tr>\n\t\t\t\t<tr>\n\t\t\t\t\t<td>\n\t\t\t\t\t\t21 &#8211; 90<\/td>\n\t\t\t\t\t<td>\n\t\t\t\t\t\t5$ en FB<\/td>\n\t\t\t\t\t<td>\n\t\t\t\t\t\t350.00<\/td>\n\t\t\t\t<\/tr>\n\t\t\t\t<tr>\n\t\t\t\t\t<td>\n\t\t\t\t\t\t&nbsp;<\/td>\n\t\t\t\t\t<td>\n\t\t\t\t\t\t&nbsp;Valor total:<\/td>\n\t\t\t\t\t<td>\n\t\t\t\t\t\t1,300.00<\/td>\n\t\t\t\t<\/tr>\n\t\t\t<\/tbody>\n\t\t<\/table><\/div>\n\n\n\n<p>&nbsp;<\/p>\n<div class=\"row justify-content-center\">\n  <table class=\"GeneratedTable\">\n\t\t\t<thead>\n\t\t\t\t<tr>\n\t\t\t\t\t<th colspan=\"3\">\n\t\t\t\t\t\tMartes 04 de Julio<\/th>\n\t\t\t\t<\/tr>\n\t\t\t\t<tr>\n\t\t\t\t\t<th>\n\t\t\t\t\t\tPosici\u00f3n<\/th>\n\t\t\t\t\t<th>\n\t\t\t\t\t\tPremio<\/th>\n\t\t\t\t\t<th>\n\t\t\t\t\t\tValor $<\/th>\n\t\t\t\t<\/tr>\n\t\t\t<\/thead>\n\t\t\t<tbody>\n\t\t\t\t<tr>\n\t\t\t\t\t<td>\n\t\t\t\t\t\t1<\/td>\n\t\t\t\t\t<td>\n\t\t\t\t\t\tCamiseta con aut\u00f3grafo (Una camiseta)<\/td>\n\t\t\t\t\t<td>\n\t\t\t\t\t\t&nbsp;<\/td>\n\t\t\t\t<\/tr>\n\t\t\t\t<tr>\n\t\t\t\t\t<td>\n\t\t\t\t\t\t2<\/td>\n\t\t\t\t\t<td>\n\t\t\t\t\t\t200 $ en FB<\/td>\n\t\t\t\t\t<td>\n\t\t\t\t\t\t200.00<\/td>\n\t\t\t\t<\/tr>\n\t\t\t\t<tr>\n\t\t\t\t\t<td>\n\t\t\t\t\t\t3 &#8211; 5<\/td>\n\t\t\t\t\t<td>\n\t\t\t\t\t\t100 $ en FB<\/td>\n\t\t\t\t\t<td>\n\t\t\t\t\t\t300.00<\/td>\n\t\t\t\t<\/tr>\n\t\t\t\t<tr>\n\t\t\t\t\t<td>\n\t\t\t\t\t\t6 &#8211; 10<\/td>\n\t\t\t\t\t<td>\n\t\t\t\t\t\t50 $ en FB<\/td>\n\t\t\t\t\t<td>\n\t\t\t\t\t\t250.00<\/td>\n\t\t\t\t<\/tr>\n\t\t\t\t<tr>\n\t\t\t\t\t<td>\n\t\t\t\t\t\t11 &#8211; 20<\/td>\n\t\t\t\t\t<td>\n\t\t\t\t\t\t20 $ en FB<\/td>\n\t\t\t\t\t<td>\n\t\t\t\t\t\t200.00<\/td>\n\t\t\t\t<\/tr>\n\t\t\t\t<tr>\n\t\t\t\t\t<td>\n\t\t\t\t\t\t21 &#8211; 90<\/td>\n\t\t\t\t\t<td>\n\t\t\t\t\t\t5$ en FB<\/td>\n\t\t\t\t\t<td>\n\t\t\t\t\t\t350.00<\/td>\n\t\t\t\t<\/tr>\n\t\t\t\t<tr>\n\t\t\t\t\t<td>\n\t\t\t\t\t\t&nbsp;<\/td>\n\t\t\t\t\t<td>\n\t\t\t\t\t\t&nbsp;Valor total:<\/td>\n\t\t\t\t\t<td>\n\t\t\t\t\t\t1,300.00<\/td>\n\t\t\t\t<\/tr>\n\t\t\t<\/tbody>\n\t\t<\/table><\/div>\n\n\n\n<p>FB: Apuesta Gratis<\/p>\n","protected":false},"excerpt":{"rendered":"<p>\u00a1Viaje de oro! La Copa Oro, el evento deportivo m\u00e1s importante a nivel de selecciones en nuestra regi\u00f3n, se jugar\u00e1 en Los Estados Unidos del 24 de junio al 16 de julio y por supuesto nuestra&nbsp;SELECCI\u00d3N DE F\u00daTBOL DE PANAM\u00c1&nbsp;estar\u00e1 presente y queremos que los acompa\u00f1es en el partido inaugural ante Costa Rica el 26 [&hellip;]<\/p>\n","protected":false},"author":38,"featured_media":128516,"parent":38,"menu_order":2,"comment_status":"closed","ping_status":"closed","template":"","meta":{"_acf_changed":false,"footnotes":""},"categories":[],"class_list":["post-128517","page","type-page","status-publish","has-post-thumbnail","hentry"],"acf":[],"_links":{"self":[{"href":"https:\/\/www.betcha.pa\/mas\/wp-json\/wp\/v2\/pages\/128517","targetHints":{"allow":["GET"]}}],"collection":[{"href":"https:\/\/www.betcha.pa\/mas\/wp-json\/wp\/v2\/pages"}],"about":[{"href":"https:\/\/www.betcha.pa\/mas\/wp-json\/wp\/v2\/types\/page"}],"author":[{"embeddable":true,"href":"https:\/\/www.betcha.pa\/mas\/wp-json\/wp\/v2\/users\/38"}],"replies":[{"embeddable":true,"href":"https:\/\/www.betcha.pa\/mas\/wp-json\/wp\/v2\/comments?post=128517"}],"version-history":[{"count":8,"href":"https:\/\/www.betcha.pa\/mas\/wp-json\/wp\/v2\/pages\/128517\/revisions"}],"predecessor-version":[{"id":128530,"href":"https:\/\/www.betcha.pa\/mas\/wp-json\/wp\/v2\/pages\/128517\/revisions\/128530"}],"up":[{"embeddable":true,"href":"https:\/\/www.betcha.pa\/mas\/wp-json\/wp\/v2\/pages\/38"}],"wp:featuredmedia":[{"embeddable":true,"href":"https:\/\/www.betcha.pa\/mas\/wp-json\/wp\/v2\/media\/128516"}],"wp:attachment":[{"href":"https:\/\/www.betcha.pa\/mas\/wp-json\/wp\/v2\/media?parent=128517"}],"wp:term":[{"taxonomy":"category","embeddable":true,"href":"https:\/\/www.betcha.pa\/mas\/wp-json\/wp\/v2\/categories?post=128517"}],"curies":[{"name":"wp","href":"https:\/\/api.w.org\/{rel}","templated":true}]}}