{"id":128510,"date":"2023-05-19T12:43:16","date_gmt":"2023-05-19T12:43:16","guid":{"rendered":"https:\/\/www.betcha.pa\/?page_id=128510"},"modified":"2025-05-28T13:43:56","modified_gmt":"2025-05-28T13:43:56","slug":"siempre-ganadores","status":"publish","type":"page","link":"https:\/\/www.betcha.pa\/mas\/promociones\/siempre-ganadores\/","title":{"rendered":"Siempre Ganadores!"},"content":{"rendered":"\n<p>Sigue estos simples pasos para participar:<\/p>\n\n\n\n<ol class=\"wp-block-list\">\n<li>Apuesta m\u00ednimo $20 en la vertical de casino durante ese mismo d\u00eda.<\/li>\n\n\n\n<li>Ingresa a tu cuenta de juego al d\u00eda siguiente y autom\u00e1ticamente podr\u00e1s acceder al juego \u201cSiempre Ganadores\u201d que aparecer\u00e1 en la ventana emergente.<\/li>\n\n\n\n<li>Elige entre las opciones para ganar hasta 50 giros gratis en los siguientes juegos seleccionados:<\/li>\n<\/ol>\n\n\n\n<div class=\"row\">\n<div class=\"col-md-6\">\n  <a class=\"btn btn-primary btn-lg btn-block\" style=\"background-color: #00e000;color: #001b32;font-weight: 800;margin-top: 15px; width: 12em\" target=\"_blank\" href=\"https:\/\/www.betcha.pa\/casino\/promociones\/golden-wednesday\" rel=\"noopener\">VERIFICA AQU\u00cd<\/a>\n<\/div>\n<\/div>\n<p>&nbsp;<\/p>\n\n\n\n<ol start=\"4\" class=\"wp-block-list\">\n<li>El saldo que obtengas en estas jugadas se reflejar\u00e1 como bono promocional en tu cuenta de juego, y deber\u00e1s cumplir las siguientes condiciones para redimirlo.<\/li>\n<\/ol>\n\n\n\n<h3 class=\"wp-block-heading\">T\u00e9rminos y Condiciones<\/h3>\n\n\n\n<p>Vigencia: Promoci\u00f3n v\u00e1lida desde las 00:00 del 1 de enero de 2024 hasta las 23:59 del 31 de diciembre de 2024.<\/p>\n\n\n\n<ol class=\"wp-block-list\">\n<li>Esta promoci\u00f3n aplica para aquellos usuarios registrados en la plataforma Betcha.pa en estado activo, mayores de edad que cumplan con los t\u00e9rminos y condiciones establecidos en el presente documento.<\/li>\n\n\n\n<li>Para participar de la promoci\u00f3n, juega este mismo d\u00eda m\u00ednimo $20 en la vertical de casino entre las 00:00 y las 23:59 todos los d\u00edas hasta el 31 de Diciembre del 2024.<\/li>\n\n\n\n<li>Solo ser\u00e1n v\u00e1lidas las apuestas realizadas con saldo real de la cuenta, las realizadas con cualquier saldo bonificado no aplican.<\/li>\n\n\n\n<li>Inicia sesi\u00f3n en tu cuenta Betcha.pa al d\u00eda siguiente y participa para ganar hasta 50 giros gratis al acceder a la ventana emergente con el juego&nbsp;<strong>\u201cSiempre Ganadores\u201d,<\/strong>solo deber\u00e1s elegir entre las siete opciones brindadas all\u00ed para ganar tus giros gratis.<\/li>\n\n\n\n<li>Las giros gratis se conceder\u00e1n una vez se acepten los t\u00e9rminos y condiciones, y se har\u00e1n efectivos en los juegos seleccionados: AOG: King of Olympus, Eternal Lady, Pharaoh&#8217;s Daughter. El usuario contar\u00e1 con 1 d\u00eda calendario para jugarlas.<\/li>\n\n\n\n<li>El usuario podr\u00e1 elegir donde redimir las giros gratis entre los juegos seleccionados una vez est\u00e9n habilitados, por ejemplo, el usuario podr\u00e1 jugar x giros gratis en el juego&nbsp;<em>Age of the Gods: King of Olympus<\/em>y otras x giros gratis en el juego&nbsp;<em>Eternal Lady<\/em>.<\/li>\n\n\n\n<li>El saldo que obtengas en estas giros gratis se reflejar\u00e1 como bono promocional.<\/li>\n\n\n\n<li>Para liberar este bono promocional deber\u00e1s apostar 25 veces (Rollover X 25) el valor del bono a recibir, para lo cual contar\u00e1 con 1 d\u00eda calendario a partir de tener disponible el saldo por liberar.<\/li>\n\n\n\n<li>El usuario solo podr\u00e1 retirar la ganancia correspondiente a la promoci\u00f3n una vez cumpla el rollover total de lo contrario este se cancelar\u00e1 de su cuenta.<\/li>\n\n\n\n<li>Como usuario, podr\u00e1s participar solo una vez cada d\u00eda durante el tiempo de vigencia establecido en el promocional.<\/li>\n\n\n\n<li>El saldo obtenido por las giros gratis inferiores a un valor de $1 se ver\u00e1 reflejado en la cuenta del usuario como Bono Cash<sup>1<\/sup>y podr\u00e1 disponer de dicho saldo para jugar.<\/li>\n\n\n\n<li>El valor m\u00e1ximo de ganancia al que el usuario podr\u00e1 acceder luego de liberar el bono promocional obtenido por las giros gratis ser\u00e1 de $100.<\/li>\n\n\n\n<li>Para realizar el rollover X 25 se deber\u00e1 tener en cuenta las siguientes categor\u00edas de juegos y el respectivo porcentaje que aplicar\u00e1 a cada uno de ellos.<\/li>\n<\/ol>\n\n\n\n<div class=\"row justify-content-center\">\n    <table class=\"GeneratedTable\">\n      <thead>\n        <tr>\n          <th>Categor\u00eda de Juegos<\/th>\n          <th>% del valor<\/th>\n        <\/tr>\n      <\/thead>\n      <tbody>\n        <tr>\n          <td>Todas los tragamonedas<\/td>\n          <td>100%<\/td>\n        <\/tr>\n        <tr>\n          <td>\n            Ruleta &#8211; bajo riesgo (la apuesta cubre mas del 60% &#xFEFF;del pa\u00f1o)\n          <\/td>\n          <td>0%<\/td>\n        <\/tr>\n        <tr>\n          <td>\n            Ruleta &#8211; riesgo medio&#xFEFF; (la apuesta cubre entre el 10% y el 60%\n            &#xFEFF;del pa\u00f1o)\n          <\/td>\n          <td>10%<\/td>\n        <\/tr>\n        <tr>\n          <td>\n            Ruleta &#8211; alto riesgo &#xFEFF;(la apuesta cubre entre el 0% y el 10%\n            &#xFEFF;del pa\u00f1o)\n          <\/td>\n          <td>25%<\/td>\n        <\/tr>\n        <tr>\n          <td>Casino Hold&#8217;em &#8211; todos<\/td>\n          <td>10%<\/td>\n        <\/tr>\n        <tr>\n          <td>Blackjack &#8211; todos<\/td>\n          <td>10%<\/td>\n        <\/tr>\n        <tr>\n          <td>\n            Video POKER &#8211; todos<br \/>\n            Age of Egypt | Kingdoms Rise: Captain&#8217;s Treasure | Kingdoms Rise: Chasm\n            of Fear | A Night Out | Alchemists Lab | AP McCoy: Sporting Legends\u2122 |\n            Captain&#8217;sTreasure | Classic Slot (Reels) | DesertTreasure | Diamond\n            Valley | Dr. Lovemore | Easter Surprise | FootballRules | Fortune Day |\n            Gaelic Luck | Goblin&#8217;s Cave | Golden Tour | Halloween Fortune | Highway\n            Kings | Jungle Boogie | Lotto Madness | Neptune\u2019s Kingdom | Ocean\n            Princess | RAY Numero keno | Reel Classic 5 | Ri Ri JinCai | Safecracker\n            | SantaSurprise | Sinbad\u2019s Golden Voyage | Skazka Pro | Spud O&#8217;Reilly&#8217;s\n            Cropsof Gold | Sultan\u2019s Fortune | Triple Profits | Tropic Reels | Ugga\n            Bugga | Wild Gambler | Zhao Cai Tong Zi | Kingdoms Rise: Legion Uprising\n            | Rulers of the World: Empire Treasures | Stallion Strike PowerPlay\n            Jackpot | Xuan Pu Lian Huan | Nian Nian You Yu | Captain Treasure |\n            Funky Monkey | Record Riches | Arowanas Luck | Honey Gems PowerPlay\n            Jackpot | Better Wilds PowerPlay Jackpot | Egyptian Emeralds PowerPlay\n            Jackpot | Storms of Ice PowerPlay Jackpot | Tiger Claws | Great Blue |\n            Furious Four | Murder Mystery | Legacy Of The Wild | Tsai Shen&#8217;s Gift |\n            Wild West Wilds\n          <\/td>\n          <td>10%<\/td>\n        <\/tr>\n        <tr>\n          <td>Baccarat &#8211; todos<\/td>\n          <td>0%<\/td>\n        <\/tr>\n        <tr>\n          <td>TODAS LAS APUESTAS DOBLES EN TRAGAPERRAS Y VIDEO POKER<\/td>\n          <td>0%<\/td>\n        <\/tr>\n        <tr>\n          <td>\n            JUEGOS EXCLUIDOS: Zero Roulette, Zero Blackjack, Zero Video Cards, Zero\n            Baccarat, Savage Jungle,&nbsp;Golden Beauty, Bronco Spirit, Tip Top\n            Totems,Stallion Strike\u2122, Spin a Win (En Vivo), Sahara Riches\u2122 Cash\n            Collect, Santa Surprise, Great Blue, Roulette Deluxe, Quantum Ruleta (En\n            Vivo), Quantum Roulette\u2122 Instant Play, Spread Bet Ruleta (En Vivo),\n            Football French Roulette (En Vivo), Bet On Baccarat (En Vivo), Age of\n            the Gods: Apollo Power, Age of the Gods: Glorious Griffin, Age of the\n            Gods: God of Storms 2, Age Of The Gods: Mighty Midas, Age of the Gods:\n            Ruler of the Dead, Kingdoms Rise: Legend of Elvenstone, Age of the Gods:\n            Ruler of the Sky, Age of the Gods: Medusa &amp; Monsters, Pyramid\n            Valley: Power Zones, Jacks or Better Multi-Hand 25\n          <\/td>\n          <td>0%<\/td>\n        <\/tr>\n      <\/tbody>\n    <\/table>\n<\/div>\n\n\n\n<p>Ejemplo:<\/p>\n\n\n\n<ul class=\"wp-block-list\">\n<li>Si un usuario realiza una apuesta en los juegos de mesa (ruletas &#8211; alto riesgo) de $10, el 25% ($2.50) contar\u00e1n para el cumplimiento del rollover.<\/li>\n<\/ul>\n\n\n\n<ol start=\"14\" class=\"wp-block-list\">\n<li>El usuario podr\u00e1 visualizar el avance del Rollover en la secci\u00f3n \u201chistorial promocional\u201d de su cuenta Betcha.pa. Una vez se cumpla la totalidad del Rollover el saldo se reflejar\u00e1 en la cuenta como saldo disponible.<\/li>\n\n\n\n<li>Las ganancias obtenidas del bono promocional no estar\u00e1n disponibles una vez se solicite su retiro y estas quedar\u00e1n como una transacci\u00f3n de retiro pendiente.<\/li>\n\n\n\n<li>Si durante el cumplimiento del rollover el usuario genera un documento de retiro, el saldo acumulado del rollover ser\u00e1 cancelado de su cuenta.<\/li>\n\n\n\n<li>Los T\u00e9rminos y Condiciones Generales y los t\u00e9rminos y condiciones aqu\u00ed descritos, aplican en todo momento para efectos de esta actividad promocional.<\/li>\n\n\n\n<li>Despu\u00e9s de los primeros $20 apostados, el usuario participante en la actividad promocional podr\u00e1 seguir apostando, pero no podr\u00e1 tener acceso a otro bono dentro de este mismo promocional.<\/li>\n\n\n\n<li>Betcha.pa se reserva el derecho de dar de baja o modificar las condiciones de esta promoci\u00f3n en caso de presentarse alguna intermitencia t\u00e9cnica, tecnol\u00f3gica, ajena a nuestro funcionamiento durante el desarrollo de la actividad, en donde se notificar\u00e1 al usuario dicha novedad, respetando los premios logrados por los participantes.<\/li>\n\n\n\n<li>Betcha.pa se reserva el derecho para solicitar alg\u00fan dato, informaci\u00f3n, documento o comprobante adicional a efectos de validar la identidad del usuario, confirmar la titularidad de la cuenta y legitimidad de las apuestas realizadas, para hacer efectiva la acreditaci\u00f3n del bono promocional.<\/li>\n\n\n\n<li>Para los usuarios participantes en donde se detecte alg\u00fan movimiento o transacci\u00f3n dudosa a ra\u00edz del bono obtenido en esta promoci\u00f3n, sea de forma individual o en grupo, Betcha.pa podr\u00e1 suspender sus cuentas de juego con el fin de verificar su identidad y la veracidad de la informaci\u00f3n suministrada al momento del registro en la plataforma.<\/li>\n\n\n\n<li>Betcha.pa har\u00e1 la validaci\u00f3n de segmentaci\u00f3n aleatoria internamente con sus herramientas, y solo se entregar\u00e1n bonos a los usuarios que fueron contactados directamente por Betcha.pa a trav\u00e9s de correo electr\u00f3nico o mensaje de texto, y que figuren en nuestras listas internas una vez hecha tal validaci\u00f3n.<\/li>\n\n\n\n<li>El juego Es disponibile solo en la vertical de casino<\/li>\n\n\n\n<li>Aplican solo apuestas hechas en la vertical de casino y tragamonedas<\/li>\n\n\n\n<li>Con la participaci\u00f3n en este promocional el usuario declara haber le\u00eddo y aceptado los t\u00e9rminos y condiciones aqu\u00ed presentes.<\/li>\n\n\n\n<li>Estos t\u00e9rminos y condiciones son v\u00e1lidos para Panama.<\/li>\n<\/ol>\n","protected":false},"excerpt":{"rendered":"<p>Sigue estos simples pasos para participar: VERIFICA AQU\u00cd &nbsp; T\u00e9rminos y Condiciones Vigencia: Promoci\u00f3n v\u00e1lida desde las 00:00 del 1 de enero de 2024 hasta las 23:59 del 31 de diciembre de 2024. Categor\u00eda de Juegos % del valor Todas los tragamonedas 100% Ruleta &#8211; bajo riesgo (la apuesta cubre mas del 60% &#xFEFF;del pa\u00f1o) [&hellip;]<\/p>\n","protected":false},"author":38,"featured_media":128504,"parent":38,"menu_order":5,"comment_status":"closed","ping_status":"closed","template":"","meta":{"_acf_changed":false,"footnotes":""},"categories":[],"class_list":["post-128510","page","type-page","status-publish","has-post-thumbnail","hentry"],"acf":[],"_links":{"self":[{"href":"https:\/\/www.betcha.pa\/mas\/wp-json\/wp\/v2\/pages\/128510","targetHints":{"allow":["GET"]}}],"collection":[{"href":"https:\/\/www.betcha.pa\/mas\/wp-json\/wp\/v2\/pages"}],"about":[{"href":"https:\/\/www.betcha.pa\/mas\/wp-json\/wp\/v2\/types\/page"}],"author":[{"embeddable":true,"href":"https:\/\/www.betcha.pa\/mas\/wp-json\/wp\/v2\/users\/38"}],"replies":[{"embeddable":true,"href":"https:\/\/www.betcha.pa\/mas\/wp-json\/wp\/v2\/comments?post=128510"}],"version-history":[{"count":6,"href":"https:\/\/www.betcha.pa\/mas\/wp-json\/wp\/v2\/pages\/128510\/revisions"}],"predecessor-version":[{"id":129139,"href":"https:\/\/www.betcha.pa\/mas\/wp-json\/wp\/v2\/pages\/128510\/revisions\/129139"}],"up":[{"embeddable":true,"href":"https:\/\/www.betcha.pa\/mas\/wp-json\/wp\/v2\/pages\/38"}],"wp:featuredmedia":[{"embeddable":true,"href":"https:\/\/www.betcha.pa\/mas\/wp-json\/wp\/v2\/media\/128504"}],"wp:attachment":[{"href":"https:\/\/www.betcha.pa\/mas\/wp-json\/wp\/v2\/media?parent=128510"}],"wp:term":[{"taxonomy":"category","embeddable":true,"href":"https:\/\/www.betcha.pa\/mas\/wp-json\/wp\/v2\/categories?post=128510"}],"curies":[{"name":"wp","href":"https:\/\/api.w.org\/{rel}","templated":true}]}}