{"id":128473,"date":"2023-05-04T14:25:11","date_gmt":"2023-05-04T14:25:11","guid":{"rendered":"https:\/\/www.betcha.pa\/?page_id=128473"},"modified":"2026-01-05T09:20:07","modified_gmt":"2026-01-05T09:20:07","slug":"contactenos","status":"publish","type":"page","link":"https:\/\/www.betcha.pa\/mas\/ayuda\/contactenos\/","title":{"rendered":"Cont\u00e1ctenos"},"content":{"rendered":"\n<p>Si tienes sugerencias, preguntas o comentarios contacta con nuestro equipo de soporte, disponible a trav\u00e9s de:<\/p>\n\n\n\n<h3 class=\"wp-block-heading\">Correo electr\u00f3nico<\/h3>\n\n\n\n<p><a href=\"mailto:soporte@betcha.pa\">soporte@betcha.pa<\/a><\/p>\n\n\n\n<p>Mande sus dudas v\u00eda correo electr\u00f3nico, un asesor le atender\u00e1 desde las 08:00h hasta las 23:59h, hora de Panam\u00e1. Solo el chat y las l\u00edneas telef\u00f3nicas est\u00e1n disponibles en este per\u00edodo, pero puede enviarnos un correo electr\u00f3nico cuando lo desee y le responderemos lo antes posible.<\/p>\n\n\n\n<h3 class=\"wp-block-heading\">N\u00famero telef\u00f3nico:<\/h3>\n\n\n\n<p>Hable por tel\u00e9fono con un asesor&nbsp;<\/p>\n\n\n\n<p>Desde Panama :<a href=\"tel:+5073026868\" target=\"_blank\" rel=\"noreferrer noopener\">+507-302-6868<\/a><\/p>\n\n\n\n<p>Desde Honduras:&nbsp;<a href=\"tel:80027916211\" target=\"_blank\" rel=\"noreferrer noopener\">800 279 16211<\/a><\/p>\n\n\n\n<p>Desde El Salvador:&nbsp;<a href=\"tel:800-6211\" data-type=\"tel\" data-id=\"tel:800-6211\" target=\"_blank\" rel=\"noreferrer noopener\">800-6211<\/a><\/p>\n\n\n\n<p>Desde Costa Rica:\u00a0<a href=\"tel:08000150775\" target=\"_blank\" rel=\"noreferrer noopener\">0-800-015-0775<\/a><\/p>\n\n\n\n<p>Whatsapp:&nbsp;<a href=\"tel:+50769387276\" target=\"_blank\" rel=\"noreferrer noopener\">+507 6938-7276<\/a><\/p>\n\n\n\n<h3 class=\"wp-block-heading\">Direcci\u00f3n postal:<\/h3>\n\n\n\n<p>PH Plaza Real, Oficina 403, Corregimiento de Juan D\u00edaz, Rep\u00fablica de Panam\u00e1<\/p>\n","protected":false},"excerpt":{"rendered":"<p>Si tienes sugerencias, preguntas o comentarios contacta con nuestro equipo de soporte, disponible a trav\u00e9s de: Correo electr\u00f3nico soporte@betcha.pa Mande sus dudas v\u00eda correo electr\u00f3nico, un asesor le atender\u00e1 desde las 08:00h hasta las 23:59h, hora de Panam\u00e1. Solo el chat y las l\u00edneas telef\u00f3nicas est\u00e1n disponibles en este per\u00edodo, pero puede enviarnos un correo [&hellip;]<\/p>\n","protected":false},"author":38,"featured_media":128472,"parent":908,"menu_order":0,"comment_status":"closed","ping_status":"closed","template":"","meta":{"_acf_changed":false,"footnotes":""},"categories":[],"class_list":["post-128473","page","type-page","status-publish","has-post-thumbnail","hentry"],"acf":[],"_links":{"self":[{"href":"https:\/\/www.betcha.pa\/mas\/wp-json\/wp\/v2\/pages\/128473","targetHints":{"allow":["GET"]}}],"collection":[{"href":"https:\/\/www.betcha.pa\/mas\/wp-json\/wp\/v2\/pages"}],"about":[{"href":"https:\/\/www.betcha.pa\/mas\/wp-json\/wp\/v2\/types\/page"}],"author":[{"embeddable":true,"href":"https:\/\/www.betcha.pa\/mas\/wp-json\/wp\/v2\/users\/38"}],"replies":[{"embeddable":true,"href":"https:\/\/www.betcha.pa\/mas\/wp-json\/wp\/v2\/comments?post=128473"}],"version-history":[{"count":6,"href":"https:\/\/www.betcha.pa\/mas\/wp-json\/wp\/v2\/pages\/128473\/revisions"}],"predecessor-version":[{"id":129283,"href":"https:\/\/www.betcha.pa\/mas\/wp-json\/wp\/v2\/pages\/128473\/revisions\/129283"}],"up":[{"embeddable":true,"href":"https:\/\/www.betcha.pa\/mas\/wp-json\/wp\/v2\/pages\/908"}],"wp:featuredmedia":[{"embeddable":true,"href":"https:\/\/www.betcha.pa\/mas\/wp-json\/wp\/v2\/media\/128472"}],"wp:attachment":[{"href":"https:\/\/www.betcha.pa\/mas\/wp-json\/wp\/v2\/media?parent=128473"}],"wp:term":[{"taxonomy":"category","embeddable":true,"href":"https:\/\/www.betcha.pa\/mas\/wp-json\/wp\/v2\/categories?post=128473"}],"curies":[{"name":"wp","href":"https:\/\/api.w.org\/{rel}","templated":true}]}}