{"id":128347,"date":"2023-03-29T09:24:59","date_gmt":"2023-03-29T09:24:59","guid":{"rendered":"https:\/\/www.betcha.pa\/?page_id=128347"},"modified":"2023-03-29T09:25:00","modified_gmt":"2023-03-29T09:25:00","slug":"betcha-pa-respeta-tu-privacidad","status":"publish","type":"page","link":"https:\/\/www.betcha.pa\/mas\/betcha-pa-respeta-tu-privacidad\/","title":{"rendered":"Betcha.pa,\u00a0respeta tu Privacidad"},"content":{"rendered":"\n<p>Las siguientes declaraciones detallan la informaci\u00f3n reunida por Betcha.pa<\/p>\n\n\n\n<h3 class=\"wp-block-heading\">Pol\u00edtica de privacidad<\/h3>\n\n\n\n<p>Onjoc, Corp. (en adelante ONJOC) con domicilio en PH Plaza Real, Oficina 403, Costa del Este, Ciudad de Panam\u00e1, Rep\u00fablica de Panam\u00e1, es el responsable del tratamiento de sus datos personales y est\u00e1 comprometido a proteger y respetar su privacidad observando los principios de licitud, veracidad, exactitud, consentimiento, informaci\u00f3n, calidad, transparencia, confidencialidad, finalidad, lealtad, seguridad de los datos, proporcionalidad y responsabilidad en el tratamiento de datos personales. Puede ponerse en contacto con nosotros en nuestra direcci\u00f3n de domicilio anteriormente mencionada o al siguiente n\u00famero telef\u00f3nico: (507) 304-8693<\/p>\n\n\n\n<h3 class=\"wp-block-heading\">Almacenamiento de informaci\u00f3n<\/h3>\n\n\n\n<p>Almacenamos la informaci\u00f3n personal de quienes visitan nuestro sitio web mediante el uso de formatos en l\u00ednea o al recibir un correo electr\u00f3nico con sus detalles. Tambi\u00e9n almacenamos la informaci\u00f3n de las transacciones realizadas con nosotros, incluyendo los detalles de las tarjetas de cr\u00e9dito utilizadas. La informaci\u00f3n personal que recolectamos debe incluir: nombre, direcci\u00f3n de correo electr\u00f3nico, direcci\u00f3n de domicilio, n\u00famero telef\u00f3nico, datos de tarjeta de cr\u00e9dito\/d\u00e9bito, fecha de nacimiento y otra informaci\u00f3n solicitada en el momento del registro o mediante auditor\u00edas realizadas por nosotros o por medio de terceros contratados para dicho prop\u00f3sito, cumpliendo siempre con toda la confidencialidad requerida para la protecci\u00f3n de dichos datos. Tenga en cuenta que la informaci\u00f3n personal que usted nos proporciona ser\u00e1 utilizada para identificarlo de manera individual y para ofrecer los servicios y productos requeridos, as\u00ed como actividades afines. En general, compartimos su informaci\u00f3n \u00fanicamente con nuestras empresas filiales o subsidiarias.<\/p>\n\n\n\n<h3 class=\"wp-block-heading\">Sitio web y publicidad<\/h3>\n\n\n\n<p>Nuestro sitio web registra autom\u00e1ticamente las direcciones IP necesarias tanto para la operaci\u00f3n del mismo, como para realizar un an\u00e1lisis estad\u00edstico sobre el tr\u00e1fico del sitio. NO registramos direcciones de correo electr\u00f3nico de los visitantes del sitio web. Nuestro sistema publicitario registra direcciones IP con el objetivo de proporcionar rasgos publicitarios m\u00e1s precisos, como por ejemplo anuncios en el idioma espec\u00edfico.<\/p>\n\n\n\n<h3 class=\"wp-block-heading\">Uso de la informaci\u00f3n personal<\/h3>\n\n\n\n<p>Procesamos la informaci\u00f3n personal con los siguientes prop\u00f3sitos:<\/p>\n\n\n\n<ul class=\"wp-block-list\">\n<li>Crear y manejar la cuenta del jugador y sus registros;<\/li>\n\n\n\n<li>Administrar la cuenta del jugador;<\/li>\n\n\n\n<li>Proporcionar y personalizar nuestros servicios;<\/li>\n\n\n\n<li>Atender sus preguntas y solicitudes;<\/li>\n\n\n\n<li>Notificar acerca de las actualizaciones en nuestro software y\/o servicios;<\/li>\n\n\n\n<li>Asegurarnos de cumplir todas nuestras responsabilidades regulatorias verificando la precisi\u00f3n de cualquier informaci\u00f3n recibida;<\/li>\n\n\n\n<li>La regulaci\u00f3n de nuestro acuerdo de conformidad, prevenci\u00f3n de delitos y prosecuci\u00f3n de infractores incluyendo, cuando sea aplicable, la respuesta a las solicitudes de informaci\u00f3n por parte de autoridades deportivas o cualquier otra entidad autorizada con el prop\u00f3sito de compartir informaci\u00f3n;<\/li>\n<\/ul>\n\n\n\n<ul class=\"wp-block-list\">\n<li>Llevar a cabo estudios para campa\u00f1as de mercadeo;<\/li>\n\n\n\n<li>Ofrecer a los jugadores informaci\u00f3n y soporte sobre nuestros productos y servicios;<\/li>\n<\/ul>\n\n\n\n<ul class=\"wp-block-list\">\n<li>Marketing de nuestros productos y servicios o aquellos ofrecidos por nuestro grupo de compa\u00f1\u00edas; y<\/li>\n\n\n\n<li>Mantener cualquiera de los prop\u00f3sitos indicados espec\u00edficamente en el momento en el que nos proporcione su informaci\u00f3n personal.<\/li>\n<\/ul>\n\n\n\n<p>Si NO desea recibir nuestras notificaciones, por favor env\u00edenos un correo electr\u00f3nico en blanco con la palabra \u00abRemover\u00bb en el asunto a: info@onjoc.com<\/p>\n\n\n\n<h3 class=\"wp-block-heading\">Acceso o rectificaci\u00f3n de datos personales, cancelaci\u00f3n u oposici\u00f3n a su uso (Derechos ARCO)<\/h3>\n\n\n\n<p>Usted tiene derecho a acceder a sus datos personales recopilados por Betcha.pa, as\u00ed como a rectificarlos en caso de ser inexactos o estar incompletos; cancelarlos cuando considere que no se requieren para alguna de las finalidades se\u00f1aladas en la presente pol\u00edtica de privacidad; est\u00e9n siendo utilizados para finalidades no consentidas o haya finalizado la relaci\u00f3n comercial y\/o de servicios con nosotros y de igual forma tiene derecho a la portabilidad de su informaci\u00f3n, es decir, a obtener una copia de los datos personales de manera estructurada. Tambi\u00e9n, puede oponerse al tratamiento de los mismos para fines espec\u00edficos. El mecanismo establecido para el ejercicio de dichos derechos es el env\u00edo de un correo electr\u00f3nico dirigido a info@onjoc.com, en cuyo asunto se lea \u00abSolicitud de acceso, rectificaci\u00f3n, cancelaci\u00f3n, oposici\u00f3n y\/o portabilidad\u00bb de sus datos personales, el correo deber\u00e1 incluir una imagen de una identificaci\u00f3n oficial vigente.<\/p>\n\n\n\n<p>Al momento de recibir su solicitud mediante correo electr\u00f3nico, le enviaremos una notificaci\u00f3n con la respuesta en un plazo no mayor a 10 d\u00edas h\u00e1biles, inform\u00e1ndole sobre el estado de su solicitud y\/o, si es necesario, la solicitud de la documentaci\u00f3n requerida, que acrediten su identidad con el prop\u00f3sito de procesar dicha pertici\u00f3n.<\/p>\n\n\n\n<h3 class=\"wp-block-heading\">Revocaci\u00f3n del consentimiento de manejo de sus datos<\/h3>\n\n\n\n<p>Si es su deseo, puede en cualquier momento revocar el consentimiento que nos ha otorgado para manejar sus datos personales, con el objeto de que cesemos de hacer uso de los mismos. Para este prop\u00f3sito, deber\u00e1 ponerse en contacto con nosotros mediante un mensaje de correo electr\u00f3nico en la siguiente direcci\u00f3n: info@onjoc.com<\/p>\n\n\n\n<h3 class=\"wp-block-heading\">Divulgaci\u00f3n de informaci\u00f3n personal<\/h3>\n\n\n\n<p>Podremos revelar su informaci\u00f3n personal para los prop\u00f3sitos anteriormente mencionados y a los siguientes destinatarios (\u00abDestinatarios\u00bb):<\/p>\n\n\n\n<p>(i) Cualquiera de las compa\u00f1\u00edas pertenecientes a nuestro grupo y a los empleados<\/p>\n\n\n\n<p>dentro de estas que deban conocer dicha informaci\u00f3n, manteniendo los mismos niveles de confidencialidad;<\/p>\n\n\n\n<ul class=\"wp-block-list\">\n<li>Cualquier tercero que ofrezca sus servicios a nosotros con los cuales usted pueda participar en nuestros servicios de apuestas, incluyendo, entre otros, procesamiento de pagos y verificaci\u00f3n de datos;<\/li>\n<\/ul>\n\n\n\n<ul class=\"wp-block-list\">\n<li>Cualquier tercera persona que nos proporcione servicios relacionados con la operaci\u00f3n de Betcha.pa;<\/li>\n\n\n\n<li>Cualquier auditor, contratista u otra clase de consejero que se encuentre realizando alguna auditor\u00eda a cualquiera de nuestros procesos de negocio, o que tenga la necesidad de acceder a dicha informaci\u00f3n con el prop\u00f3sito de asesorarnos;<\/li>\n<\/ul>\n\n\n\n<ul class=\"wp-block-list\">\n<li>Cualquier cuerpo regulatorio, deportivo o entidad autorizada por cualquier requerimiento razonable para acceder a dicha informaci\u00f3n personal; y<\/li>\n\n\n\n<li>Cualquier comprador potencial de la empresa Betcha.pa o cualquier inversionista o compa\u00f1\u00eda dentro del grupo, ya sea a nivel nacional o internacional.<\/li>\n<\/ul>\n\n\n\n<p>En el evento que Betcha.pa transfiriera sus datos personales a alguno de sus proveedores con el prop\u00f3sito de realizar el manejo de estos de acuerdo a lo estipulado en el presente Pol\u00edtica de Privacidad, lo har\u00e1 previa celebraci\u00f3n de convenios de confidencialidad, siempre y cuando (i) el proveedor o persona a quien se le entreguen dichos datos, acepte someterlos al manejo de datos personales estipulado en la presente pol\u00edtica de privacidad y a Ley No. 81 de 26 de marzo de 2019 de protecci\u00f3n de datos personales de la Rep\u00fablica de Panam\u00e1, y (ii) Se cumpla con alguno de los supuestos establecidos en el Art\u00edculo 32 de la Ley No. 81 de 26 de marzo de 2019 de protecci\u00f3n de datos personales de la Rep\u00fablica de Panam\u00e1. Si usted no manifiesta alg\u00fan tipo de oposici\u00f3n para que sus datos personales sean transferidos a terceros, se entender\u00e1 que ha otorgado a Betcha.pa su consentimiento para ello. El titular de los datos personales entregados que pretenda entablar una relaci\u00f3n jur\u00eddica con Betcha.pa o con alguna de sus filiales, acepta que sus datos personales puedan ser transferidos de acuerdo a los descrito en los t\u00e9rminos del presente pol\u00edtica de privacidad.<\/p>\n\n\n\n<h3 class=\"wp-block-heading\">Modificaciones en la pol\u00edtica de privacidad<\/h3>\n\n\n\n<p>En caso de realizar cualquier modificaci\u00f3n a la presente pol\u00edtica de privacidad, recibir\u00e1 una notificaci\u00f3n mediante alguno de los siguientes medios:<\/p>\n\n\n\n<ol class=\"wp-block-list\">\n<li>Notificaciones en el sitio web de Betcha.pa (www.Betcha.pa)<\/li>\n\n\n\n<li>Correo electr\u00f3nico proporcionado por el titular de datos personales.<\/li>\n\n\n\n<li>Cualquier otro medio de comunicaci\u00f3n p\u00fablico o privado previsto en los contratos que amparan las operaciones celebradas con Betcha.pa o por cualquiera de las empresas afiliadas.<\/li>\n<\/ol>\n\n\n\n<h3 class=\"wp-block-heading\">Pol\u00edtica de correos electr\u00f3nicos<\/h3>\n\n\n\n<p>No toleraremos spam. Hemos recibido su consentimiento para comunicarnos v\u00eda correo electr\u00f3nico. De acuerdo a los estipulado en nuestras pol\u00edticas, le enviaremos correos promocionales y actualizaciones hasta el momento en que nos informe que desea dejar de hacerlo. Si desea darse de baja de nuestro servicio de correo electr\u00f3nico, puede realizarlo en cualquier momento, a trav\u00e9s de uno de los siguientes medios:<\/p>\n\n\n\n<ul class=\"wp-block-list\">\n<li>Haciendo clic en el enlace que aparece en todos los correos promocionales de\u00a0<a href=\"https:\/\/www.betcha.pa\/casino\" target=\"_blank\" rel=\"noreferrer noopener\">https:\/\/www.betcha.pa\/casino<\/a>\u00a0y siguiendo las instrucciones.<\/li>\n\n\n\n<li>Comunic\u00e1ndose con cualquiera de los siguientes n\u00fameros: L\u00ednea local: +(507) 304-8693, Chat en l\u00ednea.<\/li>\n\n\n\n<li>Enviando un mensaje a info@onjoc.com. Al momento de recibir su notificaci\u00f3n d\u00e1ndose de baja, dejaremos de enviarle correos electr\u00f3nicos y actualizaciones de manera inmediata. Si contin\u00faa recibiendo nuestros correos promocionales o cualquier tipo de comunicaci\u00f3n por alguno de los medios no solicitados, por favor env\u00ede un reporte a nuestro correo electr\u00f3nico a info@onjoc.com.<\/li>\n<\/ul>\n\n\n\n<h3 class=\"wp-block-heading\">Ganancias<\/h3>\n\n\n\n<p>Sus ganancias y retiros son estrictamente confidenciales, la informaci\u00f3n relacionada a los retiros es almacenada y protegida mediante los mejores sistemas de protecci\u00f3n de datos. Betcha.pa no revelar\u00e1 la informaci\u00f3n sobre sus ganancias a terceros, a menos que dicha informaci\u00f3n sea solicitada mediante una instancia legal, por alguna autoridad gubernamental o ente regulador competente.<\/p>\n\n\n\n<h3 class=\"wp-block-heading\">Seguridad<\/h3>\n\n\n\n<p>Betcha.pa utiliza diferentes m\u00e9todos para asegurar la confidencialidad de la informaci\u00f3n de sus clientes. Para transferir la informaci\u00f3n utilizamos tecnolog\u00edas de codificaci\u00f3n y, una vez archivada en nuestros servidores, es conservada con los m\u00e1s altos est\u00e1ndares de protecci\u00f3n de datos disponibles en la red. Si tiene preguntas o dudas con respecto a la confidencialidad y protecci\u00f3n de sus datos, puede ponerse en contacto con nuestro departamento de servicio al cliente. Nuestro soporte en l\u00ednea est\u00e1 disponible desde las 08:00h hasta las 23:59h, hora de Panam\u00e1. Solo el chat y las l\u00edneas telef\u00f3nicas est\u00e1n disponibles en este per\u00edodo, pero puede enviarnos un correo electr\u00f3nico cuando lo desee y le responderemos lo antes posible.<\/p>\n\n\n\n<h3 class=\"wp-block-heading\">Betcha.pa usa seguridad SSL<\/h3>\n\n\n\n<p>Betcha.pa cuenta con las mejores y m\u00e1s fuertes medidas de seguridad disponibles en la red. Nuestra SSL (Secured Socket Layer, capa de encriptaci\u00f3n segura) usa encriptaci\u00f3n de 256 bits. Esta tecnolog\u00eda codifica todos los datos personales transferidos entre usted y Betcha.pa.<\/p>\n\n\n\n<p>Betcha.pa trabaja de manera ardua para garantizar un entorno de juego seguro y confiable.<\/p>\n","protected":false},"excerpt":{"rendered":"<p>Las siguientes declaraciones detallan la informaci\u00f3n reunida por Betcha.pa Pol\u00edtica de privacidad Onjoc, Corp. (en adelante ONJOC) con domicilio en PH Plaza Real, Oficina 403, Costa del Este, Ciudad de Panam\u00e1, Rep\u00fablica de Panam\u00e1, es el responsable del tratamiento de sus datos personales y est\u00e1 comprometido a proteger y respetar su privacidad observando los principios [&hellip;]<\/p>\n","protected":false},"author":38,"featured_media":0,"parent":0,"menu_order":0,"comment_status":"closed","ping_status":"closed","template":"","meta":{"_acf_changed":false,"footnotes":""},"categories":[],"class_list":["post-128347","page","type-page","status-publish","hentry"],"acf":[],"_links":{"self":[{"href":"https:\/\/www.betcha.pa\/mas\/wp-json\/wp\/v2\/pages\/128347","targetHints":{"allow":["GET"]}}],"collection":[{"href":"https:\/\/www.betcha.pa\/mas\/wp-json\/wp\/v2\/pages"}],"about":[{"href":"https:\/\/www.betcha.pa\/mas\/wp-json\/wp\/v2\/types\/page"}],"author":[{"embeddable":true,"href":"https:\/\/www.betcha.pa\/mas\/wp-json\/wp\/v2\/users\/38"}],"replies":[{"embeddable":true,"href":"https:\/\/www.betcha.pa\/mas\/wp-json\/wp\/v2\/comments?post=128347"}],"version-history":[{"count":1,"href":"https:\/\/www.betcha.pa\/mas\/wp-json\/wp\/v2\/pages\/128347\/revisions"}],"predecessor-version":[{"id":128348,"href":"https:\/\/www.betcha.pa\/mas\/wp-json\/wp\/v2\/pages\/128347\/revisions\/128348"}],"wp:attachment":[{"href":"https:\/\/www.betcha.pa\/mas\/wp-json\/wp\/v2\/media?parent=128347"}],"wp:term":[{"taxonomy":"category","embeddable":true,"href":"https:\/\/www.betcha.pa\/mas\/wp-json\/wp\/v2\/categories?post=128347"}],"curies":[{"name":"wp","href":"https:\/\/api.w.org\/{rel}","templated":true}]}}