{"id":128344,"date":"2023-03-29T09:21:45","date_gmt":"2023-03-29T09:21:45","guid":{"rendered":"https:\/\/www.betcha.pa\/?page_id=128344"},"modified":"2023-03-29T09:21:46","modified_gmt":"2023-03-29T09:21:46","slug":"betcha-donde-juegan-los-ganadores","status":"publish","type":"page","link":"https:\/\/www.betcha.pa\/mas\/betcha-donde-juegan-los-ganadores\/","title":{"rendered":"Betcha,\u00a0donde juegan los ganadores"},"content":{"rendered":"\n<p>Betcha.pa es el mejor sitio de casino y apuestas deportivas en l\u00ednea que brinda una experiencia \u00fanica a los miles de jugadores en la Rep\u00fablica de Panam\u00e1. En Betcha.pa podr\u00e1s encontrar la mejor y m\u00e1s amplia selecci\u00f3n de los juegos cl\u00e1sicos de casino como: ruleta, blackjack, juegos en vivo y las populares tragamonedas con t\u00edtulos que te mantendr\u00e1n entretenido durante horas enteras. Adem\u00e1s podr\u00e1s encontrar la mejor oferta de apuestas deportivas con mercados que incluyen a los deportes y las ligas m\u00e1s importantes del mundo como: tenis, f\u00fatbol, b\u00e9isbol, entre otros.<\/p>\n\n\n\n<h3 class=\"wp-block-heading\">Nuestra Misi\u00f3n<\/h3>\n\n\n\n<p>Ofrecemos los juegos en l\u00ednea de la m\u00e1s alta calidad en medio de un ambiente siempre positivo y divertido para hacer que tu experiencia de juego sea de primera. Tenemos una impresionante colecci\u00f3n de juegos de casino disponibles y una amplia oferta de mercados de apuestas deportivas para satisfacer todos los gustos y necesidades. Todos nuestros juegos son entretenidos, divertidos, con gr\u00e1ficos de \u00faltima tecnolog\u00eda y f\u00e1ciles de jugar.<\/p>\n\n\n\n<p>Nuestro principal compromiso es con nuestros clientes, por eso garantizamos que respetamos la relaci\u00f3n con nuestros jugadores quienes son nuestra m\u00e1xima prioridad y por este motivo, siempre estamos disponibles para atender cualquier duda, comentario o inquietud.<\/p>\n\n\n\n<h3 class=\"wp-block-heading\">Juego Limpio<\/h3>\n\n\n\n<p>Garantizamos que todos nuestros juegos han pasado las m\u00e1s escrupulosas pruebas de integridad; adem\u00e1s contamos con un grupo id\u00f3neo de contadores, programadores y abogados quienes trabajan duro para garantizar un campo de juego justo para nuestros usuarios. Adem\u00e1s, puedes realizar tus dep\u00f3sitos y transacciones con plena seguridad, ya que garantizamos que tu informaci\u00f3n financiera est\u00e1 siempre encriptada usando las tecnolog\u00edas m\u00e1s sofisticadas, con lo que te brindamos completa seguridad a tus datos.<\/p>\n\n\n\n<h3 class=\"wp-block-heading\">Tecnolog\u00eda galardonada<\/h3>\n\n\n\n<p>Betcha.pa mantiene a tu disposici\u00f3n un equipo de profesionales siempre dispuestos a ayudarte en todas tus necesidades. Adem\u00e1s, ofrecemos los juegos de la m\u00e1s alta calidad disponible, ya que nuestro equipo de control de calidad nos escatima esfuerzos para ofrecerte los mejores juegos bajo un ambiente de juego justo y entretenido.<\/p>\n\n\n\n<h3 class=\"wp-block-heading\">Transacciones Financieras<\/h3>\n\n\n\n<p>Todas las transacciones en Betcha.pa, se realizan a trav\u00e9s de los m\u00e9todos de pago m\u00e1s reconocidos a nivel mundial y bajo las m\u00e1s estrictas medidas de seguridad con lo que tendr\u00e1s la seguridad de estar jugando en un sitio seguro y confiable.<\/p>\n","protected":false},"excerpt":{"rendered":"<p>Betcha.pa es el mejor sitio de casino y apuestas deportivas en l\u00ednea que brinda una experiencia \u00fanica a los miles de jugadores en la Rep\u00fablica de Panam\u00e1. En Betcha.pa podr\u00e1s encontrar la mejor y m\u00e1s amplia selecci\u00f3n de los juegos cl\u00e1sicos de casino como: ruleta, blackjack, juegos en vivo y las populares tragamonedas con t\u00edtulos [&hellip;]<\/p>\n","protected":false},"author":38,"featured_media":0,"parent":0,"menu_order":0,"comment_status":"closed","ping_status":"closed","template":"","meta":{"_acf_changed":false,"footnotes":""},"categories":[],"class_list":["post-128344","page","type-page","status-publish","hentry"],"acf":[],"_links":{"self":[{"href":"https:\/\/www.betcha.pa\/mas\/wp-json\/wp\/v2\/pages\/128344","targetHints":{"allow":["GET"]}}],"collection":[{"href":"https:\/\/www.betcha.pa\/mas\/wp-json\/wp\/v2\/pages"}],"about":[{"href":"https:\/\/www.betcha.pa\/mas\/wp-json\/wp\/v2\/types\/page"}],"author":[{"embeddable":true,"href":"https:\/\/www.betcha.pa\/mas\/wp-json\/wp\/v2\/users\/38"}],"replies":[{"embeddable":true,"href":"https:\/\/www.betcha.pa\/mas\/wp-json\/wp\/v2\/comments?post=128344"}],"version-history":[{"count":2,"href":"https:\/\/www.betcha.pa\/mas\/wp-json\/wp\/v2\/pages\/128344\/revisions"}],"predecessor-version":[{"id":128346,"href":"https:\/\/www.betcha.pa\/mas\/wp-json\/wp\/v2\/pages\/128344\/revisions\/128346"}],"wp:attachment":[{"href":"https:\/\/www.betcha.pa\/mas\/wp-json\/wp\/v2\/media?parent=128344"}],"wp:term":[{"taxonomy":"category","embeddable":true,"href":"https:\/\/www.betcha.pa\/mas\/wp-json\/wp\/v2\/categories?post=128344"}],"curies":[{"name":"wp","href":"https:\/\/api.w.org\/{rel}","templated":true}]}}