{"id":128261,"date":"2023-03-27T11:52:24","date_gmt":"2023-03-27T11:52:24","guid":{"rendered":"https:\/\/www.betcha.pa\/?page_id=128261"},"modified":"2023-06-28T14:21:08","modified_gmt":"2023-06-28T14:21:08","slug":"caja-misteriosa","status":"publish","type":"page","link":"https:\/\/www.betcha.pa\/mas\/promociones\/caja-misteriosa\/","title":{"rendered":"Caja Misteriosa"},"content":{"rendered":"\n<p>\u00a1Aprovecha la Caja Misteriosa que te traen los slots seleccionados del Casino Betcha.pa y aprovecha premios fant\u00e1sticos!<\/p>\n\n\n\n<p>\u00a1De&nbsp;lunes a&nbsp;jueves todas las semanas podr\u00e1s participar recargando tu cuenta y divirti\u00e9ndote en los slots&nbsp;White King, Age of the Gods: God of Storms, Age of the Gods\u2122: Glorious Griffin, Glorious Guardians\u2122, Sky Queen!<\/p>\n\n\n\n<p>\ufeff\ufeffApuesta por tu buena suerte porque en cualquier momento podr\u00e1s ganar hasta 10 jugadas gratis y bonos por hasta $25 para que sigas viviendo la emoci\u00f3n de ganar de la mano de Betcha.pa<\/p>\n\n\n\n<div class=\"row\">\n<div class=\"col-md-6\">\n  <a class=\"btn btn-primary btn-lg btn-block\" style=\"background-color: #00e000;color: #001b32;font-weight: 800;margin-top: 15px; width: 12em\" target=\"_blank\" href=\"https:\/\/www.betcha.pa\/casino\/promociones\/caja-misteriosa\" rel=\"noopener\">VERIFICA AQU\u00cd<\/a>\n<\/div>\n<\/div>\n<p>&nbsp;<\/p>\n\n\n\n<h3 class=\"wp-block-heading\"><strong>T\u00e9rminos y Condiciones:<\/strong><\/h3>\n\n\n\n<p>Vigencia: Promoci\u00f3n v\u00e1lida desde las 00:00 del Lunes a las 23:59 del Jueves todas las semanas a partir del 1 de enero de 2023 hasta las 23:59 del 31 de diciembre de 2023<\/p>\n\n\n\n<ol class=\"wp-block-list\">\n<li>Esta promoci\u00f3n aplica para aquellos usuarios registrados en la plataforma Betcha.pa en estado activo, mayores de edad que cumplan con los t\u00e9rminos y condiciones establecidos en el presente documento.<\/li>\n\n\n\n<li>Para participar el usuario debe de haber realizado su primer deposito en la cuenta Betcha.pa por cualquiera de los medios de recarga autorizados.<\/li>\n\n\n\n<li>El usuario deber\u00e1 apostar en los juegos seleccionados:&nbsp;White King, Age of the Gods: God of Storms, Age of the Gods\u2122:&nbsp;Glorious Griffin, Glorious Guardians\u2122, Sky Queen&nbsp;para tener la oportunidad de recibir una caja misteriosa ubicado en la parte superior de cada slot.<\/li>\n\n\n\n<li>Las cajas misteriosas se activar\u00e1n de forma aleatoria para cualquier usuario que haya apostado con dinero real en cualquiera de los juegos seleccionados. Una vez haya apostado, el icono cambiar\u00e1 de color durante 30 segundos y se desbloquear\u00e1 la opci\u00f3n para abrir la caja misteriosa.<\/li>\n\n\n\n<li>La promoci\u00f3n se desarrollar\u00e1 semanalmente y el usuario podr\u00e1 acceder a varias cajas misteriosas al d\u00eda.<\/li>\n\n\n\n<li>Los premios se entregar\u00e1n de manera aleatoria y la caja misteriosa podr\u00e1 o no, contener en su interior diferentes premios para el usuario.<\/li>\n\n\n\n<li>Los premios incluyen dinero en efectivo y jugadas gratis y se distribuir\u00e1n diariamente de la siguiente manera:<br>&nbsp;<\/li>\n<\/ol>\n\n\n\n<div class=\"row justify-content-center\">\n  <table class=\"GeneratedTable\">\n\t\t\t\t\t\t<thead>\n\t\t\t\t\t\t\t<tr>\n\t\t\t\t\t\t\t\t<th>\n\t\t\t\t\t\t\t\t\tPREMIOS<\/th>\n\t\t\t\t\t\t\t\t<th>\n\t\t\t\t\t\t\t\t\tCANTIDAD DISPONIBLE PARA LA PROMOCI\u00d3N<\/th>\n\t\t\t\t\t\t\t<\/tr>\n\t\t\t\t\t\t<\/thead>\n\t\t\t\t\t\t<tbody>\n\t\t\t\t\t\t\t<tr>\n\t\t\t\t\t\t\t\t<td>\n\t\t\t\t\t\t\t\t\t5 giros gratis<\/td>\n\t\t\t\t\t\t\t\t<td>\n\t\t\t\t\t\t\t\t\t75<\/td>\n\t\t\t\t\t\t\t<\/tr>\n\t\t\t\t\t\t\t<tr>\n\t\t\t\t\t\t\t\t<td>\n\t\t\t\t\t\t\t\t\t10 giros gatis<\/td>\n\t\t\t\t\t\t\t\t<td>\n\t\t\t\t\t\t\t\t\t30<\/td>\n\t\t\t\t\t\t\t<\/tr>\n\t\t\t\t\t\t\t<tr>\n\t\t\t\t\t\t\t\t<td>\n\t\t\t\t\t\t\t\t\t$5 en efectivo<\/td>\n\t\t\t\t\t\t\t\t<td>\n\t\t\t\t\t\t\t\t\t10<\/td>\n\t\t\t\t\t\t\t<\/tr>\n\t\t\t\t\t\t\t<tr>\n\t\t\t\t\t\t\t\t<td>\n\t\t\t\t\t\t\t\t\t$10 en efectivo<\/td>\n\t\t\t\t\t\t\t\t<td>\n\t\t\t\t\t\t\t\t\t5<\/td>\n\t\t\t\t\t\t\t<\/tr>\n\t\t\t\t\t\t\t<tr>\n\t\t\t\t\t\t\t\t<td>\n\t\t\t\t\t\t\t\t\t$25 en efectivo<\/td>\n\t\t\t\t\t\t\t\t<td>\n\t\t\t\t\t\t\t\t\t1<\/td>\n\t\t\t\t\t\t\t<\/tr>\n\t\t\t\t\t\t<\/tbody>\n\t\t\t\t\t<\/table><\/div>\n\n\n\n<ol class=\"wp-block-list\" start=\"8\">\n<li>La acreditaci\u00f3n de los bonos cash se realizar\u00e1 dentro de un lapso de 24 horas h\u00e1biles a partir de la obtenci\u00f3n del premio.<\/li>\n\n\n\n<li>Para cargar las jugadas gratis, el usuario debe dar clic en &#8220;Aceptar&#8221; o &#8220;Rechazar&#8221; los t\u00e9rminos y condiciones que aparecer\u00e1n en un mensaje emergente en la cuenta de juego, para lo cual contar\u00e1 con tres (3) d\u00edas calendario para aceptarlas.<\/li>\n\n\n\n<li>Las jugadas gratis se conceder\u00e1n una vez se acepten los t\u00e9rminos y condiciones, y se har\u00e1n efectivos en los juegos seleccionados:&nbsp;White King, Age of the Gods: God of Storms, Age of the Gods\u2122:&nbsp;Glorious Griffin, Glorious Guardians\u2122, Sky Queen.<\/li>\n\n\n\n<li>El saldo obtenido de estas jugadas gratis se reflejar\u00e1 como bono promocional.<sup>1<\/sup><\/li>\n\n\n\n<li>Para liberar este bono promocional el usuario contar\u00e1 con siete (7) d\u00edas calendario para apostar un valor de 40 veces (Rollover<sup>2<\/sup>X 40) el valor del bono a recibir.<\/li>\n\n\n\n<li>El usuario solo podr\u00e1 retirar la ganancia correspondiente a la promoci\u00f3n una vez cumpla el rollover total, de lo contrario este se cancelar\u00e1 de su cuenta.<\/li>\n\n\n\n<li>Para realizar el rollover X 40 se deber\u00e1 tener en cuenta las siguientes categor\u00edas de juegos y el respectivo porcentaje que aplicar\u00e1 a cada uno de ellos.<\/li>\n<\/ol>\n\n\n\n<div class=\"row justify-content-center\">\n  <table class=\"GeneratedTable\">\n\t\t\t\t\t\t<thead>\n\t\t\t\t\t\t\t<tr>\n\t\t\t\t\t\t\t\t<th>\n\t\t\t\t\t\t\t\t\tCATEGOR\u00cdA DE JUEGOS<\/th>\n\t\t\t\t\t\t\t\t<th>\n\t\t\t\t\t\t\t\t\t% DEL VALOR<\/th>\n\t\t\t\t\t\t\t<\/tr>\n\t\t\t\t\t\t<\/thead>\n\t\t\t\t\t\t<tbody>\n\t\t\t\t\t\t\t<tr>\n\t\t\t\t\t\t\t\t<td>\n\t\t\t\t\t\t\t\t\tTodas los tragamonedas<\/td>\n\t\t\t\t\t\t\t\t<td>\n\t\t\t\t\t\t\t\t\t100%<\/td>\n\t\t\t\t\t\t\t<\/tr>\n\t\t\t\t\t\t\t<tr>\n\t\t\t\t\t\t\t\t<td>\n\t\t\t\t\t\t\t\t\tRuleta &#8211; bajo riesgo (la apuesta cubre mas del 60% del pa\u00f1o)<\/td>\n\t\t\t\t\t\t\t\t<td>\n\t\t\t\t\t\t\t\t\t0%<\/td>\n\t\t\t\t\t\t\t<\/tr>\n\t\t\t\t\t\t\t<tr>\n\t\t\t\t\t\t\t\t<td>\n\t\t\t\t\t\t\t\t\tRuleta &#8211; riesgo medio (la apuesta cubre entre el 10% y el 60% del pa\u00f1o)<\/td>\n\t\t\t\t\t\t\t\t<td>\n\t\t\t\t\t\t\t\t\t10%<\/td>\n\t\t\t\t\t\t\t<\/tr>\n\t\t\t\t\t\t\t<tr>\n\t\t\t\t\t\t\t\t<td>\n\t\t\t\t\t\t\t\t\tRuleta &#8211; alto riesgo (la apuesta cubre entre el 0% y el 10% del pa\u00f1o)<\/td>\n\t\t\t\t\t\t\t\t<td>\n\t\t\t\t\t\t\t\t\t25%<\/td>\n\t\t\t\t\t\t\t<\/tr>\n\t\t\t\t\t\t\t<tr>\n\t\t\t\t\t\t\t\t<td>\n\t\t\t\t\t\t\t\t\tCasino Hold&#8217;em &#8211; todos<\/td>\n\t\t\t\t\t\t\t\t<td>\n\t\t\t\t\t\t\t\t\t10%<\/td>\n\t\t\t\t\t\t\t<\/tr>\n\t\t\t\t\t\t\t<tr>\n\t\t\t\t\t\t\t\t<td>\n\t\t\t\t\t\t\t\t\tBlackjack &#8211; todos<\/td>\n\t\t\t\t\t\t\t\t<td>\n\t\t\t\t\t\t\t\t\t10%<\/td>\n\t\t\t\t\t\t\t<\/tr>\n\t\t\t\t\t\t\t<tr>\n\t\t\t\t\t\t\t\t<td>\n\t\t\t\t\t\t\t\t\tVideo POKER &#8211; todos<\/td>\n\t\t\t\t\t\t\t\t<td>\n\t\t\t\t\t\t\t\t\t10%<\/td>\n\t\t\t\t\t\t\t<\/tr>\n\t\t\t\t\t\t\t<tr>\n\t\t\t\t\t\t\t\t<td>\n\t\t\t\t\t\t\t\t\tBaccarat &#8211; todos<\/td>\n\t\t\t\t\t\t\t\t<td>\n\t\t\t\t\t\t\t\t\t0%<\/td>\n\t\t\t\t\t\t\t<\/tr>\n\t\t\t\t\t\t\t<tr>\n\t\t\t\t\t\t\t\t<td>\n\t\t\t\t\t\t\t\t\tTODAS LAS APUESTAS DOBLES EN TRAGAPERRAS Y VIDEO POKER<\/td>\n\t\t\t\t\t\t\t\t<td>\n\t\t\t\t\t\t\t\t\t0%<\/td>\n\t\t\t\t\t\t\t<\/tr>\n\t\t\t\t\t\t<\/tbody>\n\t\t\t\t\t<\/table><\/div>\n\n\n\n<p><strong>Ejemplos:<\/strong><\/p>\n\n\n\n<ul class=\"wp-block-list\">\n<li>Para efectos de rollover las apuestas realizadas en los juegos de mesa (ruletas y Casino Hold\u00b4em) ser\u00e1 del 25%. Es decir, si un usuario realiza una apuesta de $100, el 25% ($25) contar\u00e1n para el cumplimiento del rollover.<\/li>\n<\/ul>\n\n\n\n<ol class=\"wp-block-list\" start=\"15\">\n<li>El usuario podr\u00e1 visualizar el avance del Rollover en la secci\u00f3n \u201chistorial promocional\u201d de su cuenta de juego Betcha.pa. Una vez se cumpla la totalidad de Rollover el saldo se reflejar\u00e1 en la billetera del usuario como saldo disponible.<\/li>\n\n\n\n<li>El saldo obtenido por las jugadas gratis inferiores a un valor de $100 se ver\u00e1n reflejados en la cuenta del usuario en Bono Cash<sup>3&nbsp;<\/sup>y podr\u00e1 disponer de dicho saldo para jugar.<\/li>\n\n\n\n<li>El valor m\u00e1ximo de ganancia al que el usuario podr\u00e1 acceder luego de liberar el bono promocional obtenido por las jugadas gratis ser\u00e1 de $100.<\/li>\n\n\n\n<li>Las ganancias obtenidas del bono promocional no son canjeables y una vez se solicite su retiro estas dejar\u00e1n de estar disponibles en la billetera del usuario.<\/li>\n\n\n\n<li>Betcha.pa se reserva el derecho de dar de baja o modificar las condiciones de esta promoci\u00f3n en caso de presentarse alguna intermitencia t\u00e9cnica, tecnol\u00f3gica, ajena a nuestro funcionamiento durante el desarrollo de la actividad, en donde se notificar\u00e1 al usuario dicha novedad, respetando los premios logrados por los participantes.<\/li>\n\n\n\n<li>Betcha.pa se reserva el derecho para solicitar alg\u00fan dato, informaci\u00f3n, documento o comprobante adicional a efectos de validar la identidad del usuario, confirmar la titularidad de la cuenta y legitimidad de las apuestas realizadas, para hacer efectiva la acreditaci\u00f3n del bono promocional.<\/li>\n\n\n\n<li>Para los usuarios participantes en donde se detecte alg\u00fan movimiento o transacci\u00f3n dudosa a ra\u00edz del bono obtenido en esta promoci\u00f3n, sea de forma individual o en grupo, Betcha.pa podr\u00e1 suspender sus cuentas de juego con el fin de verificar su identidad y la veracidad de la informaci\u00f3n suministrada al momento del registro en la plataforma.<\/li>\n\n\n\n<li>Betcha.pa har\u00e1 la validaci\u00f3n internamente con sus herramientas, y solo se entregar\u00e1n bonos a los usuarios que fueron contactados directamente por el operador a trav\u00e9s de correo electr\u00f3nico o mensaje de texto, y que figuren en nuestras listas internas una vez hecha tal validaci\u00f3n.<\/li>\n\n\n\n<li>Con la participaci\u00f3n en este promocional el usuario declara haber le\u00eddo y aceptado los t\u00e9rminos y condiciones aqu\u00ed presentes.<\/li>\n\n\n\n<li>Los T\u00e9rminos y Condiciones Generales de la plataforma Betcha.pa hacen parte integral del presente documento.<\/li>\n\n\n\n<li>Estos t\u00e9rminos y condiciones son v\u00e1lidos para Panama.<\/li>\n<\/ol>\n\n\n\n<p class=\"has-small-font-size\"><sup>1<\/sup>Bono promocional: Bono que se otorga al usuario bajo alguna condici\u00f3n a partir de una actividad promocional realizada por el operador.<\/p>\n\n\n\n<p class=\"has-small-font-size\"><sup>2<\/sup>Rollover: Se refiere a la cantidad de veces que un usuario debe de jugar un valor recibido de bono para poderlo liberar en su saldo de cr\u00e9ditos bonos.<\/p>\n\n\n\n<p class=\"has-small-font-size\"><sup>3<\/sup>Bonus Cash: Se refiere a un bono el cual no tiene ning\u00fan requisito para redimirlo.<\/p>\n","protected":false},"excerpt":{"rendered":"<p>\u00a1Aprovecha la Caja Misteriosa que te traen los slots seleccionados del Casino Betcha.pa y aprovecha premios fant\u00e1sticos! \u00a1De&nbsp;lunes a&nbsp;jueves todas las semanas podr\u00e1s participar recargando tu cuenta y divirti\u00e9ndote en los slots&nbsp;White King, Age of the Gods: God of Storms, Age of the Gods\u2122: Glorious Griffin, Glorious Guardians\u2122, Sky Queen! \ufeff\ufeffApuesta por tu buena suerte [&hellip;]<\/p>\n","protected":false},"author":38,"featured_media":128186,"parent":38,"menu_order":5,"comment_status":"closed","ping_status":"closed","template":"","meta":{"_acf_changed":false,"footnotes":""},"categories":[],"class_list":["post-128261","page","type-page","status-publish","has-post-thumbnail","hentry"],"acf":[],"_links":{"self":[{"href":"https:\/\/www.betcha.pa\/mas\/wp-json\/wp\/v2\/pages\/128261","targetHints":{"allow":["GET"]}}],"collection":[{"href":"https:\/\/www.betcha.pa\/mas\/wp-json\/wp\/v2\/pages"}],"about":[{"href":"https:\/\/www.betcha.pa\/mas\/wp-json\/wp\/v2\/types\/page"}],"author":[{"embeddable":true,"href":"https:\/\/www.betcha.pa\/mas\/wp-json\/wp\/v2\/users\/38"}],"replies":[{"embeddable":true,"href":"https:\/\/www.betcha.pa\/mas\/wp-json\/wp\/v2\/comments?post=128261"}],"version-history":[{"count":3,"href":"https:\/\/www.betcha.pa\/mas\/wp-json\/wp\/v2\/pages\/128261\/revisions"}],"predecessor-version":[{"id":128554,"href":"https:\/\/www.betcha.pa\/mas\/wp-json\/wp\/v2\/pages\/128261\/revisions\/128554"}],"up":[{"embeddable":true,"href":"https:\/\/www.betcha.pa\/mas\/wp-json\/wp\/v2\/pages\/38"}],"wp:featuredmedia":[{"embeddable":true,"href":"https:\/\/www.betcha.pa\/mas\/wp-json\/wp\/v2\/media\/128186"}],"wp:attachment":[{"href":"https:\/\/www.betcha.pa\/mas\/wp-json\/wp\/v2\/media?parent=128261"}],"wp:term":[{"taxonomy":"category","embeddable":true,"href":"https:\/\/www.betcha.pa\/mas\/wp-json\/wp\/v2\/categories?post=128261"}],"curies":[{"name":"wp","href":"https:\/\/api.w.org\/{rel}","templated":true}]}}