{"id":128248,"date":"2023-03-23T15:59:10","date_gmt":"2023-03-23T15:59:10","guid":{"rendered":"https:\/\/www.betcha.pa\/?page_id=128248"},"modified":"2025-12-16T08:56:05","modified_gmt":"2025-12-16T08:56:05","slug":"torneos-betcha-pa","status":"publish","type":"page","link":"https:\/\/www.betcha.pa\/mas\/promociones\/torneos-betcha-pa\/","title":{"rendered":"TORNEOS\u00a0BETCHA.PA"},"content":{"rendered":"\n<p>Se llevar\u00e1n a cabo dos torneos de manera semanal:<\/p>\n\n\n\n<ul class=\"wp-block-list\">\n<li><strong>Torneo Fire Blaze,<\/strong>&nbsp;desde las 8:00 h los lunes hasta las 23:59 h los jueves.<\/li>\n\n\n\n<li><strong>Torneo de mesas<\/strong>, desde las 8:00 h los viernes hasta las 23:59 los domingos.<\/li>\n<\/ul>\n\n\n\n<div class=\"row\">\n<div class=\"col-md-6\">\n  <a class=\"btn btn-primary btn-lg btn-block\" style=\"background-color: #00e000;color: #001b32;font-weight: 800;margin-top: 15px; width: 12em\" target=\"_blank\" href=\"https:\/\/www.betcha.pa\/leaderboard\" rel=\"noopener\">VERIFICA AQU\u00cd<\/a>\n<\/div>\n<\/div>\n<p>&nbsp;<\/p>\n\n\n\n<h3 class=\"wp-block-heading\">T\u00e9rminos y Condiciones<\/h3>\n\n\n\n<ol class=\"wp-block-list\">\n<li>Esta promoci\u00f3n aplica para aquellos usuarios registrados en la plataforma Betcha.pa en estado activo, mayores de edad que cumplan con los t\u00e9rminos y condiciones establecidos en el presente documento.<\/li>\n\n\n\n<li>Para participar de esta promoci\u00f3n, el usuario deber\u00e1 acceder a su cuenta de juego y en la opci\u00f3n casino, dirigirse a la categor\u00eda \u201cTorneos\u201d, as\u00ed podr\u00e1 visualizar las opciones disponibles donde deber\u00e1 dar clic en \u201creg\u00edstrate aqu\u00ed\u201d para poder iniciar su participaci\u00f3n.<\/li>\n\n\n\n<li>Por cada $10 apostados en cada torneo el usuario recibir\u00e1 un punto con lo cual podr\u00e1 posicionarse en el ranking.<br><strong><em>Por ejemplo<\/em><\/strong>:<\/li>\n<\/ol>\n\n\n\n<div class=\"row justify-content-center\">\n  <table class=\"GeneratedTable\">\n\t\t\t\t\t\t<thead>\n\t\t\t\t\t\t\t<tr>\n\t\t\t\t\t\t\t\t<th>\n\t\t\t\t\t\t\t\t\tVALOR APOSTADO<\/th>\n\t\t\t\t\t\t\t\t<th>\n\t\t\t\t\t\t\t\t\tPUNTOS<\/th>\n\t\t\t\t\t\t\t<\/tr>\n\t\t\t\t\t\t<\/thead>\n\t\t\t\t\t\t<tbody>\n\t\t\t\t\t\t\t<tr>\n\t\t\t\t\t\t\t\t<td>\n\t\t\t\t\t\t\t\t\t$10<\/td>\n\t\t\t\t\t\t\t\t<td>\n\t\t\t\t\t\t\t\t\t1<\/td>\n\t\t\t\t\t\t\t<\/tr>\n\t\t\t\t\t\t\t<tr>\n\t\t\t\t\t\t\t\t<td>\n\t\t\t\t\t\t\t\t\t$20<\/td>\n\t\t\t\t\t\t\t\t<td>\n\t\t\t\t\t\t\t\t\t2<\/td>\n\t\t\t\t\t\t\t<\/tr>\n\t\t\t\t\t\t\t<tr>\n\t\t\t\t\t\t\t\t<td>\n\t\t\t\t\t\t\t\t\t$50<\/td>\n\t\t\t\t\t\t\t\t<td>\n\t\t\t\t\t\t\t\t\t5<\/td>\n\t\t\t\t\t\t\t<\/tr>\n\t\t\t\t\t\t\t<tr>\n\t\t\t\t\t\t\t\t<td>\n\t\t\t\t\t\t\t\t\t$100<\/td>\n\t\t\t\t\t\t\t\t<td>\n\t\t\t\t\t\t\t\t\t10<\/td>\n\t\t\t\t\t\t\t<\/tr>\n\t\t\t\t\t\t<\/tbody>\n\t\t\t\t\t<\/table><\/div>\n\n\n\n<ol class=\"wp-block-list\" start=\"4\">\n<li>El usuario podr\u00e1 registrarse cada semana y participar en el torneo Fire Blaze de viernes a domingo (8:00 horas del viernes a 23:59 horas del domingo) y podr\u00e1 registrarse en el torneo de Mesas de lunes a jueves (8:00 horas del lunes a 23:59 horas del jueves).<\/li>\n\n\n\n<li>Los juegos participantes en la presente actividad promocional:<br>Torneos Fire Blaze:&nbsp;<strong><em>Fire Blaze Fire Fighter, Fire Blaze Red Wizard, Fire Blaze Blue Wizard, Fire Blaze Amazing Factory y Fire Blaze Sky Queen<\/em><\/strong>.<br>Torneos de Mesas:&nbsp;<strong><em>American Roulette, Mega Fire Blaze Roulette Live, All Bets Blackjack y Adventures Beyond Wonderland Live<\/em><\/strong>.<\/li>\n\n\n\n<li>El usuario podr\u00e1 realizar su registro 96 horas antes al inicio del torneo pero \u00fanicamente la acumulaci\u00f3n de puntos inicia a partir de la fecha y hora establecida de inicio del torneo.<\/li>\n\n\n\n<li>Los ganadores de cada torneo recibir\u00e1n sus premios seg\u00fan la posici\u00f3n del Ranking. Donde a mayor valor apostado, mayor ser\u00e1 el n\u00famero de puntos obtenidos y la posici\u00f3n en el Ranking.<\/li>\n\n\n\n<li>El valor apostado para la acumulaci\u00f3n de puntos ser\u00e1 v\u00e1lido tanto de manera total o parcial. Por ejemplo, una apuesta de $30 otorgar\u00e1 3 puntos y 4 apuestas de $5 otorgar\u00e1n 2 puntos.<\/li>\n\n\n\n<li>En caso de empate, se tendr\u00e1 en cuenta el usuario participante con mayor n\u00famero de giros realizados en el torneo y si se comprueba empate en los giros, el ganador ser\u00e1 el primer usuario que haya ingresado a jugar el torneo teniendo en cuenta fecha y hora.<\/li>\n\n\n\n<li>El usuario podr\u00e1 participar en todos los torneos siempre y cuando se registre antes de la hora de inicio.<\/li>\n\n\n\n<li>Solo ser\u00e1n v\u00e1lidas las apuestas realizadas con saldo real de la cuenta, apuestas de saldo bonificado no aplican.<br><strong>Plan de premios:<\/strong><\/li>\n<\/ol>\n\n\n\n<div class=\"row justify-content-center\">\n  <table class=\"GeneratedTable\">\n\t\t\t\t\t\t<thead>\n\t\t\t\t\t\t\t<tr>\n\t\t\t\t\t\t\t\t<th>\n\t\t\t\t\t\t\t\t\tPosici\u00f3n<\/th>\n\t\t\t\t\t\t\t\t<th>\n\t\t\t\t\t\t\t\t\tPremios<\/th>\n\t\t\t\t\t\t\t<\/tr>\n\t\t\t\t\t\t<\/thead>\n\t\t\t\t\t\t<tbody>\n\t\t\t\t\t\t\t<tr>\n\t\t\t\t\t\t\t\t<td>\n\t\t\t\t\t\t\t\t\t1<\/td>\n\t\t\t\t\t\t\t\t<td>\n\t\t\t\t\t\t\t\t\t$50 en efectivo<\/td>\n\t\t\t\t\t\t\t<\/tr>\n\t\t\t\t\t\t\t<tr>\n\t\t\t\t\t\t\t\t<td>\n\t\t\t\t\t\t\t\t\t2<\/td>\n\t\t\t\t\t\t\t\t<td>\n\t\t\t\t\t\t\t\t\t$30 en efectivo<\/td>\n\t\t\t\t\t\t\t<\/tr>\n\t\t\t\t\t\t\t<tr>\n\t\t\t\t\t\t\t\t<td>\n\t\t\t\t\t\t\t\t\t3<\/td>\n\t\t\t\t\t\t\t\t<td>\n\t\t\t\t\t\t\t\t\t$20 en efectivo<\/td>\n\t\t\t\t\t\t\t<\/tr>\n\t\t\t\t\t\t\t<tr>\n\t\t\t\t\t\t\t\t<td>\n\t\t\t\t\t\t\t\t\t04-10 &#8211; Torneos Fire Blaze<\/td>\n\t\t\t\t\t\t\t\t<td>\n\t\t\t\t\t\t\t\t\t5 giros gratis<\/td>\n\t\t\t\t\t\t\t<\/tr>\n\t\t\t\t\t\t\t<tr>\n\t\t\t\t\t\t\t\t<td>\n\t\t\t\t\t\t\t\t\t04-10 &#8211; Torneos de Mesas<\/td>\n\t\t\t\t\t\t\t\t<td>\n\t\t\t\t\t\t\t\t\t2 Golden Chips<\/td>\n\t\t\t\t\t\t\t<\/tr>\n\t\t\t\t\t\t<\/tbody>\n\t\t\t\t\t<\/table>\n\t\t\t\t\t<\/div>\n\n\n\n<ol class=\"wp-block-list\" start=\"12\">\n<li>Los bonos cash ser\u00e1n otorgados de manera autom\u00e1tica dentro de las 24 horas posteriores a la finalizaci\u00f3n de cada uno de los torneos.<\/li>\n\n\n\n<li>Para poder retirar las ganancias obtenidas con los Golden Chips, se debe apostar 40 veces.<\/li>\n\n\n\n<li>Los bonos no est\u00e1n disponibles si hay una transacci\u00f3n de retiro pendiente.<\/li>\n\n\n\n<li>Se aplican los t\u00e9rminos y condiciones generales de bonificaci\u00f3n.<\/li>\n\n\n\n<li>Los Golden Chips otorgados son v\u00e1lidos por un per\u00edodo de 3 d\u00edas.<\/li>\n\n\n\n<li>Los T\u00e9rminos y Condiciones Generales y los t\u00e9rminos y condiciones aqu\u00ed descritos, aplican en todo momento para efectos de la actividad promocional.<\/li>\n\n\n\n<li>Betcha.pa se reserva el derecho de dar de baja o modificar las condiciones de esta promoci\u00f3n en caso de presentarse alguna intermitencia t\u00e9cnica, tecnol\u00f3gica, ajena a nuestro funcionamiento durante el desarrollo de la actividad, en donde se notificar\u00e1 al usuario dicha novedad, respetando los premios logrados por los participantes.<\/li>\n\n\n\n<li>Betcha.pa se reserva el derecho para solicitar alg\u00fan dato, informaci\u00f3n, documento o comprobante adicional a efectos de validar la identidad del usuario, confirmar la titularidad de la cuenta y legitimidad de las apuestas realizadas, para hacer efectiva la acreditaci\u00f3n del bono cash.<\/li>\n\n\n\n<li>Para los usuarios participantes en donde se detecte alg\u00fan movimiento o transacci\u00f3n dudosa a ra\u00edz del bono obtenido en esta promoci\u00f3n, sea de forma individual o en grupo, Betcha.pa podr\u00e1 suspender sus cuentas de juego con el fin de verificar su identidad y la veracidad de la informaci\u00f3n suministrada al momento del registro en la plataforma.<\/li>\n\n\n\n<li>Con la participaci\u00f3n en este promocional el usuario declara haber le\u00eddo y aceptado estos t\u00e9rminos y condiciones.<\/li>\n\n\n\n<li>Estos t\u00e9rminos y condiciones son v\u00e1lidos para Panama.<\/li>\n\n\n\n<li>Betcha.pa se reserva el derecho de modificar y\/o cancelar cualquier promoci\u00f3n en cualquier momento y a su entera discreci\u00f3n.<\/li>\n<\/ol>\n\n\n\n<p class=\"has-small-font-size\"><sup>1<\/sup><strong>Bonos Cash:<\/strong>&nbsp;Se refiere a un bono el cual no tiene ning\u00fan requisito para redimirlo, estando en facultad del jugador su uso y disposici\u00f3n sin ninguna restricci\u00f3n.<\/p>\n","protected":false},"excerpt":{"rendered":"<p>Se llevar\u00e1n a cabo dos torneos de manera semanal: VERIFICA AQU\u00cd &nbsp; T\u00e9rminos y Condiciones VALOR APOSTADO PUNTOS $10 1 $20 2 $50 5 $100 10 Posici\u00f3n Premios 1 $50 en efectivo 2 $30 en efectivo 3 $20 en efectivo 04-10 &#8211; Torneos Fire Blaze 5 giros gratis 04-10 &#8211; Torneos de Mesas 2 Golden [&hellip;]<\/p>\n","protected":false},"author":38,"featured_media":129163,"parent":38,"menu_order":40,"comment_status":"closed","ping_status":"closed","template":"","meta":{"_acf_changed":false,"footnotes":""},"categories":[99],"class_list":["post-128248","page","type-page","status-publish","has-post-thumbnail","hentry","category-casino"],"acf":[],"_links":{"self":[{"href":"https:\/\/www.betcha.pa\/mas\/wp-json\/wp\/v2\/pages\/128248","targetHints":{"allow":["GET"]}}],"collection":[{"href":"https:\/\/www.betcha.pa\/mas\/wp-json\/wp\/v2\/pages"}],"about":[{"href":"https:\/\/www.betcha.pa\/mas\/wp-json\/wp\/v2\/types\/page"}],"author":[{"embeddable":true,"href":"https:\/\/www.betcha.pa\/mas\/wp-json\/wp\/v2\/users\/38"}],"replies":[{"embeddable":true,"href":"https:\/\/www.betcha.pa\/mas\/wp-json\/wp\/v2\/comments?post=128248"}],"version-history":[{"count":4,"href":"https:\/\/www.betcha.pa\/mas\/wp-json\/wp\/v2\/pages\/128248\/revisions"}],"predecessor-version":[{"id":129165,"href":"https:\/\/www.betcha.pa\/mas\/wp-json\/wp\/v2\/pages\/128248\/revisions\/129165"}],"up":[{"embeddable":true,"href":"https:\/\/www.betcha.pa\/mas\/wp-json\/wp\/v2\/pages\/38"}],"wp:featuredmedia":[{"embeddable":true,"href":"https:\/\/www.betcha.pa\/mas\/wp-json\/wp\/v2\/media\/129163"}],"wp:attachment":[{"href":"https:\/\/www.betcha.pa\/mas\/wp-json\/wp\/v2\/media?parent=128248"}],"wp:term":[{"taxonomy":"category","embeddable":true,"href":"https:\/\/www.betcha.pa\/mas\/wp-json\/wp\/v2\/categories?post=128248"}],"curies":[{"name":"wp","href":"https:\/\/api.w.org\/{rel}","templated":true}]}}