{"id":128241,"date":"2023-03-23T15:48:22","date_gmt":"2023-03-23T15:48:22","guid":{"rendered":"https:\/\/www.betcha.pa\/?page_id=128241"},"modified":"2025-12-16T08:54:34","modified_gmt":"2025-12-16T08:54:34","slug":"bono-de-bienvenida-de-hasta-300","status":"publish","type":"page","link":"https:\/\/www.betcha.pa\/mas\/promociones\/bono-de-bienvenida-de-hasta-300\/","title":{"rendered":"Bono de Bienvenida de hasta\u00a0$300"},"content":{"rendered":"\n<p>Queremos que comiences de la mejor forma posible en Betcha Panam\u00e1. Por este motivo, al momento de registrarte, ser\u00e1s elegible para recibir una enorme bonificaci\u00f3n de bienvenida de hasta $300.<\/p>\n\n\n\n<p>Para recibir tu bonificaci\u00f3n, lo \u00fanico que tienes que hacer es realizar un primer dep\u00f3sito de al menos $20. La bonificaci\u00f3n tiene dos niveles:<\/p>\n\n\n\n<p><strong>\u2022 B\u00e1sica:<\/strong>&nbsp;deposita entre $20 y $49 y recibe una bonificaci\u00f3n del 50%.<\/p>\n\n\n\n<p><strong>\u2022 Premium:<\/strong>&nbsp;deposita $50 o m\u00e1s y recibe una bonificaci\u00f3n del 100% hasta $300.<\/p>\n\n\n\n<p>Con nuestra bonificaci\u00f3n de bienvenida recibe el doble de dinero, duplica tu diversi\u00f3n e incrementa tus posibilidades de ganar. Utiliza el dinero de tu bonificaci\u00f3n para disfrutar en cualquiera de nuestros emocionantes juegos en los que se incluyen: m\u00e1quinas tragamonedas, tragamonedas con botes progresivos y fabulosos juegos con crupier en vivo.<\/p>\n\n\n\n<h3 class=\"wp-block-heading\">&nbsp;C\u00f3mo puedes reclamar tu bono:<\/h3>\n\n\n\n<ol class=\"wp-block-list\">\n<li><strong>REGISTRA<\/strong>&nbsp;Es un proceso r\u00e1pido, sencillo y sin compromiso.<\/li>\n\n\n\n<li><strong>DEPOSITA<\/strong>&nbsp;Ingresa a tu cuenta, realiza primer dep\u00f3sito y recibe tu bonificaci\u00f3n de bienvenida.<\/li>\n\n\n\n<li><strong>RECLAMA<\/strong>&nbsp;Despu\u00e9s de realizar tu primer dep\u00f3sito, se te solicitar\u00e1 aceptar el dinero de la bonificaci\u00f3n.<\/li>\n\n\n\n<li><strong>JUEGA<\/strong>&nbsp;Comienza a jugar en cualquiera de los fabulosos juegos de Betcha Panam\u00e1 con el doble de fondos.<\/li>\n<\/ol>\n\n\n\n<h3 class=\"wp-block-heading\">&nbsp;Lo que debes Saber:<\/h3>\n\n\n\n<p>&nbsp;Con \u00e1nimo de beneficiar al jugador, cualquier cantidad depositada por encima de la cantidad m\u00e1xima por la que se otorga un bono, no deber\u00e1 cumplir ning\u00fan requisito de apuesta antes de solicitar un retiro.<\/p>\n\n\n\n<p>&nbsp;Ten en cuenta que todos los bonos que se otorgan al realizar un primer dep\u00f3sito, deber\u00e1n ser apostados. Los fondos obtenidos por bonos se deducir\u00e1n al solicitar un retiro.<\/p>\n\n\n\n<p>&nbsp;Si realizas un retiro de dinero antes de haber alcanzado los requisitos m\u00ednimos de apuesta, se cancelar\u00e1n todos sus bonos y ganancias.<\/p>\n\n\n\n<p>&nbsp;Adicionalmente, los t\u00e9rminos generales de bonos, aplican para todas las promociones.<\/p>\n\n\n\n<div class=\"row\">\n<div class=\"col-md-6\">\n  <a class=\"btn btn-primary btn-lg btn-block\" style=\"background-color: #00e000;color: #001b32;font-weight: 800;margin-top: 15px; width: 12em\" target=\"_blank\" href=\"https:\/\/www.betcha.pa\/casino\/promociones\/bono-de-bienvenida\" rel=\"noopener\">MAIS INFO<\/a>\n<\/div>\n<\/div>\n<p>&nbsp;<\/p>\n\n\n\n<h3 class=\"wp-block-heading\">&nbsp;T\u00e9rminos y Condiciones<\/h3>\n\n\n\n<ol class=\"wp-block-list\">\n<li>Debe ser mayor de 18 a\u00f1os de edad y ser residente de la Rep\u00fablica de Panam\u00e1 para participar en nuestras promociones.<\/li>\n\n\n\n<li>Es necesario realizar un dep\u00f3sito de al menos $20 para reclamar la bonificaci\u00f3n de bienvenida.<\/li>\n\n\n\n<li>Los fondos de la bonificaci\u00f3n deben ser apostados al menos un total de treinta (30) veces durante los 30 d\u00edas siguientes de recibir la bonificaci\u00f3n. Si se retira el monto del dep\u00f3sito original antes de cumplir los requisitos de apuesta, el dinero de la bonificaci\u00f3n m\u00e1s cualquier ganancia asociada ser\u00e1n cancelados. Aplican contribuciones al juego. Consulta la tabla de contribuciones.<\/li>\n\n\n\n<li>Las ganancias resultantes del dinero de la bonificaci\u00f3n est\u00e1n limitadas a tres veces el monto de la bonificaci\u00f3n, excepto en las ganancias de botes progresivos.<\/li>\n\n\n\n<li>El dinero de la bonificaci\u00f3n solo se puede usar en juegos de casino.<\/li>\n\n\n\n<li><strong>Requisitos de Apuesta:<\/strong>&nbsp;Existen requisitos de juego vinculados a cada uno de los bonos antes de que el bono o las ganancias del jugador puedan ser retirados. Con el fin de cumplir los requisitos de juego justo; no todos los juegos se consideran de la misma forma en lo relacionado con los requisitos de juego. Las apuestas realizadas en la mayor\u00eda de los juegos contar\u00e1n el 100% en lo relacionado con el cumplimiento de los requisitos, con las siguientes excepciones que se detallan a continuaci\u00f3n:<\/li>\n<\/ol>\n\n\n\n<div class=\"row justify-content-center\">\n    <table class=\"GeneratedTable\">\n      <thead>\n        <tr>\n          <th>Categor\u00eda de Juegos<\/th>\n          <th>% del valor<\/th>\n        <\/tr>\n      <\/thead>\n      <tbody>\n        <tr>\n          <td>Todas los tragamonedas<\/td>\n          <td>100%<\/td>\n        <\/tr>\n        <tr>\n          <td>\n            Ruleta &#8211; bajo riesgo (la apuesta cubre mas del 60% &#xFEFF;del pa\u00f1o)\n          <\/td>\n          <td>0%<\/td>\n        <\/tr>\n        <tr>\n          <td>\n            Ruleta &#8211; riesgo medio&#xFEFF; (la apuesta cubre entre el 10% y el 60%\n            &#xFEFF;del pa\u00f1o)\n          <\/td>\n          <td>10%<\/td>\n        <\/tr>\n        <tr>\n          <td>\n            Ruleta &#8211; alto riesgo &#xFEFF;(la apuesta cubre entre el 0% y el 10%\n            &#xFEFF;del pa\u00f1o)\n          <\/td>\n          <td>25%<\/td>\n        <\/tr>\n        <tr>\n          <td>Casino Hold&#8217;em &#8211; todos<\/td>\n          <td>10%<\/td>\n        <\/tr>\n        <tr>\n          <td>Blackjack &#8211; todos<\/td>\n          <td>10%<\/td>\n        <\/tr>\n        <tr>\n          <td>\n            Video POKER &#8211; todos<br \/>\n            Age of Egypt | Kingdoms Rise: Captain&#8217;s Treasure | Kingdoms Rise: Chasm\n            of Fear | A Night Out | Alchemists Lab | AP McCoy: Sporting Legends\u2122 |\n            Captain&#8217;sTreasure | Classic Slot (Reels) | DesertTreasure | Diamond\n            Valley | Dr. Lovemore | Easter Surprise | FootballRules | Fortune Day |\n            Gaelic Luck | Goblin&#8217;s Cave | Golden Tour | Halloween Fortune | Highway\n            Kings | Jungle Boogie | Lotto Madness | Neptune\u2019s Kingdom | Ocean\n            Princess | RAY Numero keno | Reel Classic 5 | Ri Ri JinCai | Safecracker\n            | SantaSurprise | Sinbad\u2019s Golden Voyage | Skazka Pro | Spud O&#8217;Reilly&#8217;s\n            Cropsof Gold | Sultan\u2019s Fortune | Triple Profits | Tropic Reels | Ugga\n            Bugga | Wild Gambler | Zhao Cai Tong Zi | Kingdoms Rise: Legion Uprising\n            | Rulers of the World: Empire Treasures | Stallion Strike PowerPlay\n            Jackpot | Xuan Pu Lian Huan | Nian Nian You Yu | Captain Treasure |\n            Funky Monkey | Record Riches | Arowanas Luck | Honey Gems PowerPlay\n            Jackpot | Better Wilds PowerPlay Jackpot | Egyptian Emeralds PowerPlay\n            Jackpot | Storms of Ice PowerPlay Jackpot | Tiger Claws | Great Blue |\n            Furious Four | Murder Mystery | Legacy Of The Wild | Tsai Shen&#8217;s Gift |\n            Wild West Wilds\n          <\/td>\n          <td>10%<\/td>\n        <\/tr>\n        <tr>\n          <td>Baccarat &#8211; todos<\/td>\n          <td>0%<\/td>\n        <\/tr>\n        <tr>\n          <td>TODAS LAS APUESTAS DOBLES EN TRAGAPERRAS Y VIDEO POKER<\/td>\n          <td>0%<\/td>\n        <\/tr>\n        <tr>\n          <td>\n            JUEGOS EXCLUIDOS: Zero Roulette, Zero Blackjack, Zero Video Cards, Zero\n            Baccarat, Savage Jungle,&nbsp;Golden Beauty, Bronco Spirit, Tip Top\n            Totems,Stallion Strike\u2122, Spin a Win (En Vivo), Sahara Riches\u2122 Cash\n            Collect, Santa Surprise, Great Blue, Roulette Deluxe, Quantum Ruleta (En\n            Vivo), Quantum Roulette\u2122 Instant Play, Spread Bet Ruleta (En Vivo),\n            Football French Roulette (En Vivo), Bet On Baccarat (En Vivo), Age of\n            the Gods: Apollo Power, Age of the Gods: Glorious Griffin, Age of the\n            Gods: God of Storms 2, Age Of The Gods: Mighty Midas, Age of the Gods:\n            Ruler of the Dead, Kingdoms Rise: Legend of Elvenstone, Age of the Gods:\n            Ruler of the Sky, Age of the Gods: Medusa &amp; Monsters, Pyramid\n            Valley: Power Zones, Jacks or Better Multi-Hand 25\n          <\/td>\n          <td>0%<\/td>\n        <\/tr>\n      <\/tbody>\n    <\/table>\n<\/div>\n\n\n\n\n<ol class=\"wp-block-list\" start=\"7\">\n<li>Si realiza un retiro de dinero antes de haber alcanzado los requisitos de juego m\u00ednimos, se cancelar\u00e1n todos sus bonos y ganancias<\/li>\n\n\n\n<li>Betcha Panam\u00e1 puede considerar la conducta de un cliente como \u00ababuso de la promoci\u00f3n\u00bb en cualquiera de los siguientes casos (pero no exclusivamente): Si al usar una oferta promocional de Betcha Panam\u00e1, un jugador utiliza un patr\u00f3n de juego y apuestas profesional (por ejemplo, el jugador usa un patr\u00f3n de apuesta uniforme mientras apuesta a juegos de ruleta).<br>Las apuestas en ruletas contribuir\u00e1n un 20% de los requisitos de apuesta en todos los giros donde menos del 75% de la mesa se encuentre cubierta. Si m\u00e1s del 75% de la mesa se encuentra cubierta, estas apuestas aportar\u00e1n un 0% en el cubrimiento de los requisitos.<\/li>\n\n\n\n<li>Betcha.pa limita la cantidad m\u00e1xima de apuesta que los jugadores pueden apostar utilizando los fondos del bono de primer dep\u00f3sito. El monto m\u00e1ximo por apuesta es de $10 en cualquier juego dado. Los retiros de ganancias hechas con fondos de bonificaci\u00f3n superiores al monto limitado solo se aprobar\u00e1n si la apuesta se realiz\u00f3 despu\u00e9s de completar los requisitos de apuesta. Cualquier ganancia obtenida con fondos del bono de primer dep\u00f3sito por encima del monto limitado antes de completar los requisitos de apuesta estar\u00e1 sujeta a nuevos requisitos de apuesta de x 12.<\/li>\n\n\n\n<li>Betcha Panam\u00e1 se reserva el derecho de eliminar dichas ganancias del saldo del jugador en circunstancias especiales a discreci\u00f3n de la gerencia<\/li>\n\n\n\n<li>Los jugadores pueden retirar todas las ganancias usando su dinero de juego gratis sin apuestas adjuntas. En cuanto a los fondos de juego gratis o \u00abFree-Play\u00bb, no son canjeables y se eliminar\u00e1n a pedido.<\/li>\n\n\n\n<li>Los bonos que se utilizan para jugar (por ejemplo: Bonos Play) se proporcionan solo una vez por persona y\/o por cuenta y seg\u00fan nuestros t\u00e9rminos de uso. Si se abre una segunda cuenta, esta se cerrar\u00e1 y todos los bonos y ganancias de juego ser\u00e1n cancelados, adem\u00e1s todas las solicitudes de retiros de fondos no ser\u00e1n aprobadas.<\/li>\n\n\n\n<li>Los jugadores que tengan retiros pendientes en su cuenta no recibir\u00e1n ning\u00fan bono, promoci\u00f3n ni premios relacionados. El abuso de esta pol\u00edtica, tal y como lo define el casino, puede conllevar a la cancelaci\u00f3n de las ganancias del jugador.<\/li>\n\n\n\n<li>El casino se reserva el derecho de revisar los registros de las transacciones en cualquier momento y por cualquier motivo. Si en una de estas revisiones, se descubre que el jugador o jugadores est\u00e1n participando en estrategias que el casino, a su sola discreci\u00f3n, considera abusivas, el casino se reserva el derecho de retirar el derecho de dicho jugador a participar en la promoci\u00f3n.<\/li>\n\n\n\n<li>En caso de existir alg\u00fan tipo de disputa, las decisiones tomadas por Betcha Panam\u00e1, son definitivas.<\/li>\n\n\n\n<li>Todos los t\u00e9rminos y condiciones de bono est\u00e1n sujetos en todo momento a los t\u00e9rminos y condiciones de Betcha Panam\u00e1.<\/li>\n\n\n\n<li>Aplican los&nbsp;<a href=\"https:\/\/www.betcha.pa\/informacion\/terminos-y-condiciones-de-bonos\" data-type=\"URL\" data-id=\"https:\/\/www.betcha.pa\/informacion\/terminos-y-condiciones-de-bonos\" target=\"_blank\" rel=\"noreferrer noopener\">t\u00e9rminos y condiciones de bonos<\/a>&nbsp;de Betcha Panam\u00e1.<\/li>\n<\/ol>\n","protected":false},"excerpt":{"rendered":"<p>Queremos que comiences de la mejor forma posible en Betcha Panam\u00e1. Por este motivo, al momento de registrarte, ser\u00e1s elegible para recibir una enorme bonificaci\u00f3n de bienvenida de hasta $300. Para recibir tu bonificaci\u00f3n, lo \u00fanico que tienes que hacer es realizar un primer dep\u00f3sito de al menos $20. La bonificaci\u00f3n tiene dos niveles: \u2022 [&hellip;]<\/p>\n","protected":false},"author":38,"featured_media":128199,"parent":38,"menu_order":10,"comment_status":"closed","ping_status":"closed","template":"","meta":{"_acf_changed":false,"footnotes":""},"categories":[99],"class_list":["post-128241","page","type-page","status-publish","has-post-thumbnail","hentry","category-casino"],"acf":[],"_links":{"self":[{"href":"https:\/\/www.betcha.pa\/mas\/wp-json\/wp\/v2\/pages\/128241","targetHints":{"allow":["GET"]}}],"collection":[{"href":"https:\/\/www.betcha.pa\/mas\/wp-json\/wp\/v2\/pages"}],"about":[{"href":"https:\/\/www.betcha.pa\/mas\/wp-json\/wp\/v2\/types\/page"}],"author":[{"embeddable":true,"href":"https:\/\/www.betcha.pa\/mas\/wp-json\/wp\/v2\/users\/38"}],"replies":[{"embeddable":true,"href":"https:\/\/www.betcha.pa\/mas\/wp-json\/wp\/v2\/comments?post=128241"}],"version-history":[{"count":6,"href":"https:\/\/www.betcha.pa\/mas\/wp-json\/wp\/v2\/pages\/128241\/revisions"}],"predecessor-version":[{"id":128862,"href":"https:\/\/www.betcha.pa\/mas\/wp-json\/wp\/v2\/pages\/128241\/revisions\/128862"}],"up":[{"embeddable":true,"href":"https:\/\/www.betcha.pa\/mas\/wp-json\/wp\/v2\/pages\/38"}],"wp:featuredmedia":[{"embeddable":true,"href":"https:\/\/www.betcha.pa\/mas\/wp-json\/wp\/v2\/media\/128199"}],"wp:attachment":[{"href":"https:\/\/www.betcha.pa\/mas\/wp-json\/wp\/v2\/media?parent=128241"}],"wp:term":[{"taxonomy":"category","embeddable":true,"href":"https:\/\/www.betcha.pa\/mas\/wp-json\/wp\/v2\/categories?post=128241"}],"curies":[{"name":"wp","href":"https:\/\/api.w.org\/{rel}","templated":true}]}}