{"id":128237,"date":"2023-03-23T15:06:19","date_gmt":"2023-03-23T15:06:19","guid":{"rendered":"https:\/\/www.betcha.pa\/?page_id=128237"},"modified":"2024-10-21T10:51:24","modified_gmt":"2024-10-21T10:51:24","slug":"nuevo-parlay-de-tenis","status":"publish","type":"page","link":"https:\/\/www.betcha.pa\/mas\/promociones\/nuevo-parlay-de-tenis\/","title":{"rendered":"Nuevo Parlay de Tenis"},"content":{"rendered":"\n<p>Promoci\u00f3n valida a partir de las 00:00 GTM-5&nbsp;del d\u00eda 06 junio de 2022&nbsp;y hasta que se d\u00e9 a conocer la revocatoria de la misma, empleando los mismos medios con los que se dio a conocer el inicio de esta o hasta agotar la disponibilidad de prestar el servicio.<\/p>\n\n\n\n<p>Hemos creado un nuevo Parlay para Tenis.<\/p>\n\n\n\n<p>Ahora puedes ganar hasta el 70% m\u00e1s en tu Parlay de Tenis.<\/p>\n\n\n\n<p>Para que obtenga mejores ganancias, hemos eliminado la restricci\u00f3n de las cuotas m\u00ednimas para las apuestas v\u00e1lidas, es decir, sus selecciones cumplir\u00e1n los requisitos para la bonificaci\u00f3n independientemente de las cuotas. Si su apuesta tiene \u00e9xito, le a\u00f1adiremos las siguientes bonificaciones a sus ganancias:<\/p>\n\n\n\n<div class=\"row justify-content-center\">\n  <table class=\"GeneratedTable\">\n\t\t\t\t<thead>\n\t\t\t\t\t<tr>\n\t\t\t\t\t\t<th>\n\t\t\t\t\t\t\tTipo de Apuesta<\/th>\n\t\t\t\t\t\t<th>\n\t\t\t\t\t\t\tBono<\/th>\n\t\t\t\t\t<\/tr>\n\t\t\t\t<\/thead>\n\t\t\t\t<tbody>\n\t\t\t\t\t<tr>\n\t\t\t\t\t\t<td>\n\t\t\t\t\t\t\tParlay 2 selecciones<\/td>\n\t\t\t\t\t\t<td>\n\t\t\t\t\t\t\t5%<\/td>\n\t\t\t\t\t<\/tr>\n\t\t\t\t\t<tr>\n\t\t\t\t\t\t<td>\n\t\t\t\t\t\t\tParlay 3 selecciones<\/td>\n\t\t\t\t\t\t<td>\n\t\t\t\t\t\t\t10%<\/td>\n\t\t\t\t\t<\/tr>\n\t\t\t\t\t<tr>\n\t\t\t\t\t\t<td>\n\t\t\t\t\t\t\tParlay 4 selecciones<\/td>\n\t\t\t\t\t\t<td>\n\t\t\t\t\t\t\t15%<\/td>\n\t\t\t\t\t<\/tr>\n\t\t\t\t\t<tr>\n\t\t\t\t\t\t<td>\n\t\t\t\t\t\t\tParlay 5 selecciones<\/td>\n\t\t\t\t\t\t<td>\n\t\t\t\t\t\t\t20%<\/td>\n\t\t\t\t\t<\/tr>\n\t\t\t\t\t<tr>\n\t\t\t\t\t\t<td>\n\t\t\t\t\t\t\tParlay 6 selecciones<\/td>\n\t\t\t\t\t\t<td>\n\t\t\t\t\t\t\t25%<\/td>\n\t\t\t\t\t<\/tr>\n\t\t\t\t\t<tr>\n\t\t\t\t\t\t<td>\n\t\t\t\t\t\t\tParlay 7 selecciones<\/td>\n\t\t\t\t\t\t<td>\n\t\t\t\t\t\t\t30%<\/td>\n\t\t\t\t\t<\/tr>\n\t\t\t\t\t<tr>\n\t\t\t\t\t\t<td>\n\t\t\t\t\t\t\tParlay 8 selecciones<\/td>\n\t\t\t\t\t\t<td>\n\t\t\t\t\t\t\t35%<\/td>\n\t\t\t\t\t<\/tr>\n\t\t\t\t\t<tr>\n\t\t\t\t\t\t<td>\n\t\t\t\t\t\t\tParlay 9 selecciones<\/td>\n\t\t\t\t\t\t<td>\n\t\t\t\t\t\t\t40%<\/td>\n\t\t\t\t\t<\/tr>\n\t\t\t\t\t<tr>\n\t\t\t\t\t\t<td>\n\t\t\t\t\t\t\tParlay 10 selecciones<\/td>\n\t\t\t\t\t\t<td>\n\t\t\t\t\t\t\t45%<\/td>\n\t\t\t\t\t<\/tr>\n\t\t\t\t\t<tr>\n\t\t\t\t\t\t<td>\n\t\t\t\t\t\t\tParlay 11 selecciones<\/td>\n\t\t\t\t\t\t<td>\n\t\t\t\t\t\t\t50%<\/td>\n\t\t\t\t\t<\/tr>\n\t\t\t\t\t<tr>\n\t\t\t\t\t\t<td>\n\t\t\t\t\t\t\tParlay 12 selecciones<\/td>\n\t\t\t\t\t\t<td>\n\t\t\t\t\t\t\t55%<\/td>\n\t\t\t\t\t<\/tr>\n\t\t\t\t\t<tr>\n\t\t\t\t\t\t<td>\n\t\t\t\t\t\t\tParlay 13 selecciones<\/td>\n\t\t\t\t\t\t<td>\n\t\t\t\t\t\t\t60%<\/td>\n\t\t\t\t\t<\/tr>\n\t\t\t\t\t<tr>\n\t\t\t\t\t\t<td>\n\t\t\t\t\t\t\tParlay 14 o m\u00e1s selecciones<\/td>\n\t\t\t\t\t\t<td>\n\t\t\t\t\t\t\t70%<\/td>\n\t\t\t\t\t<\/tr>\n\t\t\t\t<\/tbody>\n\t\t\t<\/table>\n<\/div>\n\n\n\n<p>&nbsp;<\/p>\n<div class=\"row\">\n<div class=\"col-md-6\">\n  <a class=\"btn btn-primary btn-lg btn-block\" style=\"background-color: #00e000;color: #001b32;font-weight: 800;margin-top: 15px; width: 12em\" target=\"_blank\" href=\"https:\/\/www.betcha.pa\/deportes\/promociones\/parlay-de-tenis\" rel=\"noopener\">VERIFICA AQU\u00cd<\/a>\n<\/div>\n<\/div>\n<p>&nbsp;<\/p>\n\n\n\n<p>&nbsp;<strong>T\u00e9rminos y Condiciones<\/strong><\/p>\n\n\n\n<ol class=\"wp-block-list\">\n<li>Esta promoci\u00f3n solo aplica para usuarios registrados mayores de edad<\/li>\n\n\n\n<li>La bonificaci\u00f3n se aplica a las ganancias de las apuestas parlay\u2019s<sup>1<\/sup>&nbsp;en pre-match<sup>2<\/sup>&nbsp;en partidos de individuales masculinos, individuales femeninos, dobles masculinos, dobles femeninos y dobles mixtos de los siguientes torneos:<\/li>\n<\/ol>\n\n\n\n<div class=\"row justify-content-center\">\n  <table class=\"GeneratedTable\">\n\t\t\t\t\t\t<thead>\n\t\t\t\t\t\t\t<tr>\n\t\t\t\t\t\t\t\t<th>\n\t\t\t\t\t\t\t\t\tTORNEO<\/th>\n\t\t\t\t\t\t\t<\/tr>\n\t\t\t\t\t\t<\/thead>\n\t\t\t\t\t\t<tbody>\n\t\t\t\t\t\t\t<tr>\n\t\t\t\t\t\t\t\t<td>\n\t\t\t\t\t\t\t\t\tATP Tour<\/td>\n\t\t\t\t\t\t\t<\/tr>\n\t\t\t\t\t\t\t<tr>\n\t\t\t\t\t\t\t\t<td>\n\t\t\t\t\t\t\t\t\tCopa Davis<\/td>\n\t\t\t\t\t\t\t<\/tr>\n\t\t\t\t\t\t\t<tr>\n\t\t\t\t\t\t\t\t<td>\n\t\t\t\t\t\t\t\t\tHopman Cup<\/td>\n\t\t\t\t\t\t\t<\/tr>\n\t\t\t\t\t\t\t<tr>\n\t\t\t\t\t\t\t\t<td>\n\t\t\t\t\t\t\t\t\tGrand Slam<\/td>\n\t\t\t\t\t\t\t<\/tr>\n\t\t\t\t\t\t\t<tr>\n\t\t\t\t\t\t\t\t<td>\n\t\t\t\t\t\t\t\t\tWTA Tour<\/td>\n\t\t\t\t\t\t\t<\/tr>\n\t\t\t\t\t\t<\/tbody>\n\t\t\t\t\t<\/table><\/div>\n\n\n\n<p>En los siguientes mercados Pre-match:<\/p>\n\n\n\n<div class=\"row justify-content-center\">\n  <table class=\"GeneratedTable\">\n\t\t\t\t\t\t<thead>\n\t\t\t\t\t\t\t<tr>\n\t\t\t\t\t\t\t\t<th>\n\t\t\t\t\t\t\t\t\tMERCADO<\/th>\n\t\t\t\t\t\t\t\t<th>\n\t\t\t\t\t\t\t\t\tDESCRIPCI\u00d3N<\/th>\n\t\t\t\t\t\t\t<\/tr>\n\t\t\t\t\t\t<\/thead>\n\t\t\t\t\t\t<tbody>\n\t\t\t\t\t\t\t<tr>\n\t\t\t\t\t\t\t\t<td>\n\t\t\t\t\t\t\t\t\tGanar\u00e1 el encuentro<\/td>\n\t\t\t\t\t\t\t\t<td>\n\t\t\t\t\t\t\t\t\tGanador del partido (1,2): Mercado de apuesta que consiste en acertar el ganador del encuentro sin importar el margen de puntos.<\/td>\n\t\t\t\t\t\t\t<\/tr>\n\t\t\t\t\t\t\t<tr>\n\t\t\t\t\t\t\t\t<td>\n\t\t\t\t\t\t\t\t\t1er set &#8211; Ganador<\/td>\n\t\t\t\t\t\t\t\t<td>\n\t\t\t\t\t\t\t\t\tDebe acertar el ganador del primer Set, ya sea que la victoria sea para el jugador local o victoria para el jugador visitante. La apuesta se considerar\u00e1 \u00abno acci\u00f3n\u00bb si no se llegara a completar el primer set.<\/td>\n\t\t\t\t\t\t\t<\/tr>\n\t\t\t\t\t\t\t<tr>\n\t\t\t\t\t\t\t\t<td>\n\t\t\t\t\t\t\t\t\tApuestas al set<\/td>\n\t\t\t\t\t\t\t\t<td>\n\t\t\t\t\t\t\t\t\tTodos los mercados directamente relacionados a la selecci\u00f3n &#8220;Apuestas Set&#8221;<\/td>\n\t\t\t\t\t\t\t<\/tr>\n\t\t\t\t\t\t<\/tbody>\n\t\t\t\t\t<\/table><\/div>\n\n\n\n<ol class=\"wp-block-list\" start=\"3\">\n<li>Apuestas en vivo y mercados alternativos (H\u00e1ndicap en vivo para el evento total y Totales) no son v\u00e1lidas para esta promoci\u00f3n. Como lo indica el punto 2 esta promoci\u00f3n s\u00f3lo es v\u00e1lida para apuestas en pre-match.<\/li>\n\n\n\n<li>Si alguna selecci\u00f3n se aplaza o anula, la bonificaci\u00f3n se aplicar\u00e1 igualmente, pero el porcentaje reflejar\u00e1 el n\u00famero real de selecciones ganadoras. Por ejemplo, una combinada de 8 encuentros con 7 ganadores y un partido aplazado recibir\u00e1 una bonificaci\u00f3n del 30%.<\/li>\n\n\n\n<li>La bonificaci\u00f3n m\u00e1xima es de $80,000.00 d\u00f3lares.<\/li>\n\n\n\n<li>La bonificaci\u00f3n alcanzada se abonar\u00e1 en su cuenta en las 72 horas posteriores al momento en que se defina la \u00faltima l\u00ednea del parlay participante. Dicho saldo se refleja en \u201csaldo real\u201d de la cuenta betcha.pa del usuario.<\/li>\n\n\n\n<li>Esta oferta no aplicar\u00e1 cuando una apuesta sea cerrada anticipadamente (cashout). En caso de que alguna o algunas de las l\u00edneas del parlay original se cerrara con cashout, estas no ser\u00e1n tenidas en cuenta para el c\u00e1lculo del bono a entregar. Se liquidar\u00e1 el bono con las l\u00edneas que al momento del cierre (cashout) ya hubiesen sido definidas como ganadoras.<\/li>\n\n\n\n<li>Cuando no se cumpla alg\u00fan t\u00e9rmino de la oferta o promoci\u00f3n o exista evidencia de que un mismo individuo o grupo de individuos ha realizado una serie de apuestas aprovech\u00e1ndose de una bonificaci\u00f3n de ingreso, pagos aumentados, apuestas gratuitas, apuestas sin riesgo o cualquier otra promoci\u00f3n que garanticen las ganancias, independientemente del resultado, tanto si es de manera individual o como parte de un grupo, Betcha.pa se reserva el derecho a retener la cantidad de la bonificaci\u00f3n de tales ofertas y determinar las apuestas con la cuota sin bonificar, anular las apuestas gratuitas y apuestas sin riesgo o anular cualquier apuesta realizada con fondos del \u2018Bono de bienvenida\u2019.<\/li>\n\n\n\n<li>Antes de proceder al abono de cualquier bonificaci\u00f3n, apuesta gratuita, apuesta sin riesgo u oferta en una cuenta, nos reservamos el derecho de exigir al cliente documentaci\u00f3n o prueba de su identidad.<\/li>\n\n\n\n<li>Para los usuarios en donde se detecte alg\u00fan movimiento o transacci\u00f3n dudosa a ra\u00edz del bono obtenido en esta promoci\u00f3n, sea de forma individual o en grupo, Betcha.pa podr\u00e1 suspender sus cuentas de juego con el fin de verificar su identidad y la veracidad de la informaci\u00f3n suministrada al momento del registro en la plataforma.<\/li>\n\n\n\n<li>Si se descubre un usuario o grupo de usuarios abusando del bono y del esp\u00edritu de la promoci\u00f3n, Betcha.pa se reserva el derecho de cancelar el bono para dichos usuarios, seg\u00fan T\u00e9rminos y Condiciones Generales numeral 4.6.12.<\/li>\n\n\n\n<li>Esta oferta no aplica en apuestas realizadas con bonos.<\/li>\n\n\n\n<li>Betcha.pa se reserva el derecho de cambiar, cancelar, reclamar o restringir cualquier promoci\u00f3n en caso de ser detectadas conductas contrarias al esp\u00edritu del juego limpio, o en el evento de que la promoci\u00f3n sea determinada para no continuar vigente, caso en el cual se deber\u00e1 informar de manera oportuna.<\/li>\n\n\n\n<li>El bono se calcula con base en el monto de las ganancias proyectadas, se excluye el monto de apuesta.<\/li>\n<\/ol>\n\n\n\n<p class=\"has-small-font-size\"><sup>1<\/sup>Parlay: Una apuesta combinada consiste en agrupar una serie de eventos, los cuales formar\u00e1n una \u00fanica apuesta. Es decir, si se apuesta a hacer una combinada con cuatro eventos deportivos, (si el usuario desea puede mezclar diferentes deportes) se est\u00e1 apostando sobre los 4 eventos simult\u00e1neamente como si fuesen un \u00fanico evento; por los tanto depende del acierto de todos para ganar, en caso de que falle uno, la apuesta resultar\u00e1 perdedora. La cantidad apostada ser\u00e1 indivisible entre los eventos.<\/p>\n\n\n\n<p class=\"has-small-font-size\"><sup>2<\/sup>Pre-match: es cualquier transacci\u00f3n de apuesta radicada o realizada previo al inicio de un evento.<\/p>\n\n\n\n<p class=\"has-small-font-size\"><sup>3<\/sup>H\u00e1ndicap: Apostar con H\u00e1ndicap es otorgar una ventaja o desventaja a tu equipo favorito, esa ventaja o desventaja puede ser de uno o m\u00e1s goles, varios tantos, puntos, etc. Este mercado de apuestas se puede presentar en cualquiera de los deportes ofertado en nuestra plataforma Betcha.pa<\/p>\n","protected":false},"excerpt":{"rendered":"<p>Promoci\u00f3n valida a partir de las 00:00 GTM-5&nbsp;del d\u00eda 06 junio de 2022&nbsp;y hasta que se d\u00e9 a conocer la revocatoria de la misma, empleando los mismos medios con los que se dio a conocer el inicio de esta o hasta agotar la disponibilidad de prestar el servicio. Hemos creado un nuevo Parlay para Tenis. [&hellip;]<\/p>\n","protected":false},"author":38,"featured_media":128929,"parent":38,"menu_order":7,"comment_status":"closed","ping_status":"closed","template":"","meta":{"_acf_changed":false,"footnotes":""},"categories":[105],"class_list":["post-128237","page","type-page","status-publish","has-post-thumbnail","hentry","category-deportes"],"acf":[],"_links":{"self":[{"href":"https:\/\/www.betcha.pa\/mas\/wp-json\/wp\/v2\/pages\/128237","targetHints":{"allow":["GET"]}}],"collection":[{"href":"https:\/\/www.betcha.pa\/mas\/wp-json\/wp\/v2\/pages"}],"about":[{"href":"https:\/\/www.betcha.pa\/mas\/wp-json\/wp\/v2\/types\/page"}],"author":[{"embeddable":true,"href":"https:\/\/www.betcha.pa\/mas\/wp-json\/wp\/v2\/users\/38"}],"replies":[{"embeddable":true,"href":"https:\/\/www.betcha.pa\/mas\/wp-json\/wp\/v2\/comments?post=128237"}],"version-history":[{"count":4,"href":"https:\/\/www.betcha.pa\/mas\/wp-json\/wp\/v2\/pages\/128237\/revisions"}],"predecessor-version":[{"id":128968,"href":"https:\/\/www.betcha.pa\/mas\/wp-json\/wp\/v2\/pages\/128237\/revisions\/128968"}],"up":[{"embeddable":true,"href":"https:\/\/www.betcha.pa\/mas\/wp-json\/wp\/v2\/pages\/38"}],"wp:featuredmedia":[{"embeddable":true,"href":"https:\/\/www.betcha.pa\/mas\/wp-json\/wp\/v2\/media\/128929"}],"wp:attachment":[{"href":"https:\/\/www.betcha.pa\/mas\/wp-json\/wp\/v2\/media?parent=128237"}],"wp:term":[{"taxonomy":"category","embeddable":true,"href":"https:\/\/www.betcha.pa\/mas\/wp-json\/wp\/v2\/categories?post=128237"}],"curies":[{"name":"wp","href":"https:\/\/api.w.org\/{rel}","templated":true}]}}