{"id":128216,"date":"2023-03-23T14:27:48","date_gmt":"2023-03-23T14:27:48","guid":{"rendered":"https:\/\/www.betcha.pa\/?page_id=128216"},"modified":"2024-12-02T11:20:23","modified_gmt":"2024-12-02T11:20:23","slug":"exclusiva-oferta-todos-los-clientes-nuevos-reciben-5-gratis-sin-deposito-al-registrarse","status":"publish","type":"page","link":"https:\/\/www.betcha.pa\/mas\/promociones\/exclusiva-oferta-todos-los-clientes-nuevos-reciben-5-gratis-sin-deposito-al-registrarse\/","title":{"rendered":"Exclusiva oferta: \u00a1Todos los clientes nuevos reciben\u00a0$5 GRATIS\u00a0sin dep\u00f3sito al registrarse!"},"content":{"rendered":"\n<p>Betcha.pa te trae toda la emoci\u00f3n de los deportes en directo sin importar en donde est\u00e9s. \u00a1Reg\u00edstrate hoy para recibir nuestra exclusiva promoci\u00f3n de $5 gratis sin dep\u00f3sito! Disfruta hoy mismo de esta exclusiva promoci\u00f3n sin dep\u00f3sito que Betcha.pa trae para ti.<\/p>\n\n\n\n<h3 class=\"wp-block-heading\">&nbsp;Es muy sencillo:<\/h3>\n\n\n\n<ol class=\"wp-block-list\">\n<li><strong>REGISTRA<\/strong>&nbsp;tu cuenta en Betcha.pa deportes.<\/li>\n\n\n\n<li><strong>CONFIRMA<\/strong>&nbsp;tu cuenta a trav\u00e9s del SMS que recibir\u00e1s en tu m\u00f3vil.<\/li>\n\n\n\n<li><strong>INGRESA<\/strong>&nbsp;el NIP y accesa tu cuenta<\/li>\n\n\n\n<li><strong>\u00a1DISFRUTA<\/strong>&nbsp;de un bono gratis de $5!<\/li>\n<\/ol>\n\n\n\n<p>\u00a1No dejes pasar esta oportunidad y convi\u00e9rtete en un ganador con Betcha.pa!<\/p>\n\n\n\n<div class=\"row\">\n<div class=\"col-md-6\">\n  <a class=\"btn btn-primary btn-lg btn-block\" style=\"background-color: #00e000;color: #001b32;font-weight: 800;margin-top: 15px; width: 12em\" target=\"_blank\" href=\"https:\/\/www.betcha.pa\/deportes\/promociones\/bono-para-nuevos-usuarios\" rel=\"noopener\">VERIFICA AQU\u00cd<\/a>\n<\/div>\n<\/div>\n<p>&nbsp;<\/p>\n\n\n\n<h3 class=\"wp-block-heading\">&nbsp;T\u00e9rminos de Bonos<\/h3>\n\n\n\n<ol class=\"wp-block-list\">\n<li>A partir del 18 de enero de 2022 estar\u00e1 disponible el Bono Gratis sin dep\u00f3sito de $5 para todas las cuentas nuevas de Betcha.pa Deportes<\/li>\n\n\n\n<li>El cliente recibir\u00e1 $5 al registrarse, s\u00f3lo para usuarios nuevos.<\/li>\n\n\n\n<li>S\u00f3lo podr\u00e1 utilizar el bono gratuito en Sportsbook (Deportes).<\/li>\n\n\n\n<li>Para liberar el bono se deben cumplir con requisitos de apuesta de 8x y tener al menos 8 apuestas v\u00e1lidas que contribuyan.<\/li>\n\n\n\n<li>Las apuestas que contribuyen para liberar el bono deben colocarse sobre una selecci\u00f3n con probabilidades entre +100 (1\/1) y +2000 (20\/1).<\/li>\n\n\n\n<li>Las apuestas de bonos gratis est\u00e1n condicionados a participaci\u00f3n. El importe m\u00e1ximo que se puede retirar como ganancias netas del bono es de $5 y deber\u00e1 realizar un dep\u00f3sito para poder retirar.<\/li>\n\n\n\n<li>Las apuestas en Eventos Virtuales (Soccer Virtual, Tenis Virtual, Basquetbol Virtual, Galgos Virtuales, Caballos Virtuales, Ciclismo Virtual, Motos Virtuales) no contar\u00e1n para el requisito de apuesta.<\/li>\n\n\n\n<li>Betcha.pa se reserva el derecho de cancelar el bono y cualquier ganancia en caso de que sospeche que los clientes poseen registros de cuentas duplicadas con el \u00fanico prop\u00f3sito de reclamar este bono.<\/li>\n\n\n\n<li>Estos T\u00e9rminos y Condiciones son parte de los T\u00e9rminos y Condiciones Generales de Betcha.pa.<\/li>\n\n\n\n<li>El bono para la apuesta gratuita expirar\u00e1 7 d\u00edas despu\u00e9s de su emisi\u00f3n.<\/li>\n\n\n\n<li>Si se solicita un retiro antes de cumplir con los requisitos de apuesta, bono y ganancias generadas pueden ser cancelados.<\/li>\n\n\n\n<li>Si no se cumplen los requisitos de apuesta dentro del plazo establecido, bono y ganancias generadas pueden ser cancelados.<\/li>\n\n\n\n<li>Las apuestas nulas no cuentan como una apuesta de clasificaci\u00f3n v\u00e1lida para esta promoci\u00f3n.<\/li>\n\n\n\n<li>S\u00f3lo jugadores de Panam\u00e1 son elegibles para esta oferta.<\/li>\n\n\n\n<li>Esta bonificaci\u00f3n no se aplicar\u00e1 en aquellos casos en los que haya recuperado una apuesta en su totalidad o parcialmente.<\/li>\n\n\n\n<li>No contribuyen a los requisitos de apuesta, selecciones a los mercados Par\/Impar, a un mismo evento, mercado, o apuestas interrelacionadas entre s\u00ed.<\/li>\n\n\n\n<li>Existe un plazo m\u00e1ximo de 7 d\u00edas h\u00e1biles para reclamar cualquier bonificaci\u00f3n.<\/li>\n\n\n\n<li>Al solicitar un retiro de las ganancias del bono, deber\u00e1 enviar los documentos necesarios para validar su cuenta y procesar su retiro.<\/li>\n\n\n\n<li>Para consultar el progreso del Bono ingresa a: Mi Cuenta &gt; Bono &gt; Bonos Activos<\/li>\n<\/ol>\n","protected":false},"excerpt":{"rendered":"<p>Betcha.pa te trae toda la emoci\u00f3n de los deportes en directo sin importar en donde est\u00e9s. \u00a1Reg\u00edstrate hoy para recibir nuestra exclusiva promoci\u00f3n de $5 gratis sin dep\u00f3sito! Disfruta hoy mismo de esta exclusiva promoci\u00f3n sin dep\u00f3sito que Betcha.pa trae para ti. &nbsp;Es muy sencillo: \u00a1No dejes pasar esta oportunidad y convi\u00e9rtete en un ganador [&hellip;]<\/p>\n","protected":false},"author":38,"featured_media":128212,"parent":38,"menu_order":0,"comment_status":"closed","ping_status":"closed","template":"","meta":{"_acf_changed":false,"footnotes":""},"categories":[],"class_list":["post-128216","page","type-page","status-publish","has-post-thumbnail","hentry"],"acf":[],"_links":{"self":[{"href":"https:\/\/www.betcha.pa\/mas\/wp-json\/wp\/v2\/pages\/128216","targetHints":{"allow":["GET"]}}],"collection":[{"href":"https:\/\/www.betcha.pa\/mas\/wp-json\/wp\/v2\/pages"}],"about":[{"href":"https:\/\/www.betcha.pa\/mas\/wp-json\/wp\/v2\/types\/page"}],"author":[{"embeddable":true,"href":"https:\/\/www.betcha.pa\/mas\/wp-json\/wp\/v2\/users\/38"}],"replies":[{"embeddable":true,"href":"https:\/\/www.betcha.pa\/mas\/wp-json\/wp\/v2\/comments?post=128216"}],"version-history":[{"count":4,"href":"https:\/\/www.betcha.pa\/mas\/wp-json\/wp\/v2\/pages\/128216\/revisions"}],"predecessor-version":[{"id":128533,"href":"https:\/\/www.betcha.pa\/mas\/wp-json\/wp\/v2\/pages\/128216\/revisions\/128533"}],"up":[{"embeddable":true,"href":"https:\/\/www.betcha.pa\/mas\/wp-json\/wp\/v2\/pages\/38"}],"wp:featuredmedia":[{"embeddable":true,"href":"https:\/\/www.betcha.pa\/mas\/wp-json\/wp\/v2\/media\/128212"}],"wp:attachment":[{"href":"https:\/\/www.betcha.pa\/mas\/wp-json\/wp\/v2\/media?parent=128216"}],"wp:term":[{"taxonomy":"category","embeddable":true,"href":"https:\/\/www.betcha.pa\/mas\/wp-json\/wp\/v2\/categories?post=128216"}],"curies":[{"name":"wp","href":"https:\/\/api.w.org\/{rel}","templated":true}]}}